{"id":387175,"date":"2025-05-18T21:43:24","date_gmt":"2025-05-18T21:43:24","guid":{"rendered":"https:\/\/staging2.stylingagenten.com\/no\/produkt\/maria-nila-colour-refresh-0-00-white-mix-100ml\/"},"modified":"2026-03-26T21:28:59","modified_gmt":"2026-03-26T21:28:59","slug":"maria-nila-colour-refresh-0-00-white-mix-100ml","status":"publish","type":"product","link":"https:\/\/stylingagenten.com\/no\/produkt\/maria-nila-colour-refresh-0-00-white-mix-100ml\/","title":{"rendered":"Maria Nila Colour Refresh 0.00 White Mix 100ml"},"content":{"rendered":"<p>En pleiende n\u00f8ytral innpakning uten fargepigmenter som raskt frisker opp h\u00e5ret og gir intens glans. Innpakningen er mykgj\u00f8rende og reduserer frizz for et silkemykt resultat. White Mix kan ogs\u00e5 blandes med andre farger fra Color Refresh for \u00e5 lage pastellfarger. Perfekt \u00e5 bruke mellom salongbes\u00f8k eller f\u00f8r en spesiell begivenhet.<\/p>\n","protected":false},"excerpt":{"rendered":"<p>En pleiende n\u00f8ytral innpakning uten fargepigmenter som raskt frisker opp h\u00e5ret og gir intens glans. Innpakningen er mykgj\u00f8rende og reduserer frizz for et silkemykt resultat. White Mix kan ogs\u00e5 blandes med andre farger fra Color Refresh for \u00e5 lage pastellfarger. Perfekt \u00e5 bruke mellom salongbes\u00f8k eller f\u00f8r en spesiell begivenhet.<\/p>\n","protected":false},"featured_media":387171,"comment_status":"open","ping_status":"closed","template":"","meta":{"_trash_the_other_posts":false},"product_brand":[],"product_cat":[602],"product_tag":[3386],"berocket_brand":[1388],"class_list":{"0":"post-387175","1":"product","2":"type-product","3":"status-publish","4":"has-post-thumbnail","6":"product_cat-fargebombe","7":"product_tag-maria-nila-colour-refresh-0-00-white-mix","8":"pa_brand-maria-nila","9":"pa_variant-100ml","10":"berocket_brand-maria-nila","12":"first","13":"outofstock","14":"taxable","15":"shipping-taxable","16":"purchasable","17":"product-type-simple"},"_links":{"self":[{"href":"https:\/\/stylingagenten.com\/no\/wp-json\/wp\/v2\/product\/387175","targetHints":{"allow":["GET"]}}],"collection":[{"href":"https:\/\/stylingagenten.com\/no\/wp-json\/wp\/v2\/product"}],"about":[{"href":"https:\/\/stylingagenten.com\/no\/wp-json\/wp\/v2\/types\/product"}],"replies":[{"embeddable":true,"href":"https:\/\/stylingagenten.com\/no\/wp-json\/wp\/v2\/comments?post=387175"}],"version-history":[{"count":0,"href":"https:\/\/stylingagenten.com\/no\/wp-json\/wp\/v2\/product\/387175\/revisions"}],"wp:featuredmedia":[{"embeddable":true,"href":"https:\/\/stylingagenten.com\/no\/wp-json\/wp\/v2\/media\/387171"}],"wp:attachment":[{"href":"https:\/\/stylingagenten.com\/no\/wp-json\/wp\/v2\/media?parent=387175"}],"wp:term":[{"taxonomy":"product_brand","embeddable":true,"href":"https:\/\/stylingagenten.com\/no\/wp-json\/wp\/v2\/product_brand?post=387175"},{"taxonomy":"product_cat","embeddable":true,"href":"https:\/\/stylingagenten.com\/no\/wp-json\/wp\/v2\/product_cat?post=387175"},{"taxonomy":"product_tag","embeddable":true,"href":"https:\/\/stylingagenten.com\/no\/wp-json\/wp\/v2\/product_tag?post=387175"},{"taxonomy":"berocket_brand","embeddable":true,"href":"https:\/\/stylingagenten.com\/no\/wp-json\/wp\/v2\/berocket_brand?post=387175"}],"curies":[{"name":"wp","href":"https:\/\/api.w.org\/{rel}","templated":true}]}}