{"id":387168,"date":"2025-05-18T21:43:22","date_gmt":"2025-05-18T21:43:22","guid":{"rendered":"https:\/\/staging2.stylingagenten.com\/no\/produkt\/maria-nila-colour-refresh-9-22-lavender-100ml\/"},"modified":"2026-03-11T21:49:38","modified_gmt":"2026-03-11T21:49:38","slug":"maria-nila-colour-refresh-9-22-lavender-100ml","status":"publish","type":"product","link":"https:\/\/stylingagenten.com\/no\/produkt\/maria-nila-colour-refresh-9-22-lavender-100ml\/","title":{"rendered":"Maria Nila Colour Refresh 9.22 Lavender 100ml"},"content":{"rendered":"<p>En pleiende innpakning med midlertidige fargepigmenter som raskt frisker opp h\u00e5rfargen og gir lavendeltoner. En ekte fargebombe med arganolje som myker opp og reduserer frizz for et silkemykt resultat. Alle farger kan blandes med White Mix for \u00e5 lage pastellfarger, eller bland forskjellige farger for \u00e5 skape en unik nyanse. Perfekt \u00e5 bruke mellom salongbes\u00f8k eller f\u00f8r en spesiell begivenhet.<\/p>\n<p>Egenskaper og forventede resultater<br \/>&#8211; Passer for blondt h\u00e5r (niv\u00e5 7-10)<br \/>&#8211; Effekten er ikke like intens p\u00e5 m\u00f8rkt h\u00e5r<br \/> &#8211; M\u00e5 ikke brukes f\u00f8r noen form for blekebehandling da dette kan for\u00e5rsake misfarging<br \/>&#8211; Dekker ikke gr\u00e5tt h\u00e5r<\/p>\n","protected":false},"excerpt":{"rendered":"<p>En pleiende innpakning med midlertidige fargepigmenter som raskt frisker opp h\u00e5rfargen og gir lavendeltoner. En ekte fargebombe med arganolje som myker opp og reduserer frizz for et silkemykt resultat. Alle farger kan blandes med White Mix for \u00e5 lage pastellfarger, eller bland forskjellige farger for \u00e5 skape en unik nyanse. Perfekt \u00e5 bruke mellom salongbes\u00f8k [&hellip;]<\/p>\n","protected":false},"featured_media":387151,"comment_status":"open","ping_status":"closed","template":"","meta":{"_trash_the_other_posts":false},"product_brand":[],"product_cat":[602],"product_tag":[3399],"berocket_brand":[1388],"class_list":{"0":"post-387168","1":"product","2":"type-product","3":"status-publish","4":"has-post-thumbnail","6":"product_cat-fargebombe","7":"product_tag-maria-nila-colour-refresh-9-22-lavender","8":"pa_brand-maria-nila","9":"pa_variant-100ml","10":"berocket_brand-maria-nila","12":"first","13":"instock","14":"taxable","15":"shipping-taxable","16":"purchasable","17":"product-type-simple"},"_links":{"self":[{"href":"https:\/\/stylingagenten.com\/no\/wp-json\/wp\/v2\/product\/387168","targetHints":{"allow":["GET"]}}],"collection":[{"href":"https:\/\/stylingagenten.com\/no\/wp-json\/wp\/v2\/product"}],"about":[{"href":"https:\/\/stylingagenten.com\/no\/wp-json\/wp\/v2\/types\/product"}],"replies":[{"embeddable":true,"href":"https:\/\/stylingagenten.com\/no\/wp-json\/wp\/v2\/comments?post=387168"}],"version-history":[{"count":0,"href":"https:\/\/stylingagenten.com\/no\/wp-json\/wp\/v2\/product\/387168\/revisions"}],"wp:featuredmedia":[{"embeddable":true,"href":"https:\/\/stylingagenten.com\/no\/wp-json\/wp\/v2\/media\/387151"}],"wp:attachment":[{"href":"https:\/\/stylingagenten.com\/no\/wp-json\/wp\/v2\/media?parent=387168"}],"wp:term":[{"taxonomy":"product_brand","embeddable":true,"href":"https:\/\/stylingagenten.com\/no\/wp-json\/wp\/v2\/product_brand?post=387168"},{"taxonomy":"product_cat","embeddable":true,"href":"https:\/\/stylingagenten.com\/no\/wp-json\/wp\/v2\/product_cat?post=387168"},{"taxonomy":"product_tag","embeddable":true,"href":"https:\/\/stylingagenten.com\/no\/wp-json\/wp\/v2\/product_tag?post=387168"},{"taxonomy":"berocket_brand","embeddable":true,"href":"https:\/\/stylingagenten.com\/no\/wp-json\/wp\/v2\/berocket_brand?post=387168"}],"curies":[{"name":"wp","href":"https:\/\/api.w.org\/{rel}","templated":true}]}}