{"id":387130,"date":"2025-05-18T21:43:17","date_gmt":"2025-05-18T21:43:17","guid":{"rendered":"https:\/\/staging2.stylingagenten.com\/no\/produkt\/revlon-nutri-color-821-silver-beige-100ml\/"},"modified":"2026-04-10T15:58:37","modified_gmt":"2026-04-10T15:58:37","slug":"revlon-nutri-color-821-silver-beige-100ml","status":"publish","type":"product","link":"https:\/\/stylingagenten.com\/no\/produkt\/revlon-nutri-color-821-silver-beige-100ml\/","title":{"rendered":"Revlon Nutri Color 821 Silver Beige 100ml"},"content":{"rendered":"<p>Intens farge, pleie og glans. Med v\u00e5re klare farger v\u00e5ger du \u00e5 n\u00e5 langt med den nye INSTA-PIC-teknologien 3-i-1: Intens farge, pleie og glans i en unik tekstur som \u00e5pner for en verden av multikromatiske muligheter. Det er p\u00e5 tide \u00e5 se farger gjennom en annen linse. Zoom inn p\u00e5 omsorg og zoom ut p\u00e5 farger og glans. NUTRI COLOR \u2122 FILTRE N\u00e6rende, intense farger!<\/p>\n<p>Bruk: Fordel i sjamponert og h\u00e5ndklet\u00f8rt h\u00e5r. La virke i 3 minutter for \u00e5 friske opp fargen og opptil 15 minutter for en dypere toning.<\/p>\n<p>100ml<\/p>\n","protected":false},"excerpt":{"rendered":"<p>Intens farge, pleie og glans. Med v\u00e5re klare farger v\u00e5ger du \u00e5 n\u00e5 langt med den nye INSTA-PIC-teknologien 3-i-1: Intens farge, pleie og glans i en unik tekstur som \u00e5pner for en verden av multikromatiske muligheter. Det er p\u00e5 tide \u00e5 se farger gjennom en annen linse. Zoom inn p\u00e5 omsorg og zoom ut p\u00e5 [&hellip;]<\/p>\n","protected":false},"featured_media":387128,"comment_status":"open","ping_status":"closed","template":"","meta":{"_trash_the_other_posts":false},"product_brand":[],"product_cat":[602],"product_tag":[3920],"berocket_brand":[1040],"class_list":{"0":"post-387130","1":"product","2":"type-product","3":"status-publish","4":"has-post-thumbnail","6":"product_cat-fargebombe","7":"product_tag-revlon-nutri-color-821-silver-beige","8":"pa_brand-revlon","9":"pa_variant-100ml","10":"berocket_brand-revlon","12":"first","13":"outofstock","14":"sale","15":"taxable","16":"shipping-taxable","17":"purchasable","18":"product-type-simple"},"_links":{"self":[{"href":"https:\/\/stylingagenten.com\/no\/wp-json\/wp\/v2\/product\/387130","targetHints":{"allow":["GET"]}}],"collection":[{"href":"https:\/\/stylingagenten.com\/no\/wp-json\/wp\/v2\/product"}],"about":[{"href":"https:\/\/stylingagenten.com\/no\/wp-json\/wp\/v2\/types\/product"}],"replies":[{"embeddable":true,"href":"https:\/\/stylingagenten.com\/no\/wp-json\/wp\/v2\/comments?post=387130"}],"version-history":[{"count":0,"href":"https:\/\/stylingagenten.com\/no\/wp-json\/wp\/v2\/product\/387130\/revisions"}],"wp:featuredmedia":[{"embeddable":true,"href":"https:\/\/stylingagenten.com\/no\/wp-json\/wp\/v2\/media\/387128"}],"wp:attachment":[{"href":"https:\/\/stylingagenten.com\/no\/wp-json\/wp\/v2\/media?parent=387130"}],"wp:term":[{"taxonomy":"product_brand","embeddable":true,"href":"https:\/\/stylingagenten.com\/no\/wp-json\/wp\/v2\/product_brand?post=387130"},{"taxonomy":"product_cat","embeddable":true,"href":"https:\/\/stylingagenten.com\/no\/wp-json\/wp\/v2\/product_cat?post=387130"},{"taxonomy":"product_tag","embeddable":true,"href":"https:\/\/stylingagenten.com\/no\/wp-json\/wp\/v2\/product_tag?post=387130"},{"taxonomy":"berocket_brand","embeddable":true,"href":"https:\/\/stylingagenten.com\/no\/wp-json\/wp\/v2\/berocket_brand?post=387130"}],"curies":[{"name":"wp","href":"https:\/\/api.w.org\/{rel}","templated":true}]}}