{"id":386932,"date":"2025-05-18T21:42:37","date_gmt":"2025-05-18T21:42:37","guid":{"rendered":"https:\/\/staging2.stylingagenten.com\/no\/produkt\/beauty-uk-photo-ready-foundation-no-2-fair\/"},"modified":"2025-12-18T21:37:49","modified_gmt":"2025-12-18T21:37:49","slug":"beauty-uk-photo-ready-foundation-no-2-fair","status":"publish","type":"product","link":"https:\/\/stylingagenten.com\/no\/produkt\/beauty-uk-photo-ready-foundation-no-2-fair\/","title":{"rendered":"Beauty UK Photo.ready Foundation No.2 &#8211; Fair"},"content":{"rendered":"<p>Denne vitaminanrikede, parabenfrie, heldekkende foundationen gir en feilfri finish designet for \u00e5 vare hele dagen.<br \/>Den glatte formelen inneholder vitamin A, C og E for \u00e5 gi n\u00e6ring til huden og er helt fri for skadelige parabener.<\/p>\n","protected":false},"excerpt":{"rendered":"<p>Denne vitaminanrikede, parabenfrie, heldekkende foundationen gir en feilfri finish designet for \u00e5 vare hele dagen.Den glatte formelen inneholder vitamin A, C og E for \u00e5 gi n\u00e6ring til huden og er helt fri for skadelige parabener.<\/p>\n","protected":false},"featured_media":386931,"comment_status":"open","ping_status":"closed","template":"","meta":{"_trash_the_other_posts":false},"product_brand":[],"product_cat":[579],"product_tag":[2515],"berocket_brand":[1059],"class_list":{"0":"post-386932","1":"product","2":"type-product","3":"status-publish","4":"has-post-thumbnail","6":"product_cat-foundation","7":"product_tag-beauty-uk-photo-ready-foundation","8":"pa_brand-beautyuk","9":"pa_variant-no-2-fair","10":"berocket_brand-beautyuk","12":"first","13":"instock","14":"sale","15":"taxable","16":"shipping-taxable","17":"purchasable","18":"product-type-simple"},"_links":{"self":[{"href":"https:\/\/stylingagenten.com\/no\/wp-json\/wp\/v2\/product\/386932","targetHints":{"allow":["GET"]}}],"collection":[{"href":"https:\/\/stylingagenten.com\/no\/wp-json\/wp\/v2\/product"}],"about":[{"href":"https:\/\/stylingagenten.com\/no\/wp-json\/wp\/v2\/types\/product"}],"replies":[{"embeddable":true,"href":"https:\/\/stylingagenten.com\/no\/wp-json\/wp\/v2\/comments?post=386932"}],"version-history":[{"count":0,"href":"https:\/\/stylingagenten.com\/no\/wp-json\/wp\/v2\/product\/386932\/revisions"}],"wp:featuredmedia":[{"embeddable":true,"href":"https:\/\/stylingagenten.com\/no\/wp-json\/wp\/v2\/media\/386931"}],"wp:attachment":[{"href":"https:\/\/stylingagenten.com\/no\/wp-json\/wp\/v2\/media?parent=386932"}],"wp:term":[{"taxonomy":"product_brand","embeddable":true,"href":"https:\/\/stylingagenten.com\/no\/wp-json\/wp\/v2\/product_brand?post=386932"},{"taxonomy":"product_cat","embeddable":true,"href":"https:\/\/stylingagenten.com\/no\/wp-json\/wp\/v2\/product_cat?post=386932"},{"taxonomy":"product_tag","embeddable":true,"href":"https:\/\/stylingagenten.com\/no\/wp-json\/wp\/v2\/product_tag?post=386932"},{"taxonomy":"berocket_brand","embeddable":true,"href":"https:\/\/stylingagenten.com\/no\/wp-json\/wp\/v2\/berocket_brand?post=386932"}],"curies":[{"name":"wp","href":"https:\/\/api.w.org\/{rel}","templated":true}]}}