{"id":386926,"date":"2025-05-18T21:42:36","date_gmt":"2025-05-18T21:42:36","guid":{"rendered":"https:\/\/staging2.stylingagenten.com\/no\/produkt\/maybelline-fit-me-matte-poreless-foundation-120-classic-ivory\/"},"modified":"2026-03-31T15:39:06","modified_gmt":"2026-03-31T15:39:06","slug":"maybelline-fit-me-matte-poreless-foundation-120-classic-ivory","status":"publish","type":"product","link":"https:\/\/stylingagenten.com\/no\/produkt\/maybelline-fit-me-matte-poreless-foundation-120-classic-ivory\/","title":{"rendered":"Maybelline Fit Me Matte + Poreless Foundation- 120 Classic Ivory"},"content":{"rendered":"<p>Maybelline Fit me Matte &amp; Poreless Foundation gir en matt finish og reduserer synligheten av porene.<br \/>Formelen er oljefri og har en gjennomsiktig primerbase som gir en naturlig dekning som lar hudtonen skinne gjennom.<br \/>P\u00e5f\u00f8res over hele ansiktet med fingertuppene eller ved hjelp av en foundationb\u00f8rste eller svamp. Spesielt egnet for normal til fet hud.&nbsp;<\/p>\n<p>30 ml<\/p>\n","protected":false},"excerpt":{"rendered":"<p>Maybelline Fit me Matte &amp; Poreless Foundation gir en matt finish og reduserer synligheten av porene.Formelen er oljefri og har en gjennomsiktig primerbase som gir en naturlig dekning som lar hudtonen skinne gjennom.P\u00e5f\u00f8res over hele ansiktet med fingertuppene eller ved hjelp av en foundationb\u00f8rste eller svamp. Spesielt egnet for normal til fet hud.&nbsp; 30 ml<\/p>\n","protected":false},"featured_media":386925,"comment_status":"open","ping_status":"closed","template":"","meta":{"_trash_the_other_posts":false},"product_brand":[],"product_cat":[579],"product_tag":[3499],"berocket_brand":[1016],"class_list":{"0":"post-386926","1":"product","2":"type-product","3":"status-publish","4":"has-post-thumbnail","6":"product_cat-foundation","7":"product_tag-maybelline-fit-me-matte-poreless-foundation","8":"pa_brand-maybelline","9":"pa_variant-120-classic-ivory","10":"berocket_brand-maybelline","12":"first","13":"outofstock","14":"sale","15":"taxable","16":"shipping-taxable","17":"purchasable","18":"product-type-simple"},"_links":{"self":[{"href":"https:\/\/stylingagenten.com\/no\/wp-json\/wp\/v2\/product\/386926","targetHints":{"allow":["GET"]}}],"collection":[{"href":"https:\/\/stylingagenten.com\/no\/wp-json\/wp\/v2\/product"}],"about":[{"href":"https:\/\/stylingagenten.com\/no\/wp-json\/wp\/v2\/types\/product"}],"replies":[{"embeddable":true,"href":"https:\/\/stylingagenten.com\/no\/wp-json\/wp\/v2\/comments?post=386926"}],"version-history":[{"count":0,"href":"https:\/\/stylingagenten.com\/no\/wp-json\/wp\/v2\/product\/386926\/revisions"}],"wp:featuredmedia":[{"embeddable":true,"href":"https:\/\/stylingagenten.com\/no\/wp-json\/wp\/v2\/media\/386925"}],"wp:attachment":[{"href":"https:\/\/stylingagenten.com\/no\/wp-json\/wp\/v2\/media?parent=386926"}],"wp:term":[{"taxonomy":"product_brand","embeddable":true,"href":"https:\/\/stylingagenten.com\/no\/wp-json\/wp\/v2\/product_brand?post=386926"},{"taxonomy":"product_cat","embeddable":true,"href":"https:\/\/stylingagenten.com\/no\/wp-json\/wp\/v2\/product_cat?post=386926"},{"taxonomy":"product_tag","embeddable":true,"href":"https:\/\/stylingagenten.com\/no\/wp-json\/wp\/v2\/product_tag?post=386926"},{"taxonomy":"berocket_brand","embeddable":true,"href":"https:\/\/stylingagenten.com\/no\/wp-json\/wp\/v2\/berocket_brand?post=386926"}],"curies":[{"name":"wp","href":"https:\/\/api.w.org\/{rel}","templated":true}]}}