{"id":386900,"date":"2025-05-18T21:42:29","date_gmt":"2025-05-18T21:42:29","guid":{"rendered":"https:\/\/staging2.stylingagenten.com\/no\/produkt\/bare-minerals-foundation-matte-fairly-light-6g\/"},"modified":"2026-03-24T14:06:35","modified_gmt":"2026-03-24T14:06:35","slug":"bare-minerals-foundation-matte-fairly-light-6g","status":"publish","type":"product","link":"https:\/\/stylingagenten.com\/no\/produkt\/bare-minerals-foundation-matte-fairly-light-6g\/","title":{"rendered":"Bare Minerals Foundation Matte Fairly Light 6g"},"content":{"rendered":"<p>&nbsp;Bare Minerals Foundation Matte Fairly Light 6g<\/p>\n<p>For hvem? Passer alle hudtyper, men ideell for normal til fet\/kombinert hud som lett blir blank. Kan ogs\u00e5 brukes av personer med sensitiv og reaktiv hud eller med allergier.<\/p>\n<p>Den banebrytende formelen inneholder alle fordelene til Original Foundation, samt det nye RareMinerals ActiveSoil Complex som reduserer porene, Stimulerer cellefornyelse, beskytter mot ytre stress og gir klarere og mer levende hud. Naturlige mineraler med innebygd solbeskyttelse, n\u00e6rende planteaminosyrer og mineralbaserte oljeabsorberende ingredienser gir sammen en fl\u00f8yelsmyk, naturlig matt finish som varer hele dagen og bevarer fuktigheten i huden. Matte Foundation passer for alle hudtyper, men er ideell for normal til fet\/kombinert hud som lett blir skinnende.<\/p>\n<p><strong>Hvordan bruke:<\/strong> P\u00e5f\u00f8r med bareMinerals kabuki b\u00f8rste for best resultat. Arbeid i et jevnt lag ved \u00e5 jobbe med b\u00f8rsten i oppadg\u00e5ende, sirkul\u00e6re bevegelser.<\/p>\n","protected":false},"excerpt":{"rendered":"<p>&nbsp;Bare Minerals Foundation Matte Fairly Light 6g For hvem? Passer alle hudtyper, men ideell for normal til fet\/kombinert hud som lett blir blank. Kan ogs\u00e5 brukes av personer med sensitiv og reaktiv hud eller med allergier. Den banebrytende formelen inneholder alle fordelene til Original Foundation, samt det nye RareMinerals ActiveSoil Complex som reduserer porene, Stimulerer [&hellip;]<\/p>\n","protected":false},"featured_media":386894,"comment_status":"open","ping_status":"closed","template":"","meta":{"_trash_the_other_posts":false},"product_brand":[],"product_cat":[579,718],"product_tag":[2463],"berocket_brand":[1256],"class_list":{"0":"post-386900","1":"product","2":"type-product","3":"status-publish","4":"has-post-thumbnail","6":"product_cat-foundation","7":"product_cat-pudderfoundation","8":"product_tag-bare-minerals-foundation-matte-6g","9":"pa_brand-bareminerals","10":"pa_variant-fairly-light","11":"berocket_brand-bareminerals","13":"first","14":"instock","15":"sale","16":"taxable","17":"shipping-taxable","18":"purchasable","19":"product-type-simple"},"_links":{"self":[{"href":"https:\/\/stylingagenten.com\/no\/wp-json\/wp\/v2\/product\/386900","targetHints":{"allow":["GET"]}}],"collection":[{"href":"https:\/\/stylingagenten.com\/no\/wp-json\/wp\/v2\/product"}],"about":[{"href":"https:\/\/stylingagenten.com\/no\/wp-json\/wp\/v2\/types\/product"}],"replies":[{"embeddable":true,"href":"https:\/\/stylingagenten.com\/no\/wp-json\/wp\/v2\/comments?post=386900"}],"version-history":[{"count":0,"href":"https:\/\/stylingagenten.com\/no\/wp-json\/wp\/v2\/product\/386900\/revisions"}],"wp:featuredmedia":[{"embeddable":true,"href":"https:\/\/stylingagenten.com\/no\/wp-json\/wp\/v2\/media\/386894"}],"wp:attachment":[{"href":"https:\/\/stylingagenten.com\/no\/wp-json\/wp\/v2\/media?parent=386900"}],"wp:term":[{"taxonomy":"product_brand","embeddable":true,"href":"https:\/\/stylingagenten.com\/no\/wp-json\/wp\/v2\/product_brand?post=386900"},{"taxonomy":"product_cat","embeddable":true,"href":"https:\/\/stylingagenten.com\/no\/wp-json\/wp\/v2\/product_cat?post=386900"},{"taxonomy":"product_tag","embeddable":true,"href":"https:\/\/stylingagenten.com\/no\/wp-json\/wp\/v2\/product_tag?post=386900"},{"taxonomy":"berocket_brand","embeddable":true,"href":"https:\/\/stylingagenten.com\/no\/wp-json\/wp\/v2\/berocket_brand?post=386900"}],"curies":[{"name":"wp","href":"https:\/\/api.w.org\/{rel}","templated":true}]}}