{"id":386826,"date":"2025-05-18T21:42:14","date_gmt":"2025-05-18T21:42:14","guid":{"rendered":"https:\/\/staging2.stylingagenten.com\/no\/produkt\/max-factor-lasting-performance-102-pastelle\/"},"modified":"2026-04-02T10:08:47","modified_gmt":"2026-04-02T10:08:47","slug":"max-factor-lasting-performance-102-pastelle","status":"publish","type":"product","link":"https:\/\/stylingagenten.com\/no\/produkt\/max-factor-lasting-performance-102-pastelle\/","title":{"rendered":"Max Factor Lasting Performance 102 Pastelle"},"content":{"rendered":"<p>Foundation Max Factor Lasting Performance 102 Pastell holder seg hele dagen, fast og ber\u00f8ringsbestandig. Med et perfekt resultat som varer i minst 8 timer, vil huden din se og f\u00f8les friskere ut lenger. Motstandsdyktig mot ber\u00f8ring og i motsetning til andre oljebaserte foundations, tetter den ikke til porene eller irriterer sensitiv hud.<\/p>\n<p>Tips! Hvis du foretrekker flytende foundation, gj\u00f8r det til en vane \u00e5 alltid riste flasken f\u00f8r p\u00e5f\u00f8ring. Fargepigmenter kan ellers samle seg \u00abi et hj\u00f8rne\u00bb i emballasjen og gi en ujevn fordeling.<\/p>\n<p>Oljefri, heldekkende foundation som sitter hele dagen. Gir en halvmatt overflate. Fettabsorberende. Uparfymert. Passer for alle hudtyper bortsett fra ekstremt t\u00f8rr.<\/p>\n<p>Innhold: 35 ml.<\/p>\n","protected":false},"excerpt":{"rendered":"<p>Foundation Max Factor Lasting Performance 102 Pastell holder seg hele dagen, fast og ber\u00f8ringsbestandig. Med et perfekt resultat som varer i minst 8 timer, vil huden din se og f\u00f8les friskere ut lenger. Motstandsdyktig mot ber\u00f8ring og i motsetning til andre oljebaserte foundations, tetter den ikke til porene eller irriterer sensitiv hud. Tips! Hvis du [&hellip;]<\/p>\n","protected":false},"featured_media":386820,"comment_status":"open","ping_status":"closed","template":"","meta":{"_trash_the_other_posts":false},"product_brand":[],"product_cat":[1003,579],"product_tag":[3477],"berocket_brand":[1013],"class_list":{"0":"post-386826","1":"product","2":"type-product","3":"status-publish","4":"has-post-thumbnail","6":"product_cat-bestselgere","7":"product_cat-foundation","8":"product_tag-max-factor-lasting-performance","9":"pa_brand-max-factor","10":"pa_variant-102-pastelle","11":"berocket_brand-max-factor","13":"first","14":"outofstock","15":"sale","16":"taxable","17":"shipping-taxable","18":"purchasable","19":"product-type-simple"},"_links":{"self":[{"href":"https:\/\/stylingagenten.com\/no\/wp-json\/wp\/v2\/product\/386826","targetHints":{"allow":["GET"]}}],"collection":[{"href":"https:\/\/stylingagenten.com\/no\/wp-json\/wp\/v2\/product"}],"about":[{"href":"https:\/\/stylingagenten.com\/no\/wp-json\/wp\/v2\/types\/product"}],"replies":[{"embeddable":true,"href":"https:\/\/stylingagenten.com\/no\/wp-json\/wp\/v2\/comments?post=386826"}],"version-history":[{"count":0,"href":"https:\/\/stylingagenten.com\/no\/wp-json\/wp\/v2\/product\/386826\/revisions"}],"wp:featuredmedia":[{"embeddable":true,"href":"https:\/\/stylingagenten.com\/no\/wp-json\/wp\/v2\/media\/386820"}],"wp:attachment":[{"href":"https:\/\/stylingagenten.com\/no\/wp-json\/wp\/v2\/media?parent=386826"}],"wp:term":[{"taxonomy":"product_brand","embeddable":true,"href":"https:\/\/stylingagenten.com\/no\/wp-json\/wp\/v2\/product_brand?post=386826"},{"taxonomy":"product_cat","embeddable":true,"href":"https:\/\/stylingagenten.com\/no\/wp-json\/wp\/v2\/product_cat?post=386826"},{"taxonomy":"product_tag","embeddable":true,"href":"https:\/\/stylingagenten.com\/no\/wp-json\/wp\/v2\/product_tag?post=386826"},{"taxonomy":"berocket_brand","embeddable":true,"href":"https:\/\/stylingagenten.com\/no\/wp-json\/wp\/v2\/berocket_brand?post=386826"}],"curies":[{"name":"wp","href":"https:\/\/api.w.org\/{rel}","templated":true}]}}