{"id":386823,"date":"2025-05-18T21:42:14","date_gmt":"2025-05-18T21:42:14","guid":{"rendered":"https:\/\/staging2.stylingagenten.com\/no\/produkt\/max-factor-miracle-touch-foundation-75-golden\/"},"modified":"2026-04-06T11:28:54","modified_gmt":"2026-04-06T11:28:54","slug":"max-factor-miracle-touch-foundation-75-golden","status":"publish","type":"product","link":"https:\/\/stylingagenten.com\/no\/produkt\/max-factor-miracle-touch-foundation-75-golden\/","title":{"rendered":"Max Factor Miracle Touch Foundation 75 Golden"},"content":{"rendered":"<p>Dette er Max Factors nyeste og mest innovative foundation, den vil fullstendig endre m\u00e5ten du tenker p\u00e5 hvordan du bruker foundationen din. Med en unik og lett behandlet fast-til-flytende formel eliminerer den behovet for den tradisjonelle kombinasjonen av concealer, foundation og pudder, i stedet f\u00e5r du n\u00e5 en perfekt base med ett enkelt produkt med enkel p\u00e5f\u00f8ring. Resultatet er en feilfri, frisk og fantastisk myk hud som gl\u00f8der med ren utstr\u00e5ling.<\/p>\n<p>Lett varm bronse. Passer deg med middels hudtone. (Gylne undertoner).<\/p>\n<p>Innhold: 11,5 g.<\/p>\n","protected":false},"excerpt":{"rendered":"<p>Dette er Max Factors nyeste og mest innovative foundation, den vil fullstendig endre m\u00e5ten du tenker p\u00e5 hvordan du bruker foundationen din. Med en unik og lett behandlet fast-til-flytende formel eliminerer den behovet for den tradisjonelle kombinasjonen av concealer, foundation og pudder, i stedet f\u00e5r du n\u00e5 en perfekt base med ett enkelt produkt med [&hellip;]<\/p>\n","protected":false},"featured_media":386818,"comment_status":"open","ping_status":"closed","template":"","meta":{"_trash_the_other_posts":false},"product_brand":[],"product_cat":[579,1005],"product_tag":[3483],"berocket_brand":[1013],"class_list":{"0":"post-386823","1":"product","2":"type-product","3":"status-publish","4":"has-post-thumbnail","6":"product_cat-foundation","7":"product_cat-outlet","8":"product_tag-max-factor-miracle-touch-foundation","9":"pa_brand-max-factor","10":"pa_variant-75-golden","11":"berocket_brand-max-factor","13":"first","14":"outofstock","15":"sale","16":"taxable","17":"shipping-taxable","18":"purchasable","19":"product-type-simple"},"_links":{"self":[{"href":"https:\/\/stylingagenten.com\/no\/wp-json\/wp\/v2\/product\/386823","targetHints":{"allow":["GET"]}}],"collection":[{"href":"https:\/\/stylingagenten.com\/no\/wp-json\/wp\/v2\/product"}],"about":[{"href":"https:\/\/stylingagenten.com\/no\/wp-json\/wp\/v2\/types\/product"}],"replies":[{"embeddable":true,"href":"https:\/\/stylingagenten.com\/no\/wp-json\/wp\/v2\/comments?post=386823"}],"version-history":[{"count":0,"href":"https:\/\/stylingagenten.com\/no\/wp-json\/wp\/v2\/product\/386823\/revisions"}],"wp:featuredmedia":[{"embeddable":true,"href":"https:\/\/stylingagenten.com\/no\/wp-json\/wp\/v2\/media\/386818"}],"wp:attachment":[{"href":"https:\/\/stylingagenten.com\/no\/wp-json\/wp\/v2\/media?parent=386823"}],"wp:term":[{"taxonomy":"product_brand","embeddable":true,"href":"https:\/\/stylingagenten.com\/no\/wp-json\/wp\/v2\/product_brand?post=386823"},{"taxonomy":"product_cat","embeddable":true,"href":"https:\/\/stylingagenten.com\/no\/wp-json\/wp\/v2\/product_cat?post=386823"},{"taxonomy":"product_tag","embeddable":true,"href":"https:\/\/stylingagenten.com\/no\/wp-json\/wp\/v2\/product_tag?post=386823"},{"taxonomy":"berocket_brand","embeddable":true,"href":"https:\/\/stylingagenten.com\/no\/wp-json\/wp\/v2\/berocket_brand?post=386823"}],"curies":[{"name":"wp","href":"https:\/\/api.w.org\/{rel}","templated":true}]}}