{"id":386806,"date":"2025-05-18T21:42:10","date_gmt":"2025-05-18T21:42:10","guid":{"rendered":"https:\/\/staging2.stylingagenten.com\/no\/produkt\/bare-minerals-foundation-medium-beige-8g\/"},"modified":"2026-03-30T07:30:18","modified_gmt":"2026-03-30T07:30:18","slug":"bare-minerals-foundation-medium-beige-8g","status":"publish","type":"product","link":"https:\/\/stylingagenten.com\/no\/produkt\/bare-minerals-foundation-medium-beige-8g\/","title":{"rendered":"Bare Minerals Foundation Medium Beige 8g"},"content":{"rendered":"<p>Bare Minerals Foundation Medium Beige passer alle hudtyper, til og med perfekt for personer med sensitiv, reaktiv hud eller allergier. Inneholder ikke parfyme eller kjemiske ingredienser. Ideell for \u00e5 skjule arr, rynker eller brune pigmentflekker. 100 % ren mikronisert mineralformel med en kremfinish som er enkel \u00e5 p\u00e5f\u00f8re.<\/p>\n<p>Foundation har SPF15 og reflekterer UV-lys og fungerer som en barriere mot sol, forurensning og frie radikaler samtidig som hudens fuktighet niv\u00e5&aring; bli bevart. P\u00e5f\u00f8r med hjelp av en polerb\u00f8rste eller en kabuki-b\u00f8rste for best resultat. Arbeid i et jevnt lag ved hjelp av b\u00f8rsten.<\/p>\n","protected":false},"excerpt":{"rendered":"<p>Bare Minerals Foundation Medium Beige passer alle hudtyper, til og med perfekt for personer med sensitiv, reaktiv hud eller allergier. Inneholder ikke parfyme eller kjemiske ingredienser. Ideell for \u00e5 skjule arr, rynker eller brune pigmentflekker. 100 % ren mikronisert mineralformel med en kremfinish som er enkel \u00e5 p\u00e5f\u00f8re. Foundation har SPF15 og reflekterer UV-lys og [&hellip;]<\/p>\n","protected":false},"featured_media":386802,"comment_status":"open","ping_status":"closed","template":"","meta":{"_trash_the_other_posts":false},"product_brand":[],"product_cat":[1003,579,718],"product_tag":[2462],"berocket_brand":[1256],"class_list":{"0":"post-386806","1":"product","2":"type-product","3":"status-publish","4":"has-post-thumbnail","6":"product_cat-bestselgere","7":"product_cat-foundation","8":"product_cat-pudderfoundation","9":"product_tag-bare-minerals-foundation-8g","10":"pa_brand-bareminerals","11":"pa_variant-medium-beige","12":"berocket_brand-bareminerals","14":"first","15":"instock","16":"sale","17":"taxable","18":"shipping-taxable","19":"purchasable","20":"product-type-simple"},"_links":{"self":[{"href":"https:\/\/stylingagenten.com\/no\/wp-json\/wp\/v2\/product\/386806","targetHints":{"allow":["GET"]}}],"collection":[{"href":"https:\/\/stylingagenten.com\/no\/wp-json\/wp\/v2\/product"}],"about":[{"href":"https:\/\/stylingagenten.com\/no\/wp-json\/wp\/v2\/types\/product"}],"replies":[{"embeddable":true,"href":"https:\/\/stylingagenten.com\/no\/wp-json\/wp\/v2\/comments?post=386806"}],"version-history":[{"count":0,"href":"https:\/\/stylingagenten.com\/no\/wp-json\/wp\/v2\/product\/386806\/revisions"}],"wp:featuredmedia":[{"embeddable":true,"href":"https:\/\/stylingagenten.com\/no\/wp-json\/wp\/v2\/media\/386802"}],"wp:attachment":[{"href":"https:\/\/stylingagenten.com\/no\/wp-json\/wp\/v2\/media?parent=386806"}],"wp:term":[{"taxonomy":"product_brand","embeddable":true,"href":"https:\/\/stylingagenten.com\/no\/wp-json\/wp\/v2\/product_brand?post=386806"},{"taxonomy":"product_cat","embeddable":true,"href":"https:\/\/stylingagenten.com\/no\/wp-json\/wp\/v2\/product_cat?post=386806"},{"taxonomy":"product_tag","embeddable":true,"href":"https:\/\/stylingagenten.com\/no\/wp-json\/wp\/v2\/product_tag?post=386806"},{"taxonomy":"berocket_brand","embeddable":true,"href":"https:\/\/stylingagenten.com\/no\/wp-json\/wp\/v2\/berocket_brand?post=386806"}],"curies":[{"name":"wp","href":"https:\/\/api.w.org\/{rel}","templated":true}]}}