{"id":386790,"date":"2025-05-18T21:42:06","date_gmt":"2025-05-18T21:42:06","guid":{"rendered":"https:\/\/staging2.stylingagenten.com\/no\/produkt\/nyx-prof-makeup-cant-stop-wont-stop-foundation-light-ivory\/"},"modified":"2026-04-14T03:08:33","modified_gmt":"2026-04-14T03:08:33","slug":"nyx-prof-makeup-cant-stop-wont-stop-foundation-light-ivory","status":"publish","type":"product","link":"https:\/\/stylingagenten.com\/no\/produkt\/nyx-prof-makeup-cant-stop-wont-stop-foundation-light-ivory\/","title":{"rendered":"NYX PROF. MAKEUP Can&#8217;t Stop Won&#8217;t Stop Foundation &#8211; Light ivory"},"content":{"rendered":"<p>NYX Professional Makeup Can&#039;t Stop Won&#039;t Stop Full Coverage Foundation er en lett og pigmentert foundation.<br \/>Den behagelige formelen er tilgjengelig i forskjellige toner som sitter der de skal. Alle de kremete nyansene er enkle \u00e5 p\u00e5f\u00f8re og gir et fint matt utseende.<br \/>Denne foundationen tetter ikke porene og passer alle hudtyper, enten du har normal, fet, kombinert eller sensitiv hud. <br \/>Den f\u00e5r huden til \u00e5 f\u00f8les fl\u00f8yelsmyk og gir en matt finish.<\/p>\n","protected":false},"excerpt":{"rendered":"<p>NYX Professional Makeup Can&#039;t Stop Won&#039;t Stop Full Coverage Foundation er en lett og pigmentert foundation.Den behagelige formelen er tilgjengelig i forskjellige toner som sitter der de skal. Alle de kremete nyansene er enkle \u00e5 p\u00e5f\u00f8re og gir et fint matt utseende.Denne foundationen tetter ikke porene og passer alle hudtyper, enten du har normal, fet, [&hellip;]<\/p>\n","protected":false},"featured_media":386783,"comment_status":"open","ping_status":"closed","template":"","meta":{"_trash_the_other_posts":false},"product_brand":[],"product_cat":[579],"product_tag":[3653],"berocket_brand":[1025],"class_list":{"0":"post-386790","1":"product","2":"type-product","3":"status-publish","4":"has-post-thumbnail","6":"product_cat-foundation","7":"product_tag-nyx-prof-makeup-cant-stop-wont-stop-foundation","8":"pa_brand-nyx","9":"pa_variant-light-ivory","10":"berocket_brand-nyx","12":"first","13":"outofstock","14":"sale","15":"taxable","16":"shipping-taxable","17":"purchasable","18":"product-type-simple"},"_links":{"self":[{"href":"https:\/\/stylingagenten.com\/no\/wp-json\/wp\/v2\/product\/386790","targetHints":{"allow":["GET"]}}],"collection":[{"href":"https:\/\/stylingagenten.com\/no\/wp-json\/wp\/v2\/product"}],"about":[{"href":"https:\/\/stylingagenten.com\/no\/wp-json\/wp\/v2\/types\/product"}],"replies":[{"embeddable":true,"href":"https:\/\/stylingagenten.com\/no\/wp-json\/wp\/v2\/comments?post=386790"}],"version-history":[{"count":1,"href":"https:\/\/stylingagenten.com\/no\/wp-json\/wp\/v2\/product\/386790\/revisions"}],"predecessor-version":[{"id":469772,"href":"https:\/\/stylingagenten.com\/no\/wp-json\/wp\/v2\/product\/386790\/revisions\/469772"}],"wp:featuredmedia":[{"embeddable":true,"href":"https:\/\/stylingagenten.com\/no\/wp-json\/wp\/v2\/media\/386783"}],"wp:attachment":[{"href":"https:\/\/stylingagenten.com\/no\/wp-json\/wp\/v2\/media?parent=386790"}],"wp:term":[{"taxonomy":"product_brand","embeddable":true,"href":"https:\/\/stylingagenten.com\/no\/wp-json\/wp\/v2\/product_brand?post=386790"},{"taxonomy":"product_cat","embeddable":true,"href":"https:\/\/stylingagenten.com\/no\/wp-json\/wp\/v2\/product_cat?post=386790"},{"taxonomy":"product_tag","embeddable":true,"href":"https:\/\/stylingagenten.com\/no\/wp-json\/wp\/v2\/product_tag?post=386790"},{"taxonomy":"berocket_brand","embeddable":true,"href":"https:\/\/stylingagenten.com\/no\/wp-json\/wp\/v2\/berocket_brand?post=386790"}],"curies":[{"name":"wp","href":"https:\/\/api.w.org\/{rel}","templated":true}]}}