{"id":386631,"date":"2025-05-18T21:41:28","date_gmt":"2025-05-18T21:41:28","guid":{"rendered":"https:\/\/staging2.stylingagenten.com\/no\/produkt\/loreal-paris-infallible-32h-fresh-wear-125-natural-beige-30ml\/"},"modified":"2026-04-01T13:57:46","modified_gmt":"2026-04-01T13:57:46","slug":"loreal-paris-infallible-32h-fresh-wear-125-natural-beige-30ml","status":"publish","type":"product","link":"https:\/\/stylingagenten.com\/no\/produkt\/loreal-paris-infallible-32h-fresh-wear-125-natural-beige-30ml\/","title":{"rendered":"L&#8217;Or\u00e9al Paris Infallible 32H Fresh Wear 125 Natural Beige 30ml"},"content":{"rendered":"<p>L&#8217;Or\u00e9al Infallible Foundation 32H gir full, naturlig dekning som varer hele dagen. Den skjuler tegn p\u00e5 tretthet og med en formel av mineraler og vitaminer gir den ogs\u00e5 huden energi og n\u00e6ring. Denne foundationen er perfekt for \u00e5 skjule urenheter, sirkler under \u00f8ynene eller andre ufullkommenheter som huden kan ha. Passer for alle hudtyper.<\/p>\n","protected":false},"excerpt":{"rendered":"<p>L&#8217;Or\u00e9al Infallible Foundation 32H gir full, naturlig dekning som varer hele dagen. Den skjuler tegn p\u00e5 tretthet og med en formel av mineraler og vitaminer gir den ogs\u00e5 huden energi og n\u00e6ring. Denne foundationen er perfekt for \u00e5 skjule urenheter, sirkler under \u00f8ynene eller andre ufullkommenheter som huden kan ha. Passer for alle hudtyper.<\/p>\n","protected":false},"featured_media":386626,"comment_status":"open","ping_status":"closed","template":"","meta":{"_trash_the_other_posts":false},"product_brand":[],"product_cat":[579,717],"product_tag":[3239],"berocket_brand":[2001],"class_list":{"0":"post-386631","1":"product","2":"type-product","3":"status-publish","4":"has-post-thumbnail","6":"product_cat-foundation","7":"product_cat-virale-produkter","8":"product_tag-loreal-paris-infallible-32h-fresh-wear-30ml","9":"pa_brand-loreal-paris-2","10":"pa_variant-125-natural-beige","11":"berocket_brand-loreal-paris","13":"first","14":"instock","15":"sale","16":"taxable","17":"shipping-taxable","18":"purchasable","19":"product-type-simple"},"_links":{"self":[{"href":"https:\/\/stylingagenten.com\/no\/wp-json\/wp\/v2\/product\/386631","targetHints":{"allow":["GET"]}}],"collection":[{"href":"https:\/\/stylingagenten.com\/no\/wp-json\/wp\/v2\/product"}],"about":[{"href":"https:\/\/stylingagenten.com\/no\/wp-json\/wp\/v2\/types\/product"}],"replies":[{"embeddable":true,"href":"https:\/\/stylingagenten.com\/no\/wp-json\/wp\/v2\/comments?post=386631"}],"version-history":[{"count":0,"href":"https:\/\/stylingagenten.com\/no\/wp-json\/wp\/v2\/product\/386631\/revisions"}],"wp:featuredmedia":[{"embeddable":true,"href":"https:\/\/stylingagenten.com\/no\/wp-json\/wp\/v2\/media\/386626"}],"wp:attachment":[{"href":"https:\/\/stylingagenten.com\/no\/wp-json\/wp\/v2\/media?parent=386631"}],"wp:term":[{"taxonomy":"product_brand","embeddable":true,"href":"https:\/\/stylingagenten.com\/no\/wp-json\/wp\/v2\/product_brand?post=386631"},{"taxonomy":"product_cat","embeddable":true,"href":"https:\/\/stylingagenten.com\/no\/wp-json\/wp\/v2\/product_cat?post=386631"},{"taxonomy":"product_tag","embeddable":true,"href":"https:\/\/stylingagenten.com\/no\/wp-json\/wp\/v2\/product_tag?post=386631"},{"taxonomy":"berocket_brand","embeddable":true,"href":"https:\/\/stylingagenten.com\/no\/wp-json\/wp\/v2\/berocket_brand?post=386631"}],"curies":[{"name":"wp","href":"https:\/\/api.w.org\/{rel}","templated":true}]}}