{"id":386576,"date":"2025-05-18T21:41:14","date_gmt":"2025-05-18T21:41:14","guid":{"rendered":"https:\/\/staging2.stylingagenten.com\/no\/produkt\/kokie-skin-perfect-hd-foundation-40w\/"},"modified":"2025-12-18T21:52:10","modified_gmt":"2025-12-18T21:52:10","slug":"kokie-skin-perfect-hd-foundation-40w","status":"publish","type":"product","link":"https:\/\/stylingagenten.com\/no\/produkt\/kokie-skin-perfect-hd-foundation-40w\/","title":{"rendered":"Kokie Skin Perfect HD Foundation &#8211; 40W"},"content":{"rendered":"<p>Kokie Skin Perfect HD Foundation kommer i en elegant frostet glassflaske med en hygienisk pumpe. <br \/>Denne tykke, flytende foundationen har h\u00f8y ytelse og h\u00f8y oppl\u00f8sning, og gir middels til full dekning som avsluttes i en naturlig halvmatt finish. <br \/>Tilgjengelig i 18 vakre nyanser slik at du kan finne den perfekte matchen.<\/p>\n","protected":false},"excerpt":{"rendered":"<p>Kokie Skin Perfect HD Foundation kommer i en elegant frostet glassflaske med en hygienisk pumpe. Denne tykke, flytende foundationen har h\u00f8y ytelse og h\u00f8y oppl\u00f8sning, og gir middels til full dekning som avsluttes i en naturlig halvmatt finish. Tilgjengelig i 18 vakre nyanser slik at du kan finne den perfekte matchen.<\/p>\n","protected":false},"featured_media":386573,"comment_status":"open","ping_status":"closed","template":"","meta":{"_trash_the_other_posts":false},"product_brand":[],"product_cat":[579],"product_tag":[3161],"berocket_brand":[1198],"class_list":{"0":"post-386576","1":"product","2":"type-product","3":"status-publish","4":"has-post-thumbnail","6":"product_cat-foundation","7":"product_tag-kokie-skin-perfect-hd-foundation","8":"pa_brand-kokie-cosmetics","9":"pa_variant-40w","10":"berocket_brand-kokie-cosmetics","12":"first","13":"instock","14":"taxable","15":"shipping-taxable","16":"purchasable","17":"product-type-simple"},"_links":{"self":[{"href":"https:\/\/stylingagenten.com\/no\/wp-json\/wp\/v2\/product\/386576","targetHints":{"allow":["GET"]}}],"collection":[{"href":"https:\/\/stylingagenten.com\/no\/wp-json\/wp\/v2\/product"}],"about":[{"href":"https:\/\/stylingagenten.com\/no\/wp-json\/wp\/v2\/types\/product"}],"replies":[{"embeddable":true,"href":"https:\/\/stylingagenten.com\/no\/wp-json\/wp\/v2\/comments?post=386576"}],"version-history":[{"count":0,"href":"https:\/\/stylingagenten.com\/no\/wp-json\/wp\/v2\/product\/386576\/revisions"}],"wp:featuredmedia":[{"embeddable":true,"href":"https:\/\/stylingagenten.com\/no\/wp-json\/wp\/v2\/media\/386573"}],"wp:attachment":[{"href":"https:\/\/stylingagenten.com\/no\/wp-json\/wp\/v2\/media?parent=386576"}],"wp:term":[{"taxonomy":"product_brand","embeddable":true,"href":"https:\/\/stylingagenten.com\/no\/wp-json\/wp\/v2\/product_brand?post=386576"},{"taxonomy":"product_cat","embeddable":true,"href":"https:\/\/stylingagenten.com\/no\/wp-json\/wp\/v2\/product_cat?post=386576"},{"taxonomy":"product_tag","embeddable":true,"href":"https:\/\/stylingagenten.com\/no\/wp-json\/wp\/v2\/product_tag?post=386576"},{"taxonomy":"berocket_brand","embeddable":true,"href":"https:\/\/stylingagenten.com\/no\/wp-json\/wp\/v2\/berocket_brand?post=386576"}],"curies":[{"name":"wp","href":"https:\/\/api.w.org\/{rel}","templated":true}]}}