{"id":386523,"date":"2025-05-18T21:40:56","date_gmt":"2025-05-18T21:40:56","guid":{"rendered":"https:\/\/staging2.stylingagenten.com\/no\/produkt\/max-factor-lasting-performance-111-deep-beige\/"},"modified":"2026-01-21T17:06:52","modified_gmt":"2026-01-21T17:06:52","slug":"max-factor-lasting-performance-111-deep-beige","status":"publish","type":"product","link":"https:\/\/stylingagenten.com\/no\/produkt\/max-factor-lasting-performance-111-deep-beige\/","title":{"rendered":"Max Factor Lasting Performance 111 Deep Beige"},"content":{"rendered":"<p>Foundation Max Factor Lasting Performance holder seg hele dagen, fast og ber\u00f8rbar. Med et perfekt resultat som varer i minst 8 timer, huden din vil se og f\u00f8les friskere ut lenger. Motst\u00e5r ber\u00f8ring og i motsetning til andre oljebaserte foundations som; Det tetter ikke porene dine eller irriterer sensitiv hud.<\/p>\n<p>Tips! Hvis du foretrekker flytende foundation, ta ta for vane \u00e5 alltid riste flasken f\u00f8r p\u00e5f\u00f8ring. Fargepigmenter kan ellers samle seg &laquo;i et hj\u00f8rne&raquo; i pakken og gi en ujevn fordeling.<\/p>\n<p>Oljefri, heldekkende foundation som sitter p\u00e5 hele dagen. Gir en halvmatt overflate. Fettabsorberende. Uparfymert. Passer for alle hudtyper bortsett fra ekstremt t\u00f8rr.<\/p>\n<p>Innhold: 35 ml.<\/p>\n","protected":false},"excerpt":{"rendered":"<p>Foundation Max Factor Lasting Performance holder seg hele dagen, fast og ber\u00f8rbar. Med et perfekt resultat som varer i minst 8 timer, huden din vil se og f\u00f8les friskere ut lenger. Motst\u00e5r ber\u00f8ring og i motsetning til andre oljebaserte foundations som; Det tetter ikke porene dine eller irriterer sensitiv hud. Tips! Hvis du foretrekker flytende [&hellip;]<\/p>\n","protected":false},"featured_media":386515,"comment_status":"open","ping_status":"closed","template":"","meta":{"_trash_the_other_posts":false},"product_brand":[],"product_cat":[579],"product_tag":[3477],"berocket_brand":[1013],"class_list":{"0":"post-386523","1":"product","2":"type-product","3":"status-publish","4":"has-post-thumbnail","6":"product_cat-foundation","7":"product_tag-max-factor-lasting-performance","8":"pa_brand-max-factor","9":"pa_variant-111-deep-beige","10":"berocket_brand-max-factor","12":"first","13":"instock","14":"sale","15":"taxable","16":"shipping-taxable","17":"purchasable","18":"product-type-simple"},"_links":{"self":[{"href":"https:\/\/stylingagenten.com\/no\/wp-json\/wp\/v2\/product\/386523","targetHints":{"allow":["GET"]}}],"collection":[{"href":"https:\/\/stylingagenten.com\/no\/wp-json\/wp\/v2\/product"}],"about":[{"href":"https:\/\/stylingagenten.com\/no\/wp-json\/wp\/v2\/types\/product"}],"replies":[{"embeddable":true,"href":"https:\/\/stylingagenten.com\/no\/wp-json\/wp\/v2\/comments?post=386523"}],"version-history":[{"count":0,"href":"https:\/\/stylingagenten.com\/no\/wp-json\/wp\/v2\/product\/386523\/revisions"}],"wp:featuredmedia":[{"embeddable":true,"href":"https:\/\/stylingagenten.com\/no\/wp-json\/wp\/v2\/media\/386515"}],"wp:attachment":[{"href":"https:\/\/stylingagenten.com\/no\/wp-json\/wp\/v2\/media?parent=386523"}],"wp:term":[{"taxonomy":"product_brand","embeddable":true,"href":"https:\/\/stylingagenten.com\/no\/wp-json\/wp\/v2\/product_brand?post=386523"},{"taxonomy":"product_cat","embeddable":true,"href":"https:\/\/stylingagenten.com\/no\/wp-json\/wp\/v2\/product_cat?post=386523"},{"taxonomy":"product_tag","embeddable":true,"href":"https:\/\/stylingagenten.com\/no\/wp-json\/wp\/v2\/product_tag?post=386523"},{"taxonomy":"berocket_brand","embeddable":true,"href":"https:\/\/stylingagenten.com\/no\/wp-json\/wp\/v2\/berocket_brand?post=386523"}],"curies":[{"name":"wp","href":"https:\/\/api.w.org\/{rel}","templated":true}]}}