{"id":386393,"date":"2025-05-18T21:40:18","date_gmt":"2025-05-18T21:40:18","guid":{"rendered":"https:\/\/staging2.stylingagenten.com\/no\/produkt\/wet-n-wild-photo-focus-dewy-foundation-soft-beige\/"},"modified":"2026-01-06T22:56:55","modified_gmt":"2026-01-06T22:56:55","slug":"wet-n-wild-photo-focus-dewy-foundation-soft-beige","status":"publish","type":"product","link":"https:\/\/stylingagenten.com\/no\/produkt\/wet-n-wild-photo-focus-dewy-foundation-soft-beige\/","title":{"rendered":"Wet n Wild Photo Focus Dewy Foundation &#8211; Soft Beige"},"content":{"rendered":"<p>Wet n Wild Photo Focus Dewy Foundation er en lett, silkeaktig og kremet foundation som gir middels til full dekning. H\u00f8y ytelse med lystilpasset pigment som gir en perfekt hudtone i alt lys. Huden f\u00e5r en frisk gl\u00f8d og en fuktig finish. Egnet for normal til t\u00f8rr hud. Vegansk.<\/p>\n","protected":false},"excerpt":{"rendered":"<p>Wet n Wild Photo Focus Dewy Foundation er en lett, silkeaktig og kremet foundation som gir middels til full dekning. H\u00f8y ytelse med lystilpasset pigment som gir en perfekt hudtone i alt lys. Huden f\u00e5r en frisk gl\u00f8d og en fuktig finish. Egnet for normal til t\u00f8rr hud. Vegansk.<\/p>\n","protected":false},"featured_media":386386,"comment_status":"open","ping_status":"closed","template":"","meta":{"_trash_the_other_posts":false},"product_brand":[],"product_cat":[579,1005],"product_tag":[4104],"berocket_brand":[1035],"class_list":{"0":"post-386393","1":"product","2":"type-product","3":"status-publish","4":"has-post-thumbnail","6":"product_cat-foundation","7":"product_cat-outlet","8":"product_tag-wet-n-wild-photo-focus-dewy-foundation","9":"pa_brand-wet-n-wild","10":"pa_variant-soft-beige","11":"berocket_brand-wet-n-wild","13":"first","14":"instock","15":"sale","16":"taxable","17":"shipping-taxable","18":"purchasable","19":"product-type-simple"},"_links":{"self":[{"href":"https:\/\/stylingagenten.com\/no\/wp-json\/wp\/v2\/product\/386393","targetHints":{"allow":["GET"]}}],"collection":[{"href":"https:\/\/stylingagenten.com\/no\/wp-json\/wp\/v2\/product"}],"about":[{"href":"https:\/\/stylingagenten.com\/no\/wp-json\/wp\/v2\/types\/product"}],"replies":[{"embeddable":true,"href":"https:\/\/stylingagenten.com\/no\/wp-json\/wp\/v2\/comments?post=386393"}],"version-history":[{"count":0,"href":"https:\/\/stylingagenten.com\/no\/wp-json\/wp\/v2\/product\/386393\/revisions"}],"wp:featuredmedia":[{"embeddable":true,"href":"https:\/\/stylingagenten.com\/no\/wp-json\/wp\/v2\/media\/386386"}],"wp:attachment":[{"href":"https:\/\/stylingagenten.com\/no\/wp-json\/wp\/v2\/media?parent=386393"}],"wp:term":[{"taxonomy":"product_brand","embeddable":true,"href":"https:\/\/stylingagenten.com\/no\/wp-json\/wp\/v2\/product_brand?post=386393"},{"taxonomy":"product_cat","embeddable":true,"href":"https:\/\/stylingagenten.com\/no\/wp-json\/wp\/v2\/product_cat?post=386393"},{"taxonomy":"product_tag","embeddable":true,"href":"https:\/\/stylingagenten.com\/no\/wp-json\/wp\/v2\/product_tag?post=386393"},{"taxonomy":"berocket_brand","embeddable":true,"href":"https:\/\/stylingagenten.com\/no\/wp-json\/wp\/v2\/berocket_brand?post=386393"}],"curies":[{"name":"wp","href":"https:\/\/api.w.org\/{rel}","templated":true}]}}