{"id":386381,"date":"2025-05-18T21:40:14","date_gmt":"2025-05-18T21:40:14","guid":{"rendered":"https:\/\/staging2.stylingagenten.com\/no\/produkt\/wet-n-wild-photo-focus-dewy-foundation-nude-ivory\/"},"modified":"2026-03-29T16:28:50","modified_gmt":"2026-03-29T16:28:50","slug":"wet-n-wild-photo-focus-dewy-foundation-nude-ivory","status":"publish","type":"product","link":"https:\/\/stylingagenten.com\/no\/produkt\/wet-n-wild-photo-focus-dewy-foundation-nude-ivory\/","title":{"rendered":"Wet n Wild Photo Focus Dewy Foundation &#8211; Nude Ivory"},"content":{"rendered":"<p>Wet n Wild Photo Focus Dewy Foundation er en lett, silkeaktig og kremet foundation som gir middels til full dekning. H\u00f8y ytelse med lystilpasset pigment som gir en perfekt hudtone i alt lys. Huden f\u00e5r en frisk gl\u00f8d og en fuktig finish. Egnet for normal til t\u00f8rr hud. Vegansk.<\/p>\n","protected":false},"excerpt":{"rendered":"<p>Wet n Wild Photo Focus Dewy Foundation er en lett, silkeaktig og kremet foundation som gir middels til full dekning. H\u00f8y ytelse med lystilpasset pigment som gir en perfekt hudtone i alt lys. Huden f\u00e5r en frisk gl\u00f8d og en fuktig finish. Egnet for normal til t\u00f8rr hud. Vegansk.<\/p>\n","protected":false},"featured_media":386369,"comment_status":"open","ping_status":"closed","template":"","meta":{"_trash_the_other_posts":false},"product_brand":[],"product_cat":[579],"product_tag":[4104],"berocket_brand":[1035],"class_list":{"0":"post-386381","1":"product","2":"type-product","3":"status-publish","4":"has-post-thumbnail","6":"product_cat-foundation","7":"product_tag-wet-n-wild-photo-focus-dewy-foundation","8":"pa_brand-wet-n-wild","9":"pa_variant-nude-ivory","10":"berocket_brand-wet-n-wild","12":"first","13":"instock","14":"sale","15":"taxable","16":"shipping-taxable","17":"purchasable","18":"product-type-simple"},"_links":{"self":[{"href":"https:\/\/stylingagenten.com\/no\/wp-json\/wp\/v2\/product\/386381","targetHints":{"allow":["GET"]}}],"collection":[{"href":"https:\/\/stylingagenten.com\/no\/wp-json\/wp\/v2\/product"}],"about":[{"href":"https:\/\/stylingagenten.com\/no\/wp-json\/wp\/v2\/types\/product"}],"replies":[{"embeddable":true,"href":"https:\/\/stylingagenten.com\/no\/wp-json\/wp\/v2\/comments?post=386381"}],"version-history":[{"count":0,"href":"https:\/\/stylingagenten.com\/no\/wp-json\/wp\/v2\/product\/386381\/revisions"}],"wp:featuredmedia":[{"embeddable":true,"href":"https:\/\/stylingagenten.com\/no\/wp-json\/wp\/v2\/media\/386369"}],"wp:attachment":[{"href":"https:\/\/stylingagenten.com\/no\/wp-json\/wp\/v2\/media?parent=386381"}],"wp:term":[{"taxonomy":"product_brand","embeddable":true,"href":"https:\/\/stylingagenten.com\/no\/wp-json\/wp\/v2\/product_brand?post=386381"},{"taxonomy":"product_cat","embeddable":true,"href":"https:\/\/stylingagenten.com\/no\/wp-json\/wp\/v2\/product_cat?post=386381"},{"taxonomy":"product_tag","embeddable":true,"href":"https:\/\/stylingagenten.com\/no\/wp-json\/wp\/v2\/product_tag?post=386381"},{"taxonomy":"berocket_brand","embeddable":true,"href":"https:\/\/stylingagenten.com\/no\/wp-json\/wp\/v2\/berocket_brand?post=386381"}],"curies":[{"name":"wp","href":"https:\/\/api.w.org\/{rel}","templated":true}]}}