{"id":386353,"date":"2025-05-18T21:40:03","date_gmt":"2025-05-18T21:40:03","guid":{"rendered":"https:\/\/staging2.stylingagenten.com\/no\/produkt\/milani-screen-queen-foundation-260-warm-bisque\/"},"modified":"2025-12-18T21:54:31","modified_gmt":"2025-12-18T21:54:31","slug":"milani-screen-queen-foundation-260-warm-bisque","status":"publish","type":"product","link":"https:\/\/stylingagenten.com\/no\/produkt\/milani-screen-queen-foundation-260-warm-bisque\/","title":{"rendered":"Milani Screen Queen Foundation &#8211; 260 Warm Bisque"},"content":{"rendered":"<p>Milani Screen Queen Foundation &#8211; 260 Warm Bisque &#8211; 30 ml<\/p>\n<p>Oppgrader hudens digitale respons med Milanis Screen Queen Foundation. Laget for \u00e5 gi deg en jeg-v\u00e5knet-opp-som-denne-look med str\u00e5lende hud. Denne byggbare, lett til middels dekningsfoundation blander seg s\u00f8ml\u00f8st og visker ut ufullkommenheter for en jevn, lysende, naturlig finish. Laget med digitalt bl\u00e5lysfilter &trade; -teknologi, denne premiumformelen hjelper til med \u00e5 bekjempe tegn p\u00e5; Sl\u00f8vhet, misfarging og hyperpigmentering som f\u00f8lge av digitale skjermer, for str\u00e5lende hud uavhengig av hvor mange timer med skjermtid.<\/p>\n<p><\/p>\n","protected":false},"excerpt":{"rendered":"<p>Milani Screen Queen Foundation &#8211; 260 Warm Bisque &#8211; 30 ml Oppgrader hudens digitale respons med Milanis Screen Queen Foundation. Laget for \u00e5 gi deg en jeg-v\u00e5knet-opp-som-denne-look med str\u00e5lende hud. Denne byggbare, lett til middels dekningsfoundation blander seg s\u00f8ml\u00f8st og visker ut ufullkommenheter for en jevn, lysende, naturlig finish. Laget med digitalt bl\u00e5lysfilter &trade; -teknologi, [&hellip;]<\/p>\n","protected":false},"featured_media":386352,"comment_status":"open","ping_status":"closed","template":"","meta":{"_trash_the_other_posts":false},"product_brand":[],"product_cat":[579,1005],"product_tag":[3553],"berocket_brand":[1027],"class_list":{"0":"post-386353","1":"product","2":"type-product","3":"status-publish","4":"has-post-thumbnail","6":"product_cat-foundation","7":"product_cat-outlet","8":"product_tag-milani-screen-queen-foundation","9":"pa_brand-milani","10":"pa_variant-260-warm-bisque","11":"berocket_brand-milani","13":"first","14":"instock","15":"sale","16":"taxable","17":"shipping-taxable","18":"purchasable","19":"product-type-simple"},"_links":{"self":[{"href":"https:\/\/stylingagenten.com\/no\/wp-json\/wp\/v2\/product\/386353","targetHints":{"allow":["GET"]}}],"collection":[{"href":"https:\/\/stylingagenten.com\/no\/wp-json\/wp\/v2\/product"}],"about":[{"href":"https:\/\/stylingagenten.com\/no\/wp-json\/wp\/v2\/types\/product"}],"replies":[{"embeddable":true,"href":"https:\/\/stylingagenten.com\/no\/wp-json\/wp\/v2\/comments?post=386353"}],"version-history":[{"count":0,"href":"https:\/\/stylingagenten.com\/no\/wp-json\/wp\/v2\/product\/386353\/revisions"}],"wp:featuredmedia":[{"embeddable":true,"href":"https:\/\/stylingagenten.com\/no\/wp-json\/wp\/v2\/media\/386352"}],"wp:attachment":[{"href":"https:\/\/stylingagenten.com\/no\/wp-json\/wp\/v2\/media?parent=386353"}],"wp:term":[{"taxonomy":"product_brand","embeddable":true,"href":"https:\/\/stylingagenten.com\/no\/wp-json\/wp\/v2\/product_brand?post=386353"},{"taxonomy":"product_cat","embeddable":true,"href":"https:\/\/stylingagenten.com\/no\/wp-json\/wp\/v2\/product_cat?post=386353"},{"taxonomy":"product_tag","embeddable":true,"href":"https:\/\/stylingagenten.com\/no\/wp-json\/wp\/v2\/product_tag?post=386353"},{"taxonomy":"berocket_brand","embeddable":true,"href":"https:\/\/stylingagenten.com\/no\/wp-json\/wp\/v2\/berocket_brand?post=386353"}],"curies":[{"name":"wp","href":"https:\/\/api.w.org\/{rel}","templated":true}]}}