{"id":386320,"date":"2025-05-18T21:39:46","date_gmt":"2025-05-18T21:39:46","guid":{"rendered":"https:\/\/staging2.stylingagenten.com\/no\/produkt\/revlon-colorstay-makeup-combination-oily-skin-110-ivory-30ml\/"},"modified":"2026-03-30T07:30:08","modified_gmt":"2026-03-30T07:30:08","slug":"revlon-colorstay-makeup-combination-oily-skin-110-ivory-30ml","status":"publish","type":"product","link":"https:\/\/stylingagenten.com\/no\/produkt\/revlon-colorstay-makeup-combination-oily-skin-110-ivory-30ml\/","title":{"rendered":"Revlon Colorstay Makeup Combination\/Oily Skin &#8211; 110 Ivory 30"},"content":{"rendered":"<p>Revlon ColorStay Makeup &#8211; Combination\/Oily Skin Ivory&nbsp;er en foundation med langvarig dekning, og takket v\u00e6re Time Release Technology og dens blanke formel hjelper den \u00e5 holde seg p\u00e5. plasser hele dagen med et friskt resultat. Denne foundationen hjelper til med \u00e5 absorbere overfl\u00f8dig olje og redusere glansen for \u00e5 gi huden din et feilfritt, matt, naturlig utseende!<\/p>\n<p>Passer for kombinert\/fet hud.<br \/>Inneholder; ll: 30 ml<\/p>\n","protected":false},"excerpt":{"rendered":"<p>Revlon ColorStay Makeup &#8211; Combination\/Oily Skin Ivory&nbsp;er en foundation med langvarig dekning, og takket v\u00e6re Time Release Technology og dens blanke formel hjelper den \u00e5 holde seg p\u00e5. plasser hele dagen med et friskt resultat. Denne foundationen hjelper til med \u00e5 absorbere overfl\u00f8dig olje og redusere glansen for \u00e5 gi huden din et feilfritt, matt, [&hellip;]<\/p>\n","protected":false},"featured_media":386319,"comment_status":"open","ping_status":"closed","template":"","meta":{"_trash_the_other_posts":false},"product_brand":[],"product_cat":[579],"product_tag":[3910],"berocket_brand":[1040],"class_list":{"0":"post-386320","1":"product","2":"type-product","3":"status-publish","4":"has-post-thumbnail","6":"product_cat-foundation","7":"product_tag-revlon-colorstay-makeup-combination-oily-skin-30ml","8":"pa_brand-revlon","9":"pa_variant-110-ivory","10":"berocket_brand-revlon","12":"first","13":"instock","14":"sale","15":"taxable","16":"shipping-taxable","17":"purchasable","18":"product-type-simple"},"_links":{"self":[{"href":"https:\/\/stylingagenten.com\/no\/wp-json\/wp\/v2\/product\/386320","targetHints":{"allow":["GET"]}}],"collection":[{"href":"https:\/\/stylingagenten.com\/no\/wp-json\/wp\/v2\/product"}],"about":[{"href":"https:\/\/stylingagenten.com\/no\/wp-json\/wp\/v2\/types\/product"}],"replies":[{"embeddable":true,"href":"https:\/\/stylingagenten.com\/no\/wp-json\/wp\/v2\/comments?post=386320"}],"version-history":[{"count":0,"href":"https:\/\/stylingagenten.com\/no\/wp-json\/wp\/v2\/product\/386320\/revisions"}],"wp:featuredmedia":[{"embeddable":true,"href":"https:\/\/stylingagenten.com\/no\/wp-json\/wp\/v2\/media\/386319"}],"wp:attachment":[{"href":"https:\/\/stylingagenten.com\/no\/wp-json\/wp\/v2\/media?parent=386320"}],"wp:term":[{"taxonomy":"product_brand","embeddable":true,"href":"https:\/\/stylingagenten.com\/no\/wp-json\/wp\/v2\/product_brand?post=386320"},{"taxonomy":"product_cat","embeddable":true,"href":"https:\/\/stylingagenten.com\/no\/wp-json\/wp\/v2\/product_cat?post=386320"},{"taxonomy":"product_tag","embeddable":true,"href":"https:\/\/stylingagenten.com\/no\/wp-json\/wp\/v2\/product_tag?post=386320"},{"taxonomy":"berocket_brand","embeddable":true,"href":"https:\/\/stylingagenten.com\/no\/wp-json\/wp\/v2\/berocket_brand?post=386320"}],"curies":[{"name":"wp","href":"https:\/\/api.w.org\/{rel}","templated":true}]}}