{"id":386308,"date":"2025-05-18T21:39:41","date_gmt":"2025-05-18T21:39:41","guid":{"rendered":"https:\/\/staging2.stylingagenten.com\/no\/produkt\/revlon-colorstay-combination-oily-skin-320-true-beige-30ml\/"},"modified":"2026-01-06T12:46:32","modified_gmt":"2026-01-06T12:46:32","slug":"revlon-colorstay-combination-oily-skin-320-true-beige-30ml","status":"publish","type":"product","link":"https:\/\/stylingagenten.com\/no\/produkt\/revlon-colorstay-combination-oily-skin-320-true-beige-30ml\/","title":{"rendered":"Revlon Colorstay Makeup Combination\/Oily Skin &#8211; 320 True Bei"},"content":{"rendered":"<p>Revlon Colorstay Makeup Combination\/Fet hud True Beige&nbsp;&#8211;&nbsp;&nbsp;&nbsp;&nbsp;&auml;&auml;&auml; seg selv p\u00e5&aring; plasser hele dagen med et friskt resultat. Denne foundationen hjelper til med \u00e5 absorbere overfl\u00f8dig olje og redusere glansen for \u00e5 gi huden din et feilfritt, matt, naturlig utseende!<\/p>\n<p>Passer for kombinert\/fet hud.<br \/>Inneholder; ll: 30 ml<\/p>\n","protected":false},"excerpt":{"rendered":"<p>Revlon Colorstay Makeup Combination\/Fet hud True Beige&nbsp;&#8211;&nbsp;&nbsp;&nbsp;&nbsp;&auml;&auml;&auml; seg selv p\u00e5&aring; plasser hele dagen med et friskt resultat. Denne foundationen hjelper til med \u00e5 absorbere overfl\u00f8dig olje og redusere glansen for \u00e5 gi huden din et feilfritt, matt, naturlig utseende! Passer for kombinert\/fet hud.Inneholder; ll: 30 ml<\/p>\n","protected":false},"featured_media":386307,"comment_status":"open","ping_status":"closed","template":"","meta":{"_trash_the_other_posts":false},"product_brand":[],"product_cat":[579],"product_tag":[3909],"berocket_brand":[1040],"class_list":{"0":"post-386308","1":"product","2":"type-product","3":"status-publish","4":"has-post-thumbnail","6":"product_cat-foundation","7":"product_tag-revlon-colorstay-combination-oily-skin-30ml","8":"pa_brand-revlon","9":"pa_variant-320-true-beige","10":"berocket_brand-revlon","12":"first","13":"instock","14":"sale","15":"taxable","16":"shipping-taxable","17":"purchasable","18":"product-type-simple"},"_links":{"self":[{"href":"https:\/\/stylingagenten.com\/no\/wp-json\/wp\/v2\/product\/386308","targetHints":{"allow":["GET"]}}],"collection":[{"href":"https:\/\/stylingagenten.com\/no\/wp-json\/wp\/v2\/product"}],"about":[{"href":"https:\/\/stylingagenten.com\/no\/wp-json\/wp\/v2\/types\/product"}],"replies":[{"embeddable":true,"href":"https:\/\/stylingagenten.com\/no\/wp-json\/wp\/v2\/comments?post=386308"}],"version-history":[{"count":0,"href":"https:\/\/stylingagenten.com\/no\/wp-json\/wp\/v2\/product\/386308\/revisions"}],"wp:featuredmedia":[{"embeddable":true,"href":"https:\/\/stylingagenten.com\/no\/wp-json\/wp\/v2\/media\/386307"}],"wp:attachment":[{"href":"https:\/\/stylingagenten.com\/no\/wp-json\/wp\/v2\/media?parent=386308"}],"wp:term":[{"taxonomy":"product_brand","embeddable":true,"href":"https:\/\/stylingagenten.com\/no\/wp-json\/wp\/v2\/product_brand?post=386308"},{"taxonomy":"product_cat","embeddable":true,"href":"https:\/\/stylingagenten.com\/no\/wp-json\/wp\/v2\/product_cat?post=386308"},{"taxonomy":"product_tag","embeddable":true,"href":"https:\/\/stylingagenten.com\/no\/wp-json\/wp\/v2\/product_tag?post=386308"},{"taxonomy":"berocket_brand","embeddable":true,"href":"https:\/\/stylingagenten.com\/no\/wp-json\/wp\/v2\/berocket_brand?post=386308"}],"curies":[{"name":"wp","href":"https:\/\/api.w.org\/{rel}","templated":true}]}}