{"id":386195,"date":"2025-05-18T21:38:40","date_gmt":"2025-05-18T21:38:40","guid":{"rendered":"https:\/\/staging2.stylingagenten.com\/no\/produkt\/max-factor-facefinity-compact-foundation-02-ivory\/"},"modified":"2026-04-05T14:18:52","modified_gmt":"2026-04-05T14:18:52","slug":"max-factor-facefinity-compact-foundation-02-ivory","status":"publish","type":"product","link":"https:\/\/stylingagenten.com\/no\/produkt\/max-factor-facefinity-compact-foundation-02-ivory\/","title":{"rendered":"Max Factor Facefinity Compact Foundation 02 Ivory"},"content":{"rendered":"<p>Max Factor Facefinity Compact Foundation varer take after take. En perfekt hverdagsfoundation skal v\u00e6re enkel \u00e5 bruke, beskytte og fukte huden og i tillegg gi en langvarig og perfekt finish. Det h\u00f8res bra ut, men eksisterer det virkelig? Ja!<\/p>\n<p>Med Facefinity f\u00e5r du god dekning av en solid foundation og de fuktighetsgivende egenskapene og silkemyke finishen til en flytende olje- og duftfri foundation som gir dekning hele dagen!<\/p>\n<p><strong>Innhold:<\/strong> 10 ml<\/p>\n","protected":false},"excerpt":{"rendered":"<p>Max Factor Facefinity Compact Foundation varer take after take. En perfekt hverdagsfoundation skal v\u00e6re enkel \u00e5 bruke, beskytte og fukte huden og i tillegg gi en langvarig og perfekt finish. Det h\u00f8res bra ut, men eksisterer det virkelig? Ja! Med Facefinity f\u00e5r du god dekning av en solid foundation og de fuktighetsgivende egenskapene og silkemyke [&hellip;]<\/p>\n","protected":false},"featured_media":386192,"comment_status":"open","ping_status":"closed","template":"","meta":{"_trash_the_other_posts":false},"product_brand":[],"product_cat":[579,718],"product_tag":[3472],"berocket_brand":[1013],"class_list":{"0":"post-386195","1":"product","2":"type-product","3":"status-publish","4":"has-post-thumbnail","6":"product_cat-foundation","7":"product_cat-pudderfoundation","8":"product_tag-max-factor-facefinity-compact-foundation","9":"pa_brand-max-factor","10":"pa_variant-02-ivory","11":"berocket_brand-max-factor","13":"first","14":"instock","15":"sale","16":"taxable","17":"shipping-taxable","18":"purchasable","19":"product-type-simple"},"_links":{"self":[{"href":"https:\/\/stylingagenten.com\/no\/wp-json\/wp\/v2\/product\/386195","targetHints":{"allow":["GET"]}}],"collection":[{"href":"https:\/\/stylingagenten.com\/no\/wp-json\/wp\/v2\/product"}],"about":[{"href":"https:\/\/stylingagenten.com\/no\/wp-json\/wp\/v2\/types\/product"}],"replies":[{"embeddable":true,"href":"https:\/\/stylingagenten.com\/no\/wp-json\/wp\/v2\/comments?post=386195"}],"version-history":[{"count":0,"href":"https:\/\/stylingagenten.com\/no\/wp-json\/wp\/v2\/product\/386195\/revisions"}],"wp:featuredmedia":[{"embeddable":true,"href":"https:\/\/stylingagenten.com\/no\/wp-json\/wp\/v2\/media\/386192"}],"wp:attachment":[{"href":"https:\/\/stylingagenten.com\/no\/wp-json\/wp\/v2\/media?parent=386195"}],"wp:term":[{"taxonomy":"product_brand","embeddable":true,"href":"https:\/\/stylingagenten.com\/no\/wp-json\/wp\/v2\/product_brand?post=386195"},{"taxonomy":"product_cat","embeddable":true,"href":"https:\/\/stylingagenten.com\/no\/wp-json\/wp\/v2\/product_cat?post=386195"},{"taxonomy":"product_tag","embeddable":true,"href":"https:\/\/stylingagenten.com\/no\/wp-json\/wp\/v2\/product_tag?post=386195"},{"taxonomy":"berocket_brand","embeddable":true,"href":"https:\/\/stylingagenten.com\/no\/wp-json\/wp\/v2\/berocket_brand?post=386195"}],"curies":[{"name":"wp","href":"https:\/\/api.w.org\/{rel}","templated":true}]}}