{"id":385886,"date":"2025-05-18T21:35:38","date_gmt":"2025-05-18T21:35:38","guid":{"rendered":"https:\/\/staging2.stylingagenten.com\/no\/produkt\/shiseido-synchro-skin-self-refreshing-foundation-130-30ml\/"},"modified":"2026-03-30T07:29:46","modified_gmt":"2026-03-30T07:29:46","slug":"shiseido-synchro-skin-self-refreshing-foundation-130-30ml","status":"publish","type":"product","link":"https:\/\/stylingagenten.com\/no\/produkt\/shiseido-synchro-skin-self-refreshing-foundation-130-30ml\/","title":{"rendered":"Shiseido Synchro Skin Self Refreshing Foundation 130 30ml"},"content":{"rendered":"<p>Synchro Skin Self-Refreshing Foundation er en middels dekning byggbar foundation som lytter og tilpasser seg huden din slik at du f\u00e5r den samme friske og naturlige finishen morgen til kveld. Med ActiveForce-teknologien synkroniserer den med huden og hjelper den motst\u00e5 varme, fuktighet og bevegelse gjennom dagen. Inneholder ogs\u00e5 antioksidanter og fuktighetskremer som beskytter huden din og gir en naturlig gl\u00f8d samtidig som den holder huden glansfri. Lar huden din puste, er vanntett og gir feilfri vakker hud! <br \/>&#8211; Gir en perfekt finish <br \/>&#8211; Varer i 24 timer<\/p>\n","protected":false},"excerpt":{"rendered":"<p>Synchro Skin Self-Refreshing Foundation er en middels dekning byggbar foundation som lytter og tilpasser seg huden din slik at du f\u00e5r den samme friske og naturlige finishen morgen til kveld. Med ActiveForce-teknologien synkroniserer den med huden og hjelper den motst\u00e5 varme, fuktighet og bevegelse gjennom dagen. Inneholder ogs\u00e5 antioksidanter og fuktighetskremer som beskytter huden din [&hellip;]<\/p>\n","protected":false},"featured_media":385871,"comment_status":"open","ping_status":"closed","template":"","meta":{"_trash_the_other_posts":false},"product_brand":[],"product_cat":[579],"product_tag":[3991],"berocket_brand":[1193],"class_list":{"0":"post-385886","1":"product","2":"type-product","3":"status-publish","4":"has-post-thumbnail","6":"product_cat-foundation","7":"product_tag-shiseido-synchro-skin-self-refreshing-foundation-30ml","8":"pa_brand-shiseido","9":"pa_variant-4772","10":"berocket_brand-shiseido","12":"first","13":"instock","14":"sale","15":"taxable","16":"shipping-taxable","17":"purchasable","18":"product-type-simple"},"_links":{"self":[{"href":"https:\/\/stylingagenten.com\/no\/wp-json\/wp\/v2\/product\/385886","targetHints":{"allow":["GET"]}}],"collection":[{"href":"https:\/\/stylingagenten.com\/no\/wp-json\/wp\/v2\/product"}],"about":[{"href":"https:\/\/stylingagenten.com\/no\/wp-json\/wp\/v2\/types\/product"}],"replies":[{"embeddable":true,"href":"https:\/\/stylingagenten.com\/no\/wp-json\/wp\/v2\/comments?post=385886"}],"version-history":[{"count":0,"href":"https:\/\/stylingagenten.com\/no\/wp-json\/wp\/v2\/product\/385886\/revisions"}],"wp:featuredmedia":[{"embeddable":true,"href":"https:\/\/stylingagenten.com\/no\/wp-json\/wp\/v2\/media\/385871"}],"wp:attachment":[{"href":"https:\/\/stylingagenten.com\/no\/wp-json\/wp\/v2\/media?parent=385886"}],"wp:term":[{"taxonomy":"product_brand","embeddable":true,"href":"https:\/\/stylingagenten.com\/no\/wp-json\/wp\/v2\/product_brand?post=385886"},{"taxonomy":"product_cat","embeddable":true,"href":"https:\/\/stylingagenten.com\/no\/wp-json\/wp\/v2\/product_cat?post=385886"},{"taxonomy":"product_tag","embeddable":true,"href":"https:\/\/stylingagenten.com\/no\/wp-json\/wp\/v2\/product_tag?post=385886"},{"taxonomy":"berocket_brand","embeddable":true,"href":"https:\/\/stylingagenten.com\/no\/wp-json\/wp\/v2\/berocket_brand?post=385886"}],"curies":[{"name":"wp","href":"https:\/\/api.w.org\/{rel}","templated":true}]}}