{"id":385877,"date":"2025-05-18T21:35:37","date_gmt":"2025-05-18T21:35:37","guid":{"rendered":"https:\/\/staging2.stylingagenten.com\/no\/produkt\/shiseido-synchro-skin-self-refreshing-custom-finish-powder-foundation-310-silk-9g\/"},"modified":"2025-12-18T21:58:05","modified_gmt":"2025-12-18T21:58:05","slug":"shiseido-synchro-skin-self-refreshing-custom-finish-powder-foundation-310-silk-9g","status":"publish","type":"product","link":"https:\/\/stylingagenten.com\/no\/produkt\/shiseido-synchro-skin-self-refreshing-custom-finish-powder-foundation-310-silk-9g\/","title":{"rendered":"Shiseido Synchro Skin Self Refreshing Custom Finish Powder Foundation &#8211; 310 Silk 9g"},"content":{"rendered":"<p>Synchro Skin Self-Refreshing Custom Finish Powder Foundation er en kremaktig pudderfoundation som du kan p\u00e5f\u00f8re v\u00e5t eller t\u00f8rr for en tilpasset, naturlig finish som varer i opptil 24 timer. Ved \u00e5 bruke ActiveForce TM-teknologi synkroniserer denne foundationen med huden din og hjelper den motst\u00e5 varme, fuktighet og bevegelse. Synchro Skin Self-Refreshing Custom Finish Powder fukter huden hele dagen, er vektl\u00f8s og gir en naturlig finish. Passer for alle hudtyper.<\/p>\n","protected":false},"excerpt":{"rendered":"<p>Synchro Skin Self-Refreshing Custom Finish Powder Foundation er en kremaktig pudderfoundation som du kan p\u00e5f\u00f8re v\u00e5t eller t\u00f8rr for en tilpasset, naturlig finish som varer i opptil 24 timer. Ved \u00e5 bruke ActiveForce TM-teknologi synkroniserer denne foundationen med huden din og hjelper den motst\u00e5 varme, fuktighet og bevegelse. Synchro Skin Self-Refreshing Custom Finish Powder fukter [&hellip;]<\/p>\n","protected":false},"featured_media":385861,"comment_status":"open","ping_status":"closed","template":"","meta":{"_trash_the_other_posts":false},"product_brand":[],"product_cat":[1005,718],"product_tag":[3990],"berocket_brand":[1193],"class_list":{"0":"post-385877","1":"product","2":"type-product","3":"status-publish","4":"has-post-thumbnail","6":"product_cat-outlet","7":"product_cat-pudderfoundation","8":"product_tag-shiseido-synchro-skin-self-refreshing-custom-finish-powder-foundation-9g","9":"pa_brand-shiseido","10":"pa_variant-310-silk","11":"berocket_brand-shiseido","13":"first","14":"instock","15":"sale","16":"taxable","17":"shipping-taxable","18":"purchasable","19":"product-type-simple"},"_links":{"self":[{"href":"https:\/\/stylingagenten.com\/no\/wp-json\/wp\/v2\/product\/385877","targetHints":{"allow":["GET"]}}],"collection":[{"href":"https:\/\/stylingagenten.com\/no\/wp-json\/wp\/v2\/product"}],"about":[{"href":"https:\/\/stylingagenten.com\/no\/wp-json\/wp\/v2\/types\/product"}],"replies":[{"embeddable":true,"href":"https:\/\/stylingagenten.com\/no\/wp-json\/wp\/v2\/comments?post=385877"}],"version-history":[{"count":0,"href":"https:\/\/stylingagenten.com\/no\/wp-json\/wp\/v2\/product\/385877\/revisions"}],"wp:featuredmedia":[{"embeddable":true,"href":"https:\/\/stylingagenten.com\/no\/wp-json\/wp\/v2\/media\/385861"}],"wp:attachment":[{"href":"https:\/\/stylingagenten.com\/no\/wp-json\/wp\/v2\/media?parent=385877"}],"wp:term":[{"taxonomy":"product_brand","embeddable":true,"href":"https:\/\/stylingagenten.com\/no\/wp-json\/wp\/v2\/product_brand?post=385877"},{"taxonomy":"product_cat","embeddable":true,"href":"https:\/\/stylingagenten.com\/no\/wp-json\/wp\/v2\/product_cat?post=385877"},{"taxonomy":"product_tag","embeddable":true,"href":"https:\/\/stylingagenten.com\/no\/wp-json\/wp\/v2\/product_tag?post=385877"},{"taxonomy":"berocket_brand","embeddable":true,"href":"https:\/\/stylingagenten.com\/no\/wp-json\/wp\/v2\/berocket_brand?post=385877"}],"curies":[{"name":"wp","href":"https:\/\/api.w.org\/{rel}","templated":true}]}}