{"id":385774,"date":"2025-05-18T21:35:13","date_gmt":"2025-05-18T21:35:13","guid":{"rendered":"https:\/\/staging2.stylingagenten.com\/no\/produkt\/shiseido-synchro-skin-radiant-lifting-foundation-220-30ml\/"},"modified":"2026-03-15T19:37:37","modified_gmt":"2026-03-15T19:37:37","slug":"shiseido-synchro-skin-radiant-lifting-foundation-220-30ml","status":"publish","type":"product","link":"https:\/\/stylingagenten.com\/no\/produkt\/shiseido-synchro-skin-radiant-lifting-foundation-220-30ml\/","title":{"rendered":"Shiseido Synchro Skin Radiant Lifting Foundation 220 30ml"},"content":{"rendered":"<p>Shiseido Synchro Skin Radiant Lifting Foundation er en middels til full, byggbar dekkende foundationformel med nyskapende lysjusterende teknologi som takler de tre store hindringene for hudens utstr\u00e5ling: fine linjer og rynker, ujevn hudtone og tap av fuktighet.<br \/> En kombinasjon av gjennomskinnelige perler, str\u00e5lende mikrokrystaller og avanserte optiske filtre balanserer og tilpasser seg alle lysforhold i omgivelsene, mens en eksklusiv blanding av fuktighetsbevarende midler binder fuktighet til huden for 24-timers fuktighet. Infundert med mandarin peeling-ekstrakt for \u00e5 st\u00f8tte hudens gl\u00f8d, gir denne vektl\u00f8se foundationen umiddelbare resultater og varig gl\u00f8d. Beskytter med SPF30.<\/p>\n","protected":false},"excerpt":{"rendered":"<p>Shiseido Synchro Skin Radiant Lifting Foundation er en middels til full, byggbar dekkende foundationformel med nyskapende lysjusterende teknologi som takler de tre store hindringene for hudens utstr\u00e5ling: fine linjer og rynker, ujevn hudtone og tap av fuktighet. En kombinasjon av gjennomskinnelige perler, str\u00e5lende mikrokrystaller og avanserte optiske filtre balanserer og tilpasser seg alle lysforhold i [&hellip;]<\/p>\n","protected":false},"featured_media":385761,"comment_status":"open","ping_status":"closed","template":"","meta":{"_trash_the_other_posts":false},"product_brand":[],"product_cat":[579,1005],"product_tag":[3987],"berocket_brand":[1193],"class_list":{"0":"post-385774","1":"product","2":"type-product","3":"status-publish","4":"has-post-thumbnail","6":"product_cat-foundation","7":"product_cat-outlet","8":"product_tag-shiseido-synchro-skin-radiant-lifting-foundation-30ml","9":"pa_brand-shiseido","10":"pa_variant-4775","11":"berocket_brand-shiseido","13":"first","14":"instock","15":"sale","16":"taxable","17":"shipping-taxable","18":"purchasable","19":"product-type-simple"},"_links":{"self":[{"href":"https:\/\/stylingagenten.com\/no\/wp-json\/wp\/v2\/product\/385774","targetHints":{"allow":["GET"]}}],"collection":[{"href":"https:\/\/stylingagenten.com\/no\/wp-json\/wp\/v2\/product"}],"about":[{"href":"https:\/\/stylingagenten.com\/no\/wp-json\/wp\/v2\/types\/product"}],"replies":[{"embeddable":true,"href":"https:\/\/stylingagenten.com\/no\/wp-json\/wp\/v2\/comments?post=385774"}],"version-history":[{"count":0,"href":"https:\/\/stylingagenten.com\/no\/wp-json\/wp\/v2\/product\/385774\/revisions"}],"wp:featuredmedia":[{"embeddable":true,"href":"https:\/\/stylingagenten.com\/no\/wp-json\/wp\/v2\/media\/385761"}],"wp:attachment":[{"href":"https:\/\/stylingagenten.com\/no\/wp-json\/wp\/v2\/media?parent=385774"}],"wp:term":[{"taxonomy":"product_brand","embeddable":true,"href":"https:\/\/stylingagenten.com\/no\/wp-json\/wp\/v2\/product_brand?post=385774"},{"taxonomy":"product_cat","embeddable":true,"href":"https:\/\/stylingagenten.com\/no\/wp-json\/wp\/v2\/product_cat?post=385774"},{"taxonomy":"product_tag","embeddable":true,"href":"https:\/\/stylingagenten.com\/no\/wp-json\/wp\/v2\/product_tag?post=385774"},{"taxonomy":"berocket_brand","embeddable":true,"href":"https:\/\/stylingagenten.com\/no\/wp-json\/wp\/v2\/berocket_brand?post=385774"}],"curies":[{"name":"wp","href":"https:\/\/api.w.org\/{rel}","templated":true}]}}