{"id":385771,"date":"2025-05-18T21:35:13","date_gmt":"2025-05-18T21:35:13","guid":{"rendered":"https:\/\/staging2.stylingagenten.com\/no\/produkt\/max-factor-facefinity-lasting-performance-110-honey-35ml\/"},"modified":"2026-01-13T08:46:44","modified_gmt":"2026-01-13T08:46:44","slug":"max-factor-facefinity-lasting-performance-110-honey-35ml","status":"publish","type":"product","link":"https:\/\/stylingagenten.com\/no\/produkt\/max-factor-facefinity-lasting-performance-110-honey-35ml\/","title":{"rendered":"Max Factor Facefinity Lasting Performance 110 Honey 35ml"},"content":{"rendered":"<p>Foundation Max Factor Facefinity Lasting Performance holder seg hele dagen, fast og ber\u00f8ringsbestandig. Med et perfekt resultat som varer i minst 8 timer, vil huden din se og f\u00f8les friskere ut lenger. Motstandsdyktig mot ber\u00f8ring og i motsetning til andre oljebaserte foundations, tetter den ikke til porene eller irriterer sensitiv hud.<\/p>\n<p>Tips! Hvis du foretrekker flytende foundation, gj\u00f8r det til en vane \u00e5 alltid riste flasken f\u00f8r p\u00e5f\u00f8ring. Fargepigmenter kan ellers samle seg \u00abi et hj\u00f8rne\u00bb i emballasjen og gi en ujevn fordeling.<\/p>\n<p>Oljefri, heldekkende foundation som sitter hele dagen. Gir en halvmatt overflate. Fettabsorberende. Uparfymert. Passer for alle hudtyper bortsett fra ekstremt t\u00f8rr. 35 ml.<\/p>\n","protected":false},"excerpt":{"rendered":"<p>Foundation Max Factor Facefinity Lasting Performance holder seg hele dagen, fast og ber\u00f8ringsbestandig. Med et perfekt resultat som varer i minst 8 timer, vil huden din se og f\u00f8les friskere ut lenger. Motstandsdyktig mot ber\u00f8ring og i motsetning til andre oljebaserte foundations, tetter den ikke til porene eller irriterer sensitiv hud. Tips! Hvis du foretrekker [&hellip;]<\/p>\n","protected":false},"featured_media":385763,"comment_status":"open","ping_status":"closed","template":"","meta":{"_trash_the_other_posts":false},"product_brand":[],"product_cat":[579],"product_tag":[3473],"berocket_brand":[1013],"class_list":{"0":"post-385771","1":"product","2":"type-product","3":"status-publish","4":"has-post-thumbnail","6":"product_cat-foundation","7":"product_tag-max-factor-facefinity-lasting-performance-35ml","8":"pa_brand-max-factor","9":"pa_variant-110-honey","10":"berocket_brand-max-factor","12":"first","13":"instock","14":"sale","15":"taxable","16":"shipping-taxable","17":"purchasable","18":"product-type-simple"},"_links":{"self":[{"href":"https:\/\/stylingagenten.com\/no\/wp-json\/wp\/v2\/product\/385771","targetHints":{"allow":["GET"]}}],"collection":[{"href":"https:\/\/stylingagenten.com\/no\/wp-json\/wp\/v2\/product"}],"about":[{"href":"https:\/\/stylingagenten.com\/no\/wp-json\/wp\/v2\/types\/product"}],"replies":[{"embeddable":true,"href":"https:\/\/stylingagenten.com\/no\/wp-json\/wp\/v2\/comments?post=385771"}],"version-history":[{"count":0,"href":"https:\/\/stylingagenten.com\/no\/wp-json\/wp\/v2\/product\/385771\/revisions"}],"wp:featuredmedia":[{"embeddable":true,"href":"https:\/\/stylingagenten.com\/no\/wp-json\/wp\/v2\/media\/385763"}],"wp:attachment":[{"href":"https:\/\/stylingagenten.com\/no\/wp-json\/wp\/v2\/media?parent=385771"}],"wp:term":[{"taxonomy":"product_brand","embeddable":true,"href":"https:\/\/stylingagenten.com\/no\/wp-json\/wp\/v2\/product_brand?post=385771"},{"taxonomy":"product_cat","embeddable":true,"href":"https:\/\/stylingagenten.com\/no\/wp-json\/wp\/v2\/product_cat?post=385771"},{"taxonomy":"product_tag","embeddable":true,"href":"https:\/\/stylingagenten.com\/no\/wp-json\/wp\/v2\/product_tag?post=385771"},{"taxonomy":"berocket_brand","embeddable":true,"href":"https:\/\/stylingagenten.com\/no\/wp-json\/wp\/v2\/berocket_brand?post=385771"}],"curies":[{"name":"wp","href":"https:\/\/api.w.org\/{rel}","templated":true}]}}