{"id":385760,"date":"2025-05-18T21:35:11","date_gmt":"2025-05-18T21:35:11","guid":{"rendered":"https:\/\/staging2.stylingagenten.com\/no\/produkt\/max-factor-miracle-pure-skin-improving-foundation-33-crystal-beige-30ml\/"},"modified":"2026-01-05T09:18:47","modified_gmt":"2026-01-05T09:18:47","slug":"max-factor-miracle-pure-skin-improving-foundation-33-crystal-beige-30ml","status":"publish","type":"product","link":"https:\/\/stylingagenten.com\/no\/produkt\/max-factor-miracle-pure-skin-improving-foundation-33-crystal-beige-30ml\/","title":{"rendered":"Max Factor Miracle Pure Skin-Improving Foundation 33 Crystal Beige 30ml"},"content":{"rendered":"<p>Max Factor introduserer sitt siste mirakel &#8211; Miracle Pure Skin-Improving Foundation. En foundation inspirert av hudpleie og ansiktspleie, laget av Max Factor. Sminke beriket med hyaluronsyre, hvor hudpleie og kosmetikk blir \u00e9n i \u00e9n foundation. Klinisk bevist \u00e5 ta vare p\u00e5 huden mens du bruker den, og p\u00e5 bare ett minutt og med en enkelt dr\u00e5pe, gir den ikke bare huden vakker fyldighet, men ogs\u00e5 fem andre fordeler: bedre utstr\u00e5ling, fasthet, elastisitet, tetthet og smidighet.<\/p>\n<p>Den inneholder hele 89 % hudpleieingredienser, inkludert et kollagenforsterkende kompleks, vitamin C og hyaluronsyre, og hydrerer i opptil 24 timer. Perfekt for deg med litt t\u00f8rrere hud. Alt for en str\u00e5lende base makeup samtidig som huden din f\u00f8les god.<\/p>\n<p>&#8211; Middels byggbar dekning<br \/>&#8211; SPF 30PA+++ UVA\/UVB<br \/>&#8211; Dermatologisk testet<br \/>&#8211; Passer for alle, spesielt deg som er ser etter en foundation og hudpleie i ett<\/p>\n","protected":false},"excerpt":{"rendered":"<p>Max Factor introduserer sitt siste mirakel &#8211; Miracle Pure Skin-Improving Foundation. En foundation inspirert av hudpleie og ansiktspleie, laget av Max Factor. Sminke beriket med hyaluronsyre, hvor hudpleie og kosmetikk blir \u00e9n i \u00e9n foundation. Klinisk bevist \u00e5 ta vare p\u00e5 huden mens du bruker den, og p\u00e5 bare ett minutt og med en enkelt [&hellip;]<\/p>\n","protected":false},"featured_media":385753,"comment_status":"open","ping_status":"closed","template":"","meta":{"_trash_the_other_posts":false},"product_brand":[],"product_cat":[579],"product_tag":[3480],"berocket_brand":[1013],"class_list":{"0":"post-385760","1":"product","2":"type-product","3":"status-publish","4":"has-post-thumbnail","6":"product_cat-foundation","7":"product_tag-max-factor-miracle-pure-skin-improving-foundation-30ml","8":"pa_brand-max-factor","9":"pa_variant-33-crystal-beige","10":"berocket_brand-max-factor","12":"first","13":"instock","14":"sale","15":"taxable","16":"shipping-taxable","17":"purchasable","18":"product-type-simple"},"_links":{"self":[{"href":"https:\/\/stylingagenten.com\/no\/wp-json\/wp\/v2\/product\/385760","targetHints":{"allow":["GET"]}}],"collection":[{"href":"https:\/\/stylingagenten.com\/no\/wp-json\/wp\/v2\/product"}],"about":[{"href":"https:\/\/stylingagenten.com\/no\/wp-json\/wp\/v2\/types\/product"}],"replies":[{"embeddable":true,"href":"https:\/\/stylingagenten.com\/no\/wp-json\/wp\/v2\/comments?post=385760"}],"version-history":[{"count":0,"href":"https:\/\/stylingagenten.com\/no\/wp-json\/wp\/v2\/product\/385760\/revisions"}],"wp:featuredmedia":[{"embeddable":true,"href":"https:\/\/stylingagenten.com\/no\/wp-json\/wp\/v2\/media\/385753"}],"wp:attachment":[{"href":"https:\/\/stylingagenten.com\/no\/wp-json\/wp\/v2\/media?parent=385760"}],"wp:term":[{"taxonomy":"product_brand","embeddable":true,"href":"https:\/\/stylingagenten.com\/no\/wp-json\/wp\/v2\/product_brand?post=385760"},{"taxonomy":"product_cat","embeddable":true,"href":"https:\/\/stylingagenten.com\/no\/wp-json\/wp\/v2\/product_cat?post=385760"},{"taxonomy":"product_tag","embeddable":true,"href":"https:\/\/stylingagenten.com\/no\/wp-json\/wp\/v2\/product_tag?post=385760"},{"taxonomy":"berocket_brand","embeddable":true,"href":"https:\/\/stylingagenten.com\/no\/wp-json\/wp\/v2\/berocket_brand?post=385760"}],"curies":[{"name":"wp","href":"https:\/\/api.w.org\/{rel}","templated":true}]}}