{"id":385700,"date":"2025-05-18T21:34:58","date_gmt":"2025-05-18T21:34:58","guid":{"rendered":"https:\/\/staging2.stylingagenten.com\/no\/produkt\/maybelline-fit-me-matte-poreless-foundation-124-soft-sand\/"},"modified":"2026-03-31T15:38:37","modified_gmt":"2026-03-31T15:38:37","slug":"maybelline-fit-me-matte-poreless-foundation-124-soft-sand","status":"publish","type":"product","link":"https:\/\/stylingagenten.com\/no\/produkt\/maybelline-fit-me-matte-poreless-foundation-124-soft-sand\/","title":{"rendered":"Maybelline Fit Me Matte + Poreless Foundation &#8211; 124 Soft Sand"},"content":{"rendered":"<p>Maybelline Fit Me Matte + Poreless Foundation &#8211; 124 Soft Sand gir en matt finish og reduserer forekomsten av porer.<br \/>Formelen er oljefri og har en transparent primerbase som gir naturlig dekning som lar hudtonen skinne gjennom.<br \/>P\u00e5f\u00f8r jevnt over hele ansiktet med fingertuppene eller ved hjelp av en foundationb\u00f8rste eller svamp. Spesielt egnet for normal til fet hud.<\/p>\n","protected":false},"excerpt":{"rendered":"<p>Maybelline Fit Me Matte + Poreless Foundation &#8211; 124 Soft Sand gir en matt finish og reduserer forekomsten av porer.Formelen er oljefri og har en transparent primerbase som gir naturlig dekning som lar hudtonen skinne gjennom.P\u00e5f\u00f8r jevnt over hele ansiktet med fingertuppene eller ved hjelp av en foundationb\u00f8rste eller svamp. Spesielt egnet for normal til [&hellip;]<\/p>\n","protected":false},"featured_media":385694,"comment_status":"open","ping_status":"closed","template":"","meta":{"_trash_the_other_posts":false},"product_brand":[],"product_cat":[579],"product_tag":[3499],"berocket_brand":[1016],"class_list":{"0":"post-385700","1":"product","2":"type-product","3":"status-publish","4":"has-post-thumbnail","6":"product_cat-foundation","7":"product_tag-maybelline-fit-me-matte-poreless-foundation","8":"pa_brand-maybelline","9":"pa_variant-124-soft-sand","10":"berocket_brand-maybelline","12":"first","13":"outofstock","14":"sale","15":"taxable","16":"shipping-taxable","17":"purchasable","18":"product-type-simple"},"_links":{"self":[{"href":"https:\/\/stylingagenten.com\/no\/wp-json\/wp\/v2\/product\/385700","targetHints":{"allow":["GET"]}}],"collection":[{"href":"https:\/\/stylingagenten.com\/no\/wp-json\/wp\/v2\/product"}],"about":[{"href":"https:\/\/stylingagenten.com\/no\/wp-json\/wp\/v2\/types\/product"}],"replies":[{"embeddable":true,"href":"https:\/\/stylingagenten.com\/no\/wp-json\/wp\/v2\/comments?post=385700"}],"version-history":[{"count":0,"href":"https:\/\/stylingagenten.com\/no\/wp-json\/wp\/v2\/product\/385700\/revisions"}],"wp:featuredmedia":[{"embeddable":true,"href":"https:\/\/stylingagenten.com\/no\/wp-json\/wp\/v2\/media\/385694"}],"wp:attachment":[{"href":"https:\/\/stylingagenten.com\/no\/wp-json\/wp\/v2\/media?parent=385700"}],"wp:term":[{"taxonomy":"product_brand","embeddable":true,"href":"https:\/\/stylingagenten.com\/no\/wp-json\/wp\/v2\/product_brand?post=385700"},{"taxonomy":"product_cat","embeddable":true,"href":"https:\/\/stylingagenten.com\/no\/wp-json\/wp\/v2\/product_cat?post=385700"},{"taxonomy":"product_tag","embeddable":true,"href":"https:\/\/stylingagenten.com\/no\/wp-json\/wp\/v2\/product_tag?post=385700"},{"taxonomy":"berocket_brand","embeddable":true,"href":"https:\/\/stylingagenten.com\/no\/wp-json\/wp\/v2\/berocket_brand?post=385700"}],"curies":[{"name":"wp","href":"https:\/\/api.w.org\/{rel}","templated":true}]}}