{"id":385668,"date":"2025-05-18T21:34:51","date_gmt":"2025-05-18T21:34:51","guid":{"rendered":"https:\/\/staging2.stylingagenten.com\/no\/produkt\/artdeco-mineral-powder-foundation-4-light-beige-15g\/"},"modified":"2026-04-13T08:29:06","modified_gmt":"2026-04-13T08:29:06","slug":"artdeco-mineral-powder-foundation-4-light-beige-15g","status":"publish","type":"product","link":"https:\/\/stylingagenten.com\/no\/produkt\/artdeco-mineral-powder-foundation-4-light-beige-15g\/","title":{"rendered":"Artdeco Mineral Powder Foundation 4 Light Beige 15g"},"content":{"rendered":"<p>Artdeco Mineral Powder Foundation 4 Light Beige 15g<br \/>Mineral Powder Foundation skaper en fl\u00f8yelsmyk og naturlig finish med utrolig dekning som jevner ut huden. Inneholder h\u00f8ykvalitets mineraler som sink og magnesium og passer for alle hudtyper \u2013 fra sensitiv til fet. Beskytter ogs\u00e5 mot UVA- og UVB-str\u00e5ler takket v\u00e6re titandioksid og sinkoksid.<br \/>\u2022 Mineralfoundation med fl\u00f8yelsmykhet og naturlig finish<br \/>\u2022 H\u00f8y dekningsgrad<br \/>\u2022 Passer alle hudtyper<br \/>\u2022 Beskytter mot UVA- og UVB-str\u00e5ler<\/p>\n","protected":false},"excerpt":{"rendered":"<p>Artdeco Mineral Powder Foundation 4 Light Beige 15gMineral Powder Foundation skaper en fl\u00f8yelsmyk og naturlig finish med utrolig dekning som jevner ut huden. Inneholder h\u00f8ykvalitets mineraler som sink og magnesium og passer for alle hudtyper \u2013 fra sensitiv til fet. Beskytter ogs\u00e5 mot UVA- og UVB-str\u00e5ler takket v\u00e6re titandioksid og sinkoksid.\u2022 Mineralfoundation med fl\u00f8yelsmykhet og [&hellip;]<\/p>\n","protected":false},"featured_media":385667,"comment_status":"open","ping_status":"closed","template":"","meta":{"_trash_the_other_posts":false},"product_brand":[],"product_cat":[718],"product_tag":[2436],"berocket_brand":[1385],"class_list":{"0":"post-385668","1":"product","2":"type-product","3":"status-publish","4":"has-post-thumbnail","6":"product_cat-pudderfoundation","7":"product_tag-artdeco-mineral-powder-foundation-15g","8":"pa_brand-artdeco","9":"pa_variant-4-light-beige","10":"berocket_brand-artdeco","12":"first","13":"instock","14":"sale","15":"taxable","16":"shipping-taxable","17":"purchasable","18":"product-type-simple"},"_links":{"self":[{"href":"https:\/\/stylingagenten.com\/no\/wp-json\/wp\/v2\/product\/385668","targetHints":{"allow":["GET"]}}],"collection":[{"href":"https:\/\/stylingagenten.com\/no\/wp-json\/wp\/v2\/product"}],"about":[{"href":"https:\/\/stylingagenten.com\/no\/wp-json\/wp\/v2\/types\/product"}],"replies":[{"embeddable":true,"href":"https:\/\/stylingagenten.com\/no\/wp-json\/wp\/v2\/comments?post=385668"}],"version-history":[{"count":0,"href":"https:\/\/stylingagenten.com\/no\/wp-json\/wp\/v2\/product\/385668\/revisions"}],"wp:featuredmedia":[{"embeddable":true,"href":"https:\/\/stylingagenten.com\/no\/wp-json\/wp\/v2\/media\/385667"}],"wp:attachment":[{"href":"https:\/\/stylingagenten.com\/no\/wp-json\/wp\/v2\/media?parent=385668"}],"wp:term":[{"taxonomy":"product_brand","embeddable":true,"href":"https:\/\/stylingagenten.com\/no\/wp-json\/wp\/v2\/product_brand?post=385668"},{"taxonomy":"product_cat","embeddable":true,"href":"https:\/\/stylingagenten.com\/no\/wp-json\/wp\/v2\/product_cat?post=385668"},{"taxonomy":"product_tag","embeddable":true,"href":"https:\/\/stylingagenten.com\/no\/wp-json\/wp\/v2\/product_tag?post=385668"},{"taxonomy":"berocket_brand","embeddable":true,"href":"https:\/\/stylingagenten.com\/no\/wp-json\/wp\/v2\/berocket_brand?post=385668"}],"curies":[{"name":"wp","href":"https:\/\/api.w.org\/{rel}","templated":true}]}}