{"id":385634,"date":"2025-05-18T21:34:44","date_gmt":"2025-05-18T21:34:44","guid":{"rendered":"https:\/\/staging2.stylingagenten.com\/no\/produkt\/artdeco-rich-treatment-foundation-12-vanilla-rose-20ml\/"},"modified":"2026-03-29T13:37:35","modified_gmt":"2026-03-29T13:37:35","slug":"artdeco-rich-treatment-foundation-12-vanilla-rose-20ml","status":"publish","type":"product","link":"https:\/\/stylingagenten.com\/no\/produkt\/artdeco-rich-treatment-foundation-12-vanilla-rose-20ml\/","title":{"rendered":"Artdeco Rich Treatment Foundation 12 Vanilla Rose 20ml"},"content":{"rendered":"<p>Artdeco Rich Treatment Foundation 12 Vanilla Rose 20ml<br \/>Leter du etter feilfri hud som utstr\u00e5ler gl\u00f8d? Sjekk ut Rich Treatment Foundation! Den luksuri\u00f8se formelen inneholder lysreflekterende pigmenter som skjuler fine linjer, rynker og sm\u00e5 urenheter. H\u00f8y dekning, langvarig og fl\u00f8yelsmyk finish. Squalane gj\u00f8r huden synlig glattere og UV-filtre beskytter mot ytre milj\u00f8p\u00e5virkninger.<\/p>\n<p>&#8211; Lysreflekterende pigmenter<br \/>&#8211; Utmerket dekning<br \/>&#8211; Fl\u00f8yelsmyk finish<br \/>&#8211; Squalane for synlig glattere hud<br \/> &#8211; UV-filter<br \/>&#8211; Vegansk<\/p>\n","protected":false},"excerpt":{"rendered":"<p>Artdeco Rich Treatment Foundation 12 Vanilla Rose 20mlLeter du etter feilfri hud som utstr\u00e5ler gl\u00f8d? Sjekk ut Rich Treatment Foundation! Den luksuri\u00f8se formelen inneholder lysreflekterende pigmenter som skjuler fine linjer, rynker og sm\u00e5 urenheter. H\u00f8y dekning, langvarig og fl\u00f8yelsmyk finish. Squalane gj\u00f8r huden synlig glattere og UV-filtre beskytter mot ytre milj\u00f8p\u00e5virkninger. &#8211; Lysreflekterende pigmenter&#8211; Utmerket [&hellip;]<\/p>\n","protected":false},"featured_media":385632,"comment_status":"open","ping_status":"closed","template":"","meta":{"_trash_the_other_posts":false},"product_brand":[],"product_cat":[579],"product_tag":[2439],"berocket_brand":[1385],"class_list":{"0":"post-385634","1":"product","2":"type-product","3":"status-publish","4":"has-post-thumbnail","6":"product_cat-foundation","7":"product_tag-artdeco-rich-treatment-foundation-20ml","8":"pa_brand-artdeco","9":"pa_variant-12-vanilla-rose","10":"berocket_brand-artdeco","12":"first","13":"instock","14":"sale","15":"taxable","16":"shipping-taxable","17":"purchasable","18":"product-type-simple"},"_links":{"self":[{"href":"https:\/\/stylingagenten.com\/no\/wp-json\/wp\/v2\/product\/385634","targetHints":{"allow":["GET"]}}],"collection":[{"href":"https:\/\/stylingagenten.com\/no\/wp-json\/wp\/v2\/product"}],"about":[{"href":"https:\/\/stylingagenten.com\/no\/wp-json\/wp\/v2\/types\/product"}],"replies":[{"embeddable":true,"href":"https:\/\/stylingagenten.com\/no\/wp-json\/wp\/v2\/comments?post=385634"}],"version-history":[{"count":0,"href":"https:\/\/stylingagenten.com\/no\/wp-json\/wp\/v2\/product\/385634\/revisions"}],"wp:featuredmedia":[{"embeddable":true,"href":"https:\/\/stylingagenten.com\/no\/wp-json\/wp\/v2\/media\/385632"}],"wp:attachment":[{"href":"https:\/\/stylingagenten.com\/no\/wp-json\/wp\/v2\/media?parent=385634"}],"wp:term":[{"taxonomy":"product_brand","embeddable":true,"href":"https:\/\/stylingagenten.com\/no\/wp-json\/wp\/v2\/product_brand?post=385634"},{"taxonomy":"product_cat","embeddable":true,"href":"https:\/\/stylingagenten.com\/no\/wp-json\/wp\/v2\/product_cat?post=385634"},{"taxonomy":"product_tag","embeddable":true,"href":"https:\/\/stylingagenten.com\/no\/wp-json\/wp\/v2\/product_tag?post=385634"},{"taxonomy":"berocket_brand","embeddable":true,"href":"https:\/\/stylingagenten.com\/no\/wp-json\/wp\/v2\/berocket_brand?post=385634"}],"curies":[{"name":"wp","href":"https:\/\/api.w.org\/{rel}","templated":true}]}}