{"id":385623,"date":"2025-05-18T21:34:42","date_gmt":"2025-05-18T21:34:42","guid":{"rendered":"https:\/\/staging2.stylingagenten.com\/no\/produkt\/max-factor-lasting-performance-95-ivory\/"},"modified":"2025-12-28T09:47:55","modified_gmt":"2025-12-28T09:47:55","slug":"max-factor-lasting-performance-95-ivory","status":"publish","type":"product","link":"https:\/\/stylingagenten.com\/no\/produkt\/max-factor-lasting-performance-95-ivory\/","title":{"rendered":"Max Factor Lasting Performance 95 Ivory"},"content":{"rendered":"<p>Max Factor Lasting Performance 95<br \/>En fantastisk dekkkrem fra Max Factor som t\u00e5ler ber\u00f8ring og som garantert dekker i 8 timer. Den inneholder en smussfri formel som betyr at den t\u00e5ler t\u00f8ffe forhold og ikke sm\u00f8rer p\u00e5 kl\u00e6rne.<br \/>Concealeren er luktfri, egnet for sensitiv hud og tetter ikke porene eller for\u00e5rsaker uren hud.<\/p>\n","protected":false},"excerpt":{"rendered":"<p>Max Factor Lasting Performance 95En fantastisk dekkkrem fra Max Factor som t\u00e5ler ber\u00f8ring og som garantert dekker i 8 timer. Den inneholder en smussfri formel som betyr at den t\u00e5ler t\u00f8ffe forhold og ikke sm\u00f8rer p\u00e5 kl\u00e6rne.Concealeren er luktfri, egnet for sensitiv hud og tetter ikke porene eller for\u00e5rsaker uren hud.<\/p>\n","protected":false},"featured_media":385622,"comment_status":"open","ping_status":"closed","template":"","meta":{"_trash_the_other_posts":false},"product_brand":[],"product_cat":[579],"product_tag":[3477],"berocket_brand":[1013],"class_list":{"0":"post-385623","1":"product","2":"type-product","3":"status-publish","4":"has-post-thumbnail","6":"product_cat-foundation","7":"product_tag-max-factor-lasting-performance","8":"pa_brand-max-factor","9":"pa_variant-95-ivory","10":"berocket_brand-max-factor","12":"first","13":"instock","14":"sale","15":"taxable","16":"shipping-taxable","17":"purchasable","18":"product-type-simple"},"_links":{"self":[{"href":"https:\/\/stylingagenten.com\/no\/wp-json\/wp\/v2\/product\/385623","targetHints":{"allow":["GET"]}}],"collection":[{"href":"https:\/\/stylingagenten.com\/no\/wp-json\/wp\/v2\/product"}],"about":[{"href":"https:\/\/stylingagenten.com\/no\/wp-json\/wp\/v2\/types\/product"}],"replies":[{"embeddable":true,"href":"https:\/\/stylingagenten.com\/no\/wp-json\/wp\/v2\/comments?post=385623"}],"version-history":[{"count":0,"href":"https:\/\/stylingagenten.com\/no\/wp-json\/wp\/v2\/product\/385623\/revisions"}],"wp:featuredmedia":[{"embeddable":true,"href":"https:\/\/stylingagenten.com\/no\/wp-json\/wp\/v2\/media\/385622"}],"wp:attachment":[{"href":"https:\/\/stylingagenten.com\/no\/wp-json\/wp\/v2\/media?parent=385623"}],"wp:term":[{"taxonomy":"product_brand","embeddable":true,"href":"https:\/\/stylingagenten.com\/no\/wp-json\/wp\/v2\/product_brand?post=385623"},{"taxonomy":"product_cat","embeddable":true,"href":"https:\/\/stylingagenten.com\/no\/wp-json\/wp\/v2\/product_cat?post=385623"},{"taxonomy":"product_tag","embeddable":true,"href":"https:\/\/stylingagenten.com\/no\/wp-json\/wp\/v2\/product_tag?post=385623"},{"taxonomy":"berocket_brand","embeddable":true,"href":"https:\/\/stylingagenten.com\/no\/wp-json\/wp\/v2\/berocket_brand?post=385623"}],"curies":[{"name":"wp","href":"https:\/\/api.w.org\/{rel}","templated":true}]}}