{"id":385593,"date":"2025-05-18T21:34:36","date_gmt":"2025-05-18T21:34:36","guid":{"rendered":"https:\/\/staging2.stylingagenten.com\/no\/produkt\/max-factor-facefinity-3-in-1-foundation-78-warm-honey\/"},"modified":"2025-12-17T11:43:00","modified_gmt":"2025-12-17T11:43:00","slug":"max-factor-facefinity-3-in-1-foundation-78-warm-honey","status":"publish","type":"product","link":"https:\/\/stylingagenten.com\/no\/produkt\/max-factor-facefinity-3-in-1-foundation-78-warm-honey\/","title":{"rendered":"Max Factor Facefinity 3 In 1 Foundation 78 Warm Honey"},"content":{"rendered":"<p>Max Factor Facefinity 3 In 1 Foundation 78 Varm honning<br \/>Max Factor Facefinity All Day Flawless Foundation gir deg en perfekt og super slitesterk look og motst\u00e5r vann og varme samt fukt og svette. En 3-i-1 flytende foundation som fungerer som en ansiktsprimer og concealer og varer i opptil 30 timer.<br \/>&#8211;<br \/>Facefinity All Day Flawless Foundation, gir fantastisk dekning som skjuler r\u00f8dhet og urenheter, mens du puster. Motstandsdyktig mot b\u00e5de vann, varme og fuktighet og inneholder SPF 20 som beskytter huden mot solens skadelige UVA\/UVB-str\u00e5ler, samtidig som den beskytter huden mot milj\u00f8faktorer som bl\u00e5tt lys og forurensning.<br \/>&#8211;<br \/>Denne glatte Max. Factor foundation holder sminken p\u00e5 plass mens concealeren effektivt dekker urenheter og m\u00f8rke ringer. Flexi-hold-teknologi lar denne foundationen bevege seg med huden, og gir deg en perfekt, langvarig finish som ikke vil flekker.<br \/>&#8211;<br \/>Denne foundationen inneholder tre typer oljeabsorberende pudder som gir byggbar dekning. Den glir lett over huden for enkel p\u00e5f\u00f8ring og har en super langvarig matt finish.<\/p>\n","protected":false},"excerpt":{"rendered":"<p>Max Factor Facefinity 3 In 1 Foundation 78 Varm honningMax Factor Facefinity All Day Flawless Foundation gir deg en perfekt og super slitesterk look og motst\u00e5r vann og varme samt fukt og svette. En 3-i-1 flytende foundation som fungerer som en ansiktsprimer og concealer og varer i opptil 30 timer.&#8211;Facefinity All Day Flawless Foundation, gir [&hellip;]<\/p>\n","protected":false},"featured_media":385583,"comment_status":"open","ping_status":"closed","template":"","meta":{"_trash_the_other_posts":false},"product_brand":[],"product_cat":[579],"product_tag":[3470],"berocket_brand":[1013],"class_list":{"0":"post-385593","1":"product","2":"type-product","3":"status-publish","4":"has-post-thumbnail","6":"product_cat-foundation","7":"product_tag-max-factor-facefinity-3-in-1-foundation","8":"pa_brand-max-factor","9":"pa_variant-78-warm-honey","10":"berocket_brand-max-factor","12":"first","13":"instock","14":"sale","15":"taxable","16":"shipping-taxable","17":"purchasable","18":"product-type-simple"},"_links":{"self":[{"href":"https:\/\/stylingagenten.com\/no\/wp-json\/wp\/v2\/product\/385593","targetHints":{"allow":["GET"]}}],"collection":[{"href":"https:\/\/stylingagenten.com\/no\/wp-json\/wp\/v2\/product"}],"about":[{"href":"https:\/\/stylingagenten.com\/no\/wp-json\/wp\/v2\/types\/product"}],"replies":[{"embeddable":true,"href":"https:\/\/stylingagenten.com\/no\/wp-json\/wp\/v2\/comments?post=385593"}],"version-history":[{"count":0,"href":"https:\/\/stylingagenten.com\/no\/wp-json\/wp\/v2\/product\/385593\/revisions"}],"wp:featuredmedia":[{"embeddable":true,"href":"https:\/\/stylingagenten.com\/no\/wp-json\/wp\/v2\/media\/385583"}],"wp:attachment":[{"href":"https:\/\/stylingagenten.com\/no\/wp-json\/wp\/v2\/media?parent=385593"}],"wp:term":[{"taxonomy":"product_brand","embeddable":true,"href":"https:\/\/stylingagenten.com\/no\/wp-json\/wp\/v2\/product_brand?post=385593"},{"taxonomy":"product_cat","embeddable":true,"href":"https:\/\/stylingagenten.com\/no\/wp-json\/wp\/v2\/product_cat?post=385593"},{"taxonomy":"product_tag","embeddable":true,"href":"https:\/\/stylingagenten.com\/no\/wp-json\/wp\/v2\/product_tag?post=385593"},{"taxonomy":"berocket_brand","embeddable":true,"href":"https:\/\/stylingagenten.com\/no\/wp-json\/wp\/v2\/berocket_brand?post=385593"}],"curies":[{"name":"wp","href":"https:\/\/api.w.org\/{rel}","templated":true}]}}