{"id":385584,"date":"2025-05-18T21:34:35","date_gmt":"2025-05-18T21:34:35","guid":{"rendered":"https:\/\/staging2.stylingagenten.com\/no\/produkt\/artdeco-perfect-teint-foundation-32-cool-cashew-20ml\/"},"modified":"2025-12-18T21:29:32","modified_gmt":"2025-12-18T21:29:32","slug":"artdeco-perfect-teint-foundation-32-cool-cashew-20ml","status":"publish","type":"product","link":"https:\/\/stylingagenten.com\/no\/produkt\/artdeco-perfect-teint-foundation-32-cool-cashew-20ml\/","title":{"rendered":"Artdeco Perfect Teint Foundation 32 Cool Cashew 20ml"},"content":{"rendered":"<p>Leter du etter en foundation som f\u00f8les som en ny hud? Pr\u00f8v Perfect Teint Foundation! Den lette formelen er oljefri og inneholder fine pulverpartikler som absorberer olje \u2013 resultatet er en frisk og matt finish som dekker mindre flekker og ujevnheter. Inneholder ogs\u00e5 ingredienser som fukter, lindrer, beskytter og n\u00e6rer.<\/p>\n<p>&#8211; Lett og oljefri foundation<br \/>&#8211; Frisk og matt finish<br \/>&#8211; Dekker mindre flekker og ujevnheter<br \/>&#8211; Fukter, lindrer, beskytter og n\u00e6rer<br \/>&#8211; Vegan<\/p>\n<p>Hyaluronsyre fukter, bisabolol virker beroligende, ferskenblomstekstrakt beskytter mot skadelige ytre p\u00e5virkninger og ingef\u00e6rrotekstrakt har en antibakteriell og n\u00e6rende effekt.<\/p>\n","protected":false},"excerpt":{"rendered":"<p>Leter du etter en foundation som f\u00f8les som en ny hud? Pr\u00f8v Perfect Teint Foundation! Den lette formelen er oljefri og inneholder fine pulverpartikler som absorberer olje \u2013 resultatet er en frisk og matt finish som dekker mindre flekker og ujevnheter. Inneholder ogs\u00e5 ingredienser som fukter, lindrer, beskytter og n\u00e6rer. &#8211; Lett og oljefri foundation&#8211; [&hellip;]<\/p>\n","protected":false},"featured_media":385574,"comment_status":"open","ping_status":"closed","template":"","meta":{"_trash_the_other_posts":false},"product_brand":[],"product_cat":[579],"product_tag":[2438],"berocket_brand":[1385],"class_list":{"0":"post-385584","1":"product","2":"type-product","3":"status-publish","4":"has-post-thumbnail","6":"product_cat-foundation","7":"product_tag-artdeco-perfect-teint-foundation-20ml","8":"pa_brand-artdeco","9":"pa_variant-32-cool-cashew","10":"berocket_brand-artdeco","12":"first","13":"instock","14":"sale","15":"taxable","16":"shipping-taxable","17":"purchasable","18":"product-type-simple"},"_links":{"self":[{"href":"https:\/\/stylingagenten.com\/no\/wp-json\/wp\/v2\/product\/385584","targetHints":{"allow":["GET"]}}],"collection":[{"href":"https:\/\/stylingagenten.com\/no\/wp-json\/wp\/v2\/product"}],"about":[{"href":"https:\/\/stylingagenten.com\/no\/wp-json\/wp\/v2\/types\/product"}],"replies":[{"embeddable":true,"href":"https:\/\/stylingagenten.com\/no\/wp-json\/wp\/v2\/comments?post=385584"}],"version-history":[{"count":0,"href":"https:\/\/stylingagenten.com\/no\/wp-json\/wp\/v2\/product\/385584\/revisions"}],"wp:featuredmedia":[{"embeddable":true,"href":"https:\/\/stylingagenten.com\/no\/wp-json\/wp\/v2\/media\/385574"}],"wp:attachment":[{"href":"https:\/\/stylingagenten.com\/no\/wp-json\/wp\/v2\/media?parent=385584"}],"wp:term":[{"taxonomy":"product_brand","embeddable":true,"href":"https:\/\/stylingagenten.com\/no\/wp-json\/wp\/v2\/product_brand?post=385584"},{"taxonomy":"product_cat","embeddable":true,"href":"https:\/\/stylingagenten.com\/no\/wp-json\/wp\/v2\/product_cat?post=385584"},{"taxonomy":"product_tag","embeddable":true,"href":"https:\/\/stylingagenten.com\/no\/wp-json\/wp\/v2\/product_tag?post=385584"},{"taxonomy":"berocket_brand","embeddable":true,"href":"https:\/\/stylingagenten.com\/no\/wp-json\/wp\/v2\/berocket_brand?post=385584"}],"curies":[{"name":"wp","href":"https:\/\/api.w.org\/{rel}","templated":true}]}}