{"id":385577,"date":"2025-05-18T21:34:33","date_gmt":"2025-05-18T21:34:33","guid":{"rendered":"https:\/\/staging2.stylingagenten.com\/no\/produkt\/loreal-infaillible-24h-fresh-wear-powder-foundation-vanilla-120\/"},"modified":"2026-03-26T03:57:37","modified_gmt":"2026-03-26T03:57:37","slug":"loreal-infaillible-24h-fresh-wear-powder-foundation-vanilla-120","status":"publish","type":"product","link":"https:\/\/stylingagenten.com\/no\/produkt\/loreal-infaillible-24h-fresh-wear-powder-foundation-vanilla-120\/","title":{"rendered":"L&#8217;Oreal Infaillible 24h Fresh Wear Powder Foundation Vanilla 120"},"content":{"rendered":"<p>Oppdag Infallible 24H Fresh Wear Foundation In A Powder fra L&#8217;Or\u00e9al Paris. Pulverfoundation som dekker, samtidig som den gir et matt resultat uten \u00e5 v\u00e6re kakete. Dette er mer enn bare et pudder! Produktet er beriket med fine pigmenter som fanges opp av huden for en matt og naturlig finish hele dagen. Den er lett \u00e5 blande og gir huden en naturlig, feilfri, fl\u00f8yelsmyk og matt finish. &#8211; Tilgjengelig i 8 nyanser for \u00e5 matche forskjellige hudtoner. Sm\u00f8rer ikke. Svettebestandig. Vanntett. &#8211; Varme- og fuktbestandig F\u00e5 mer ut av pudderet ditt!<\/p>\n","protected":false},"excerpt":{"rendered":"<p>Oppdag Infallible 24H Fresh Wear Foundation In A Powder fra L&#8217;Or\u00e9al Paris. Pulverfoundation som dekker, samtidig som den gir et matt resultat uten \u00e5 v\u00e6re kakete. Dette er mer enn bare et pudder! Produktet er beriket med fine pigmenter som fanges opp av huden for en matt og naturlig finish hele dagen. Den er lett [&hellip;]<\/p>\n","protected":false},"featured_media":385570,"comment_status":"open","ping_status":"closed","template":"","meta":{"_trash_the_other_posts":false},"product_brand":[],"product_cat":[718],"product_tag":[3233],"berocket_brand":[2001],"class_list":{"0":"post-385577","1":"product","2":"type-product","3":"status-publish","4":"has-post-thumbnail","6":"product_cat-pudderfoundation","7":"product_tag-loreal-infaillible-24h-fresh-wear-powder-foundation","8":"pa_brand-loreal-paris","9":"pa_variant-vanilla-120","10":"berocket_brand-loreal-paris","12":"first","13":"instock","14":"sale","15":"taxable","16":"shipping-taxable","17":"purchasable","18":"product-type-simple"},"_links":{"self":[{"href":"https:\/\/stylingagenten.com\/no\/wp-json\/wp\/v2\/product\/385577","targetHints":{"allow":["GET"]}}],"collection":[{"href":"https:\/\/stylingagenten.com\/no\/wp-json\/wp\/v2\/product"}],"about":[{"href":"https:\/\/stylingagenten.com\/no\/wp-json\/wp\/v2\/types\/product"}],"replies":[{"embeddable":true,"href":"https:\/\/stylingagenten.com\/no\/wp-json\/wp\/v2\/comments?post=385577"}],"version-history":[{"count":0,"href":"https:\/\/stylingagenten.com\/no\/wp-json\/wp\/v2\/product\/385577\/revisions"}],"wp:featuredmedia":[{"embeddable":true,"href":"https:\/\/stylingagenten.com\/no\/wp-json\/wp\/v2\/media\/385570"}],"wp:attachment":[{"href":"https:\/\/stylingagenten.com\/no\/wp-json\/wp\/v2\/media?parent=385577"}],"wp:term":[{"taxonomy":"product_brand","embeddable":true,"href":"https:\/\/stylingagenten.com\/no\/wp-json\/wp\/v2\/product_brand?post=385577"},{"taxonomy":"product_cat","embeddable":true,"href":"https:\/\/stylingagenten.com\/no\/wp-json\/wp\/v2\/product_cat?post=385577"},{"taxonomy":"product_tag","embeddable":true,"href":"https:\/\/stylingagenten.com\/no\/wp-json\/wp\/v2\/product_tag?post=385577"},{"taxonomy":"berocket_brand","embeddable":true,"href":"https:\/\/stylingagenten.com\/no\/wp-json\/wp\/v2\/berocket_brand?post=385577"}],"curies":[{"name":"wp","href":"https:\/\/api.w.org\/{rel}","templated":true}]}}