{"id":385528,"date":"2025-05-18T21:34:26","date_gmt":"2025-05-18T21:34:26","guid":{"rendered":"https:\/\/staging2.stylingagenten.com\/no\/produkt\/max-factor-miracle-second-skin-foundation-10-golden-tan\/"},"modified":"2025-12-19T14:45:31","modified_gmt":"2025-12-19T14:45:31","slug":"max-factor-miracle-second-skin-foundation-10-golden-tan","status":"publish","type":"product","link":"https:\/\/stylingagenten.com\/no\/produkt\/max-factor-miracle-second-skin-foundation-10-golden-tan\/","title":{"rendered":"Max Factor Miracle Second Skin Foundation 10 Golden Tan"},"content":{"rendered":"<p>Max Factor Miracle Second Skin er en hybrid-foundation som pleier, jevner ut huden og gir lett dekning. Miracle Second Skin fukter med kokosmelk og aloe vera, samtidig som den beskytter huden med pre- og probiotika, samt SPF20.<\/p>\n<p>Miracle Second Skin holder huden fuktig hele dagen samtidig som den gir en naturlig gl\u00f8d. Den er tynn og enkel \u00e5 p\u00e5f\u00f8re, og f\u00f8les fj\u00e6rlett p\u00e5 huden og gir en lett og naturlig dekning. Huden fuktes med kokosmelk, n\u00e6rende aloe vera, og beskyttes og fornyes med pre- og probiotika. Miracle Second Skin inneholder ogs\u00e5 SPF 20 og er beriket med vitamin B, C og betakaroten for elastisitet, glans og gl\u00f8d til huden din. Dette er en boostende foundation som passer for alle hudtyper, inkludert sensitiv hud. Klinisk og dermatologisk testet.<\/p>\n<p>-Lett dekning og jevnhet<br \/>\n<br \/>-Beriket med fuktighetsgivende kokosmelk og aloe vera<br \/>\n<br \/>-Booster med pre- og probiotika, samt vitamin B og C<br \/>\n<br \/>-SPF 20<br \/>\n<br \/>-Klinisk testet<br \/>\n<br \/>-Dermatologisk testet<\/p>\n<p>33ml<\/p>\n","protected":false},"excerpt":{"rendered":"<p>Max Factor Miracle Second Skin er en hybrid-foundation som pleier, jevner ut huden og gir lett dekning. Miracle Second Skin fukter med kokosmelk og aloe vera, samtidig som den beskytter huden med pre- og probiotika, samt SPF20. Miracle Second Skin holder huden fuktig hele dagen samtidig som den gir en naturlig gl\u00f8d. Den er tynn [&hellip;]<\/p>\n","protected":false},"featured_media":385513,"comment_status":"open","ping_status":"closed","template":"","meta":{"_trash_the_other_posts":false},"product_brand":[],"product_cat":[579],"product_tag":[3482],"berocket_brand":[1013],"class_list":{"0":"post-385528","1":"product","2":"type-product","3":"status-publish","4":"has-post-thumbnail","6":"product_cat-foundation","7":"product_tag-max-factor-miracle-second-skin-foundation","8":"pa_brand-max-factor","9":"pa_variant-10-golden-tan","10":"berocket_brand-max-factor","12":"first","13":"instock","14":"sale","15":"taxable","16":"shipping-taxable","17":"purchasable","18":"product-type-simple"},"_links":{"self":[{"href":"https:\/\/stylingagenten.com\/no\/wp-json\/wp\/v2\/product\/385528","targetHints":{"allow":["GET"]}}],"collection":[{"href":"https:\/\/stylingagenten.com\/no\/wp-json\/wp\/v2\/product"}],"about":[{"href":"https:\/\/stylingagenten.com\/no\/wp-json\/wp\/v2\/types\/product"}],"replies":[{"embeddable":true,"href":"https:\/\/stylingagenten.com\/no\/wp-json\/wp\/v2\/comments?post=385528"}],"version-history":[{"count":0,"href":"https:\/\/stylingagenten.com\/no\/wp-json\/wp\/v2\/product\/385528\/revisions"}],"wp:featuredmedia":[{"embeddable":true,"href":"https:\/\/stylingagenten.com\/no\/wp-json\/wp\/v2\/media\/385513"}],"wp:attachment":[{"href":"https:\/\/stylingagenten.com\/no\/wp-json\/wp\/v2\/media?parent=385528"}],"wp:term":[{"taxonomy":"product_brand","embeddable":true,"href":"https:\/\/stylingagenten.com\/no\/wp-json\/wp\/v2\/product_brand?post=385528"},{"taxonomy":"product_cat","embeddable":true,"href":"https:\/\/stylingagenten.com\/no\/wp-json\/wp\/v2\/product_cat?post=385528"},{"taxonomy":"product_tag","embeddable":true,"href":"https:\/\/stylingagenten.com\/no\/wp-json\/wp\/v2\/product_tag?post=385528"},{"taxonomy":"berocket_brand","embeddable":true,"href":"https:\/\/stylingagenten.com\/no\/wp-json\/wp\/v2\/berocket_brand?post=385528"}],"curies":[{"name":"wp","href":"https:\/\/api.w.org\/{rel}","templated":true}]}}