{"id":385476,"date":"2025-05-18T21:34:17","date_gmt":"2025-05-18T21:34:17","guid":{"rendered":"https:\/\/staging2.stylingagenten.com\/no\/produkt\/wet-n-wild-bare-focus-niacinamide-skin-tint-32ml-fair\/"},"modified":"2025-12-18T21:59:11","modified_gmt":"2025-12-18T21:59:11","slug":"wet-n-wild-bare-focus-niacinamide-skin-tint-32ml-fair","status":"publish","type":"product","link":"https:\/\/stylingagenten.com\/no\/produkt\/wet-n-wild-bare-focus-niacinamide-skin-tint-32ml-fair\/","title":{"rendered":"Wet n Wild Bare Focus Niacinamide Skin Tint 32ml &#8211; Fair"},"content":{"rendered":"<p>Bare Focus Niacinamide Skin Tint er en skin tint med niacinamid som gir huden en frisk og naturlig gl\u00f8d p\u00e5 bare et \u00f8yeblikk. Den kan bygges opp fra en gjennomsiktig til en mer dekkende finish. Perfekt under alle typer sminke. Niacinamid, hyaluronsyre, pionekstrakt og E-vitamin s\u00f8rger for at huden f\u00e5r n\u00e6ring.<\/p>\n","protected":false},"excerpt":{"rendered":"<p>Bare Focus Niacinamide Skin Tint er en skin tint med niacinamid som gir huden en frisk og naturlig gl\u00f8d p\u00e5 bare et \u00f8yeblikk. Den kan bygges opp fra en gjennomsiktig til en mer dekkende finish. Perfekt under alle typer sminke. Niacinamid, hyaluronsyre, pionekstrakt og E-vitamin s\u00f8rger for at huden f\u00e5r n\u00e6ring.<\/p>\n","protected":false},"featured_media":385472,"comment_status":"open","ping_status":"closed","template":"","meta":{"_trash_the_other_posts":false},"product_brand":[],"product_cat":[579],"product_tag":[4073],"berocket_brand":[1035],"class_list":{"0":"post-385476","1":"product","2":"type-product","3":"status-publish","4":"has-post-thumbnail","6":"product_cat-foundation","7":"product_tag-wet-n-wild-bare-focus-niacinamide-skin-tint-32ml","8":"pa_brand-wet-n-wild","9":"pa_variant-fair","10":"berocket_brand-wet-n-wild","12":"first","13":"instock","14":"sale","15":"taxable","16":"shipping-taxable","17":"purchasable","18":"product-type-simple"},"_links":{"self":[{"href":"https:\/\/stylingagenten.com\/no\/wp-json\/wp\/v2\/product\/385476","targetHints":{"allow":["GET"]}}],"collection":[{"href":"https:\/\/stylingagenten.com\/no\/wp-json\/wp\/v2\/product"}],"about":[{"href":"https:\/\/stylingagenten.com\/no\/wp-json\/wp\/v2\/types\/product"}],"replies":[{"embeddable":true,"href":"https:\/\/stylingagenten.com\/no\/wp-json\/wp\/v2\/comments?post=385476"}],"version-history":[{"count":0,"href":"https:\/\/stylingagenten.com\/no\/wp-json\/wp\/v2\/product\/385476\/revisions"}],"wp:featuredmedia":[{"embeddable":true,"href":"https:\/\/stylingagenten.com\/no\/wp-json\/wp\/v2\/media\/385472"}],"wp:attachment":[{"href":"https:\/\/stylingagenten.com\/no\/wp-json\/wp\/v2\/media?parent=385476"}],"wp:term":[{"taxonomy":"product_brand","embeddable":true,"href":"https:\/\/stylingagenten.com\/no\/wp-json\/wp\/v2\/product_brand?post=385476"},{"taxonomy":"product_cat","embeddable":true,"href":"https:\/\/stylingagenten.com\/no\/wp-json\/wp\/v2\/product_cat?post=385476"},{"taxonomy":"product_tag","embeddable":true,"href":"https:\/\/stylingagenten.com\/no\/wp-json\/wp\/v2\/product_tag?post=385476"},{"taxonomy":"berocket_brand","embeddable":true,"href":"https:\/\/stylingagenten.com\/no\/wp-json\/wp\/v2\/berocket_brand?post=385476"}],"curies":[{"name":"wp","href":"https:\/\/api.w.org\/{rel}","templated":true}]}}