{"id":385372,"date":"2025-05-18T21:33:59","date_gmt":"2025-05-18T21:33:59","guid":{"rendered":"https:\/\/staging2.stylingagenten.com\/no\/produkt\/bareminerals-barepro-16-hour-skin-perfecting-powder-foundation-light-25-warm\/"},"modified":"2026-01-23T11:31:07","modified_gmt":"2026-01-23T11:31:07","slug":"bareminerals-barepro-16-hour-skin-perfecting-powder-foundation-light-25-warm","status":"publish","type":"product","link":"https:\/\/stylingagenten.com\/no\/produkt\/bareminerals-barepro-16-hour-skin-perfecting-powder-foundation-light-25-warm\/","title":{"rendered":"BareMinerals BarePro 24-Hour Skin-Perfecting Powder Foundation Light 25 Warm"},"content":{"rendered":"<div>BareMinerals BarePro 24-Hour Skin-Perfecting Powder Foundation er en svette-, fukt- og overf\u00f8ringsresistent foundation med naturlig matt finish og 16 timers heldekkende resultat som lar huden puste og synlig forbedrer hudens utseende over tid.<\/p>\n<p>DETTE GJ\u00d8R DEN:<br \/>-Gir 24 timers full dekning.<br \/>-Jevner synlig ut hudtone og tekstur over tid.<br \/>-Absorberer olje og kontrollerer glans i 24 timer.<\/p>\n<p>Dokumenterte resultater:<br \/>-Hudtonen ser jevnere ut p\u00e5 bare 2 uker*.<br \/>-Hudteksturen er synlig glattere p\u00e5 bare 4 uker*.<br \/>-Gir 24-timers kontroll over olje og glans.<br \/>-94 % sier at den umiddelbart reduserer synlig olje^.<br \/>-91 % sier at den f\u00f8les behagelig hele dagen^.<br \/>-90 % sier at den jevner ut hudtonen^.<\/p>\n<p>DERFOR VIL DU ELSKE DEN:<br \/>-Talkfri pudderfoundation som synlig forbedrer huden over tid.<br \/>-16 timers holdbarhet.<br \/>-Ikke-ut\u00f8rkende formel.<br \/>-Inkluderer p\u00e5f\u00f8ringssvamp \u2013 perfekt for bruk p\u00e5 farten.<br \/>-Kan p\u00e5f\u00f8res v\u00e5t eller t\u00f8rr.<br \/>-Motstandsdyktig mot svette og h\u00f8y luftfuktighet.<br \/>-Overf\u00f8ringsresistent.<br \/>-Dermatologisk testet.<br \/>-Allergivennlig, ikke-komedogen, ikke-aknegen.<br \/>-Vegansk.<br \/>-Uten talkum + formulert uten parabener, formaldehyd, syntetisk duft, gluten m.m.<\/p>\n<p>*Basert p\u00e5 en 4-ukers klinisk studie med 47 deltakere.<br \/>^Basert p\u00e5 en forbrukerunders\u00f8kelse med 105 deltakere.<\/p>\n<p>Farge: Light 25 Warm<\/p><\/div>\n","protected":false},"excerpt":{"rendered":"<p>BareMinerals BarePro 24-Hour Skin-Perfecting Powder Foundation er en svette-, fukt- og overf\u00f8ringsresistent foundation med naturlig matt finish og 16 timers heldekkende resultat som lar huden puste og synlig forbedrer hudens utseende over tid. DETTE GJ\u00d8R DEN:-Gir 24 timers full dekning.-Jevner synlig ut hudtone og tekstur over tid.-Absorberer olje og kontrollerer glans i 24 timer. Dokumenterte [&hellip;]<\/p>\n","protected":false},"featured_media":385339,"comment_status":"open","ping_status":"closed","template":"","meta":{"_trash_the_other_posts":false},"product_brand":[],"product_cat":[718],"product_tag":[2467],"berocket_brand":[1256],"class_list":{"0":"post-385372","1":"product","2":"type-product","3":"status-publish","4":"has-post-thumbnail","6":"product_cat-pudderfoundation","7":"product_tag-bareminerals-barepro-16-hour-skin-perfecting-powder-foundation","8":"pa_brand-bareminerals","9":"pa_variant-light-25-warm","10":"berocket_brand-bareminerals","12":"first","13":"instock","14":"sale","15":"taxable","16":"shipping-taxable","17":"purchasable","18":"product-type-simple"},"_links":{"self":[{"href":"https:\/\/stylingagenten.com\/no\/wp-json\/wp\/v2\/product\/385372","targetHints":{"allow":["GET"]}}],"collection":[{"href":"https:\/\/stylingagenten.com\/no\/wp-json\/wp\/v2\/product"}],"about":[{"href":"https:\/\/stylingagenten.com\/no\/wp-json\/wp\/v2\/types\/product"}],"replies":[{"embeddable":true,"href":"https:\/\/stylingagenten.com\/no\/wp-json\/wp\/v2\/comments?post=385372"}],"version-history":[{"count":0,"href":"https:\/\/stylingagenten.com\/no\/wp-json\/wp\/v2\/product\/385372\/revisions"}],"wp:featuredmedia":[{"embeddable":true,"href":"https:\/\/stylingagenten.com\/no\/wp-json\/wp\/v2\/media\/385339"}],"wp:attachment":[{"href":"https:\/\/stylingagenten.com\/no\/wp-json\/wp\/v2\/media?parent=385372"}],"wp:term":[{"taxonomy":"product_brand","embeddable":true,"href":"https:\/\/stylingagenten.com\/no\/wp-json\/wp\/v2\/product_brand?post=385372"},{"taxonomy":"product_cat","embeddable":true,"href":"https:\/\/stylingagenten.com\/no\/wp-json\/wp\/v2\/product_cat?post=385372"},{"taxonomy":"product_tag","embeddable":true,"href":"https:\/\/stylingagenten.com\/no\/wp-json\/wp\/v2\/product_tag?post=385372"},{"taxonomy":"berocket_brand","embeddable":true,"href":"https:\/\/stylingagenten.com\/no\/wp-json\/wp\/v2\/berocket_brand?post=385372"}],"curies":[{"name":"wp","href":"https:\/\/api.w.org\/{rel}","templated":true}]}}