{"id":385312,"date":"2025-05-18T21:33:45","date_gmt":"2025-05-18T21:33:45","guid":{"rendered":"https:\/\/staging2.stylingagenten.com\/no\/produkt\/2-pack-max-factor-2000-calorie-mascara-waterproof-black-9ml\/"},"modified":"2026-04-07T09:57:38","modified_gmt":"2026-04-07T09:57:38","slug":"2-pack-max-factor-2000-calorie-mascara-waterproof-black-9ml","status":"publish","type":"product","link":"https:\/\/stylingagenten.com\/no\/produkt\/2-pack-max-factor-2000-calorie-mascara-waterproof-black-9ml\/","title":{"rendered":"2-pack Max Factor 2000 Calorie Mascara Waterproof Black 9ml"},"content":{"rendered":"<p>Max Factor 2000 Calorie Mascara Waterproof er en vannfast mascara for opptil 300 % mer vippevolum. Vil du ha drama? Tredoble volumet p\u00e5 \u00f8yevippene dine med denne supervolum mascaraen. Byggeformelen tykner selv de tynneste \u00f8yevippene ved \u00e5 umiddelbart gi dem opptil 300 % mer volum! Trenger du ikke primer? den f\u00f8rste s\u00f8knaden gjelder bare; s\u00e5 lenge det tar. Det er lett \u00e5 fjerne med en mild sminkefjerner, alts\u00e5 at selv alle kj\u00f8nnssensitive mennesker og de som bruker kontaktlinser kan glede seg over fyldige vipper!<\/p>\n<p><strong>Farge:<\/strong> Sort<\/p>\n","protected":false},"excerpt":{"rendered":"<p>Max Factor 2000 Calorie Mascara Waterproof er en vannfast mascara for opptil 300 % mer vippevolum. Vil du ha drama? Tredoble volumet p\u00e5 \u00f8yevippene dine med denne supervolum mascaraen. Byggeformelen tykner selv de tynneste \u00f8yevippene ved \u00e5 umiddelbart gi dem opptil 300 % mer volum! Trenger du ikke primer? den f\u00f8rste s\u00f8knaden gjelder bare; s\u00e5 [&hellip;]<\/p>\n","protected":false},"featured_media":385308,"comment_status":"open","ping_status":"closed","template":"","meta":{"_trash_the_other_posts":false},"product_brand":[],"product_cat":[1003,673],"product_tag":[],"berocket_brand":[1013],"class_list":{"0":"post-385312","1":"product","2":"type-product","3":"status-publish","4":"has-post-thumbnail","6":"product_cat-bestselgere","7":"product_cat-multipakke-sminke","8":"pa_brand-max-factor","9":"berocket_brand-max-factor","11":"first","12":"instock","13":"sale","14":"taxable","15":"shipping-taxable","16":"purchasable","17":"product-type-simple"},"_links":{"self":[{"href":"https:\/\/stylingagenten.com\/no\/wp-json\/wp\/v2\/product\/385312","targetHints":{"allow":["GET"]}}],"collection":[{"href":"https:\/\/stylingagenten.com\/no\/wp-json\/wp\/v2\/product"}],"about":[{"href":"https:\/\/stylingagenten.com\/no\/wp-json\/wp\/v2\/types\/product"}],"replies":[{"embeddable":true,"href":"https:\/\/stylingagenten.com\/no\/wp-json\/wp\/v2\/comments?post=385312"}],"version-history":[{"count":0,"href":"https:\/\/stylingagenten.com\/no\/wp-json\/wp\/v2\/product\/385312\/revisions"}],"wp:featuredmedia":[{"embeddable":true,"href":"https:\/\/stylingagenten.com\/no\/wp-json\/wp\/v2\/media\/385308"}],"wp:attachment":[{"href":"https:\/\/stylingagenten.com\/no\/wp-json\/wp\/v2\/media?parent=385312"}],"wp:term":[{"taxonomy":"product_brand","embeddable":true,"href":"https:\/\/stylingagenten.com\/no\/wp-json\/wp\/v2\/product_brand?post=385312"},{"taxonomy":"product_cat","embeddable":true,"href":"https:\/\/stylingagenten.com\/no\/wp-json\/wp\/v2\/product_cat?post=385312"},{"taxonomy":"product_tag","embeddable":true,"href":"https:\/\/stylingagenten.com\/no\/wp-json\/wp\/v2\/product_tag?post=385312"},{"taxonomy":"berocket_brand","embeddable":true,"href":"https:\/\/stylingagenten.com\/no\/wp-json\/wp\/v2\/berocket_brand?post=385312"}],"curies":[{"name":"wp","href":"https:\/\/api.w.org\/{rel}","templated":true}]}}