{"id":385283,"date":"2025-05-18T21:33:36","date_gmt":"2025-05-18T21:33:36","guid":{"rendered":"https:\/\/staging2.stylingagenten.com\/no\/produkt\/2-pack-max-factor-2000-calorie-mascara-black-9ml\/"},"modified":"2026-04-14T08:58:38","modified_gmt":"2026-04-14T08:58:38","slug":"2-pack-max-factor-2000-calorie-mascara-black-9ml","status":"publish","type":"product","link":"https:\/\/stylingagenten.com\/no\/produkt\/2-pack-max-factor-2000-calorie-mascara-black-9ml\/","title":{"rendered":"2-pack Max Factor 2000 Calorie Mascara Black 9ml"},"content":{"rendered":"<p>Dobbel opp! Max Factor 2000 Calorie Mascara Black er en mascara for opptil 300 % mer vippevolum. Vil du ha drama? Tredoble volumet p\u00e5 \u00f8yevippene dine med denne supervolum mascaraen. Byggeformelen tykner selv de tynneste \u00f8yevippene ved \u00e5 umiddelbart gi dem opptil 300 % mer volum! Trenger du ikke primer? den f\u00f8rste s\u00f8knaden gjelder bare; s\u00e5 lenge det tar. Det er lett \u00e5 fjerne med en mild sminkefjerner, alts\u00e5 at selv alle med lys hud og de som bruker kontaktlinser kan nyte fyldige vipper!<\/p>\n<p><strong>Farge:&nbsp;<\/strong>Sort<\/p>\n","protected":false},"excerpt":{"rendered":"<p>Dobbel opp! Max Factor 2000 Calorie Mascara Black er en mascara for opptil 300 % mer vippevolum. Vil du ha drama? Tredoble volumet p\u00e5 \u00f8yevippene dine med denne supervolum mascaraen. Byggeformelen tykner selv de tynneste \u00f8yevippene ved \u00e5 umiddelbart gi dem opptil 300 % mer volum! Trenger du ikke primer? den f\u00f8rste s\u00f8knaden gjelder bare; [&hellip;]<\/p>\n","protected":false},"featured_media":385281,"comment_status":"open","ping_status":"closed","template":"","meta":{"_trash_the_other_posts":false},"product_brand":[],"product_cat":[1003,673],"product_tag":[],"berocket_brand":[1013],"class_list":{"0":"post-385283","1":"product","2":"type-product","3":"status-publish","4":"has-post-thumbnail","6":"product_cat-bestselgere","7":"product_cat-multipakke-sminke","8":"pa_brand-max-factor","9":"berocket_brand-max-factor","11":"first","12":"instock","13":"sale","14":"taxable","15":"shipping-taxable","16":"purchasable","17":"product-type-simple"},"_links":{"self":[{"href":"https:\/\/stylingagenten.com\/no\/wp-json\/wp\/v2\/product\/385283","targetHints":{"allow":["GET"]}}],"collection":[{"href":"https:\/\/stylingagenten.com\/no\/wp-json\/wp\/v2\/product"}],"about":[{"href":"https:\/\/stylingagenten.com\/no\/wp-json\/wp\/v2\/types\/product"}],"replies":[{"embeddable":true,"href":"https:\/\/stylingagenten.com\/no\/wp-json\/wp\/v2\/comments?post=385283"}],"version-history":[{"count":0,"href":"https:\/\/stylingagenten.com\/no\/wp-json\/wp\/v2\/product\/385283\/revisions"}],"wp:featuredmedia":[{"embeddable":true,"href":"https:\/\/stylingagenten.com\/no\/wp-json\/wp\/v2\/media\/385281"}],"wp:attachment":[{"href":"https:\/\/stylingagenten.com\/no\/wp-json\/wp\/v2\/media?parent=385283"}],"wp:term":[{"taxonomy":"product_brand","embeddable":true,"href":"https:\/\/stylingagenten.com\/no\/wp-json\/wp\/v2\/product_brand?post=385283"},{"taxonomy":"product_cat","embeddable":true,"href":"https:\/\/stylingagenten.com\/no\/wp-json\/wp\/v2\/product_cat?post=385283"},{"taxonomy":"product_tag","embeddable":true,"href":"https:\/\/stylingagenten.com\/no\/wp-json\/wp\/v2\/product_tag?post=385283"},{"taxonomy":"berocket_brand","embeddable":true,"href":"https:\/\/stylingagenten.com\/no\/wp-json\/wp\/v2\/berocket_brand?post=385283"}],"curies":[{"name":"wp","href":"https:\/\/api.w.org\/{rel}","templated":true}]}}