{"id":385273,"date":"2025-05-18T21:33:32","date_gmt":"2025-05-18T21:33:32","guid":{"rendered":"https:\/\/staging2.stylingagenten.com\/no\/produkt\/3-pack-id-hair-hard-gold-wax-100ml\/"},"modified":"2026-04-13T07:23:48","modified_gmt":"2026-04-13T07:23:48","slug":"3-pack-id-hair-hard-gold-wax-100ml","status":"publish","type":"product","link":"https:\/\/stylingagenten.com\/no\/produkt\/3-pack-id-hair-hard-gold-wax-100ml\/","title":{"rendered":"3-pack ID Hair Hard Gold Wax 100ml"},"content":{"rendered":"<p>3-pack ID Hair Hard Gold Wax 100ml &#8211; Gir et sterkt hold for kort h\u00e5r. Gj\u00f8r det mulig \u00e5 omforme h\u00e5ret gjennom dagen. Voksen gir tydelig separasjon og er lett \u00e5 skylle ut. Danmarks markedsledende voks!<\/p>\n","protected":false},"excerpt":{"rendered":"<p>3-pack ID Hair Hard Gold Wax 100ml &#8211; Gir et sterkt hold for kort h\u00e5r. Gj\u00f8r det mulig \u00e5 omforme h\u00e5ret gjennom dagen. Voksen gir tydelig separasjon og er lett \u00e5 skylle ut. Danmarks markedsledende voks!<\/p>\n","protected":false},"featured_media":385270,"comment_status":"open","ping_status":"closed","template":"","meta":{"_trash_the_other_posts":false},"product_brand":[],"product_cat":[671],"product_tag":[],"berocket_brand":[1345],"class_list":{"0":"post-385273","1":"product","2":"type-product","3":"status-publish","4":"has-post-thumbnail","6":"product_cat-multipakke-voks","7":"pa_brand-id-hair","8":"berocket_brand-id-hair","10":"first","11":"instock","12":"sale","13":"taxable","14":"shipping-taxable","15":"purchasable","16":"product-type-simple"},"_links":{"self":[{"href":"https:\/\/stylingagenten.com\/no\/wp-json\/wp\/v2\/product\/385273","targetHints":{"allow":["GET"]}}],"collection":[{"href":"https:\/\/stylingagenten.com\/no\/wp-json\/wp\/v2\/product"}],"about":[{"href":"https:\/\/stylingagenten.com\/no\/wp-json\/wp\/v2\/types\/product"}],"replies":[{"embeddable":true,"href":"https:\/\/stylingagenten.com\/no\/wp-json\/wp\/v2\/comments?post=385273"}],"version-history":[{"count":0,"href":"https:\/\/stylingagenten.com\/no\/wp-json\/wp\/v2\/product\/385273\/revisions"}],"wp:featuredmedia":[{"embeddable":true,"href":"https:\/\/stylingagenten.com\/no\/wp-json\/wp\/v2\/media\/385270"}],"wp:attachment":[{"href":"https:\/\/stylingagenten.com\/no\/wp-json\/wp\/v2\/media?parent=385273"}],"wp:term":[{"taxonomy":"product_brand","embeddable":true,"href":"https:\/\/stylingagenten.com\/no\/wp-json\/wp\/v2\/product_brand?post=385273"},{"taxonomy":"product_cat","embeddable":true,"href":"https:\/\/stylingagenten.com\/no\/wp-json\/wp\/v2\/product_cat?post=385273"},{"taxonomy":"product_tag","embeddable":true,"href":"https:\/\/stylingagenten.com\/no\/wp-json\/wp\/v2\/product_tag?post=385273"},{"taxonomy":"berocket_brand","embeddable":true,"href":"https:\/\/stylingagenten.com\/no\/wp-json\/wp\/v2\/berocket_brand?post=385273"}],"curies":[{"name":"wp","href":"https:\/\/api.w.org\/{rel}","templated":true}]}}