{"id":385264,"date":"2025-05-18T21:33:29","date_gmt":"2025-05-18T21:33:29","guid":{"rendered":"https:\/\/staging2.stylingagenten.com\/no\/produkt\/2-pack-dfi-dstruct-molding-cream-75g-150g\/"},"modified":"2026-03-25T08:37:42","modified_gmt":"2026-03-25T08:37:42","slug":"2-pack-dfi-dstruct-molding-cream-75g-150g","status":"publish","type":"product","link":"https:\/\/stylingagenten.com\/no\/produkt\/2-pack-dfi-dstruct-molding-cream-75g-150g\/","title":{"rendered":"2-pack D:fi D:struct Molding Cream 75g + 150g"},"content":{"rendered":"<p>Pass p\u00e5&aring; 2 stk D:fi D:struct Moulding Cream, stor + liten til en god pris.<\/p>\n<p>Crem voks for \u00e5 forme h\u00e5ret slik du \u00f8nsker.<br \/>H\u00f8y fasthet og uendelige muligheter.<br \/>Passer alle h\u00e5rtyper.<\/p>\n","protected":false},"excerpt":{"rendered":"<p>Pass p\u00e5&aring; 2 stk D:fi D:struct Moulding Cream, stor + liten til en god pris. Crem voks for \u00e5 forme h\u00e5ret slik du \u00f8nsker.H\u00f8y fasthet og uendelige muligheter.Passer alle h\u00e5rtyper.<\/p>\n","protected":false},"featured_media":385262,"comment_status":"open","ping_status":"closed","template":"","meta":{"_trash_the_other_posts":false},"product_brand":[],"product_cat":[671],"product_tag":[],"berocket_brand":[1073],"class_list":{"0":"post-385264","1":"product","2":"type-product","3":"status-publish","4":"has-post-thumbnail","6":"product_cat-multipakke-voks","7":"pa_brand-dfi","8":"berocket_brand-dfi","10":"first","11":"instock","12":"sale","13":"taxable","14":"shipping-taxable","15":"purchasable","16":"product-type-simple"},"_links":{"self":[{"href":"https:\/\/stylingagenten.com\/no\/wp-json\/wp\/v2\/product\/385264","targetHints":{"allow":["GET"]}}],"collection":[{"href":"https:\/\/stylingagenten.com\/no\/wp-json\/wp\/v2\/product"}],"about":[{"href":"https:\/\/stylingagenten.com\/no\/wp-json\/wp\/v2\/types\/product"}],"replies":[{"embeddable":true,"href":"https:\/\/stylingagenten.com\/no\/wp-json\/wp\/v2\/comments?post=385264"}],"version-history":[{"count":0,"href":"https:\/\/stylingagenten.com\/no\/wp-json\/wp\/v2\/product\/385264\/revisions"}],"wp:featuredmedia":[{"embeddable":true,"href":"https:\/\/stylingagenten.com\/no\/wp-json\/wp\/v2\/media\/385262"}],"wp:attachment":[{"href":"https:\/\/stylingagenten.com\/no\/wp-json\/wp\/v2\/media?parent=385264"}],"wp:term":[{"taxonomy":"product_brand","embeddable":true,"href":"https:\/\/stylingagenten.com\/no\/wp-json\/wp\/v2\/product_brand?post=385264"},{"taxonomy":"product_cat","embeddable":true,"href":"https:\/\/stylingagenten.com\/no\/wp-json\/wp\/v2\/product_cat?post=385264"},{"taxonomy":"product_tag","embeddable":true,"href":"https:\/\/stylingagenten.com\/no\/wp-json\/wp\/v2\/product_tag?post=385264"},{"taxonomy":"berocket_brand","embeddable":true,"href":"https:\/\/stylingagenten.com\/no\/wp-json\/wp\/v2\/berocket_brand?post=385264"}],"curies":[{"name":"wp","href":"https:\/\/api.w.org\/{rel}","templated":true}]}}