{"id":385248,"date":"2025-05-18T21:33:26","date_gmt":"2025-05-18T21:33:26","guid":{"rendered":"https:\/\/staging2.stylingagenten.com\/no\/produkt\/2-pack-max-factor-false-lash-effect-mascara-waterproof-black-131ml\/"},"modified":"2026-04-07T17:08:33","modified_gmt":"2026-04-07T17:08:33","slug":"2-pack-max-factor-false-lash-effect-mascara-waterproof-black-131ml","status":"publish","type":"product","link":"https:\/\/stylingagenten.com\/no\/produkt\/2-pack-max-factor-false-lash-effect-mascara-waterproof-black-131ml\/","title":{"rendered":"2-pack Max Factor False Lash Effect Mascara Waterproof Black 13,1ml"},"content":{"rendered":"<p>Max Factor False Lash Effect Mascara Waterproof Black gir deg de fyldige vippene du dr\u00f8mmer om. Dette er Max Factors st\u00f8rste b\u00f8rste noensinne! Det vil forvandle og gj\u00f8re vippene dine fyldigere enn du noen gang trodde dine naturlige vipper kunne v\u00e6re. Et enkelt sveip med b\u00f8rsten dispenserer en sjener\u00f8s mengde mascara rundt HELE vippene og Mouldtrusion-b\u00f8rsten FEIER mascaraen rundt vippetuppene og skiller vippene. Avgir mer, l\u00f8fter mer, skiller mer! Du b\u00f8r ha en sminkefjerner for \u00e5 fjerne mascaraen forsiktig.<\/p>\n<p><strong>Farge:<\/strong> Vannfast i svart.<\/p>\n","protected":false},"excerpt":{"rendered":"<p>Max Factor False Lash Effect Mascara Waterproof Black gir deg de fyldige vippene du dr\u00f8mmer om. Dette er Max Factors st\u00f8rste b\u00f8rste noensinne! Det vil forvandle og gj\u00f8re vippene dine fyldigere enn du noen gang trodde dine naturlige vipper kunne v\u00e6re. Et enkelt sveip med b\u00f8rsten dispenserer en sjener\u00f8s mengde mascara rundt HELE vippene og [&hellip;]<\/p>\n","protected":false},"featured_media":385246,"comment_status":"open","ping_status":"closed","template":"","meta":{"_trash_the_other_posts":false},"product_brand":[],"product_cat":[1003,618,673],"product_tag":[],"berocket_brand":[1013],"class_list":{"0":"post-385248","1":"product","2":"type-product","3":"status-publish","4":"has-post-thumbnail","6":"product_cat-bestselgere","7":"product_cat-mascara","8":"product_cat-multipakke-sminke","9":"pa_brand-max-factor","10":"berocket_brand-max-factor","12":"first","13":"instock","14":"sale","15":"taxable","16":"shipping-taxable","17":"purchasable","18":"product-type-simple"},"_links":{"self":[{"href":"https:\/\/stylingagenten.com\/no\/wp-json\/wp\/v2\/product\/385248","targetHints":{"allow":["GET"]}}],"collection":[{"href":"https:\/\/stylingagenten.com\/no\/wp-json\/wp\/v2\/product"}],"about":[{"href":"https:\/\/stylingagenten.com\/no\/wp-json\/wp\/v2\/types\/product"}],"replies":[{"embeddable":true,"href":"https:\/\/stylingagenten.com\/no\/wp-json\/wp\/v2\/comments?post=385248"}],"version-history":[{"count":0,"href":"https:\/\/stylingagenten.com\/no\/wp-json\/wp\/v2\/product\/385248\/revisions"}],"wp:featuredmedia":[{"embeddable":true,"href":"https:\/\/stylingagenten.com\/no\/wp-json\/wp\/v2\/media\/385246"}],"wp:attachment":[{"href":"https:\/\/stylingagenten.com\/no\/wp-json\/wp\/v2\/media?parent=385248"}],"wp:term":[{"taxonomy":"product_brand","embeddable":true,"href":"https:\/\/stylingagenten.com\/no\/wp-json\/wp\/v2\/product_brand?post=385248"},{"taxonomy":"product_cat","embeddable":true,"href":"https:\/\/stylingagenten.com\/no\/wp-json\/wp\/v2\/product_cat?post=385248"},{"taxonomy":"product_tag","embeddable":true,"href":"https:\/\/stylingagenten.com\/no\/wp-json\/wp\/v2\/product_tag?post=385248"},{"taxonomy":"berocket_brand","embeddable":true,"href":"https:\/\/stylingagenten.com\/no\/wp-json\/wp\/v2\/berocket_brand?post=385248"}],"curies":[{"name":"wp","href":"https:\/\/api.w.org\/{rel}","templated":true}]}}