{"id":385219,"date":"2025-05-18T21:33:21","date_gmt":"2025-05-18T21:33:21","guid":{"rendered":"https:\/\/staging2.stylingagenten.com\/no\/produkt\/2-pack-goldwell-lagoom-jam-volume-gel-150ml\/"},"modified":"2026-04-13T12:29:30","modified_gmt":"2026-04-13T12:29:30","slug":"2-pack-goldwell-lagoom-jam-volume-gel-150ml","status":"publish","type":"product","link":"https:\/\/stylingagenten.com\/no\/produkt\/2-pack-goldwell-lagoom-jam-volume-gel-150ml\/","title":{"rendered":"2-pack Goldwell Lagoom Jam Volume Gel 150ml"},"content":{"rendered":"<p>Gel&eacute; med umiddelbar effekt for volum og kreativitet. For foundation og styling. Med varme- og fargebeskyttelse.<\/p>\n<p><strong>Bruk:&nbsp;<\/strong>P\u00e5f\u00f8res i h\u00e5ndklet\u00f8rt eller t\u00f8rt h\u00e5r.<\/p>\n","protected":false},"excerpt":{"rendered":"<p>Gel&eacute; med umiddelbar effekt for volum og kreativitet. For foundation og styling. Med varme- og fargebeskyttelse. Bruk:&nbsp;P\u00e5f\u00f8res i h\u00e5ndklet\u00f8rt eller t\u00f8rt h\u00e5r.<\/p>\n","protected":false},"featured_media":385218,"comment_status":"open","ping_status":"closed","template":"","meta":{"_trash_the_other_posts":false},"product_brand":[],"product_cat":[672],"product_tag":[],"berocket_brand":[1328],"class_list":{"0":"post-385219","1":"product","2":"type-product","3":"status-publish","4":"has-post-thumbnail","6":"product_cat-multipakke-har","7":"pa_brand-goldwell","8":"berocket_brand-goldwell","10":"first","11":"instock","12":"sale","13":"taxable","14":"shipping-taxable","15":"purchasable","16":"product-type-simple"},"_links":{"self":[{"href":"https:\/\/stylingagenten.com\/no\/wp-json\/wp\/v2\/product\/385219","targetHints":{"allow":["GET"]}}],"collection":[{"href":"https:\/\/stylingagenten.com\/no\/wp-json\/wp\/v2\/product"}],"about":[{"href":"https:\/\/stylingagenten.com\/no\/wp-json\/wp\/v2\/types\/product"}],"replies":[{"embeddable":true,"href":"https:\/\/stylingagenten.com\/no\/wp-json\/wp\/v2\/comments?post=385219"}],"version-history":[{"count":0,"href":"https:\/\/stylingagenten.com\/no\/wp-json\/wp\/v2\/product\/385219\/revisions"}],"wp:featuredmedia":[{"embeddable":true,"href":"https:\/\/stylingagenten.com\/no\/wp-json\/wp\/v2\/media\/385218"}],"wp:attachment":[{"href":"https:\/\/stylingagenten.com\/no\/wp-json\/wp\/v2\/media?parent=385219"}],"wp:term":[{"taxonomy":"product_brand","embeddable":true,"href":"https:\/\/stylingagenten.com\/no\/wp-json\/wp\/v2\/product_brand?post=385219"},{"taxonomy":"product_cat","embeddable":true,"href":"https:\/\/stylingagenten.com\/no\/wp-json\/wp\/v2\/product_cat?post=385219"},{"taxonomy":"product_tag","embeddable":true,"href":"https:\/\/stylingagenten.com\/no\/wp-json\/wp\/v2\/product_tag?post=385219"},{"taxonomy":"berocket_brand","embeddable":true,"href":"https:\/\/stylingagenten.com\/no\/wp-json\/wp\/v2\/berocket_brand?post=385219"}],"curies":[{"name":"wp","href":"https:\/\/api.w.org\/{rel}","templated":true}]}}