{"id":385198,"date":"2025-05-18T21:33:15","date_gmt":"2025-05-18T21:33:15","guid":{"rendered":"https:\/\/staging2.stylingagenten.com\/no\/produkt\/2-pack-max-factor-false-lash-effect-mascara-black-131ml\/"},"modified":"2026-04-06T23:58:39","modified_gmt":"2026-04-06T23:58:39","slug":"2-pack-max-factor-false-lash-effect-mascara-black-131ml","status":"publish","type":"product","link":"https:\/\/stylingagenten.com\/no\/produkt\/2-pack-max-factor-false-lash-effect-mascara-black-131ml\/","title":{"rendered":"2-pack Max Factor False Lash Effect Mascara Black 13,1ml"},"content":{"rendered":"<p>Max FactorFalse Lash Effect Mascara dobler st\u00f8rrelsen p\u00e5 vippene dine og gir et resultat du bare trodde naturlige vipper kunne gi. Det er sesongens must blant makeupartister. Hemmeligheten er en kombinasjon av Max Factors st\u00f8rste b\u00f8rste noensinne og formelen med Liquid Lash-teknologi. For hvert volumin\u00f8st sveip av b\u00f8rsten over vippene, fordeler den mascara rundt hele vippen uten \u00e5 klumpe seg, noe som gir deg vipper du bare har dr\u00f8mt om.<\/p>\n<p><strong>Bruk:<\/strong> Beste teknikk: B\u00f8y vippene i flere sm\u00e5 hopp fra bunnen av vippene til toppen s\u00e5; at du f\u00e5r en avrunding. Bruk alt; ikke et eneste trykk, d&aring; resultatet er en unaturlig V-form i stedet. Legg deretter til False Lash Effect, s\u00e5 har du begge \u00e5pne? utseende, pluss utrolig volum og definisjon p&aring; null tid.<\/p>\n<p><strong>Farge:<\/strong> Svart<\/p>\n","protected":false},"excerpt":{"rendered":"<p>Max FactorFalse Lash Effect Mascara dobler st\u00f8rrelsen p\u00e5 vippene dine og gir et resultat du bare trodde naturlige vipper kunne gi. Det er sesongens must blant makeupartister. Hemmeligheten er en kombinasjon av Max Factors st\u00f8rste b\u00f8rste noensinne og formelen med Liquid Lash-teknologi. For hvert volumin\u00f8st sveip av b\u00f8rsten over vippene, fordeler den mascara rundt hele [&hellip;]<\/p>\n","protected":false},"featured_media":385195,"comment_status":"open","ping_status":"closed","template":"","meta":{"_trash_the_other_posts":false},"product_brand":[],"product_cat":[1003,673],"product_tag":[],"berocket_brand":[1013],"class_list":{"0":"post-385198","1":"product","2":"type-product","3":"status-publish","4":"has-post-thumbnail","6":"product_cat-bestselgere","7":"product_cat-multipakke-sminke","8":"pa_brand-max-factor","9":"berocket_brand-max-factor","11":"first","12":"instock","13":"sale","14":"taxable","15":"shipping-taxable","16":"purchasable","17":"product-type-simple"},"_links":{"self":[{"href":"https:\/\/stylingagenten.com\/no\/wp-json\/wp\/v2\/product\/385198","targetHints":{"allow":["GET"]}}],"collection":[{"href":"https:\/\/stylingagenten.com\/no\/wp-json\/wp\/v2\/product"}],"about":[{"href":"https:\/\/stylingagenten.com\/no\/wp-json\/wp\/v2\/types\/product"}],"replies":[{"embeddable":true,"href":"https:\/\/stylingagenten.com\/no\/wp-json\/wp\/v2\/comments?post=385198"}],"version-history":[{"count":0,"href":"https:\/\/stylingagenten.com\/no\/wp-json\/wp\/v2\/product\/385198\/revisions"}],"wp:featuredmedia":[{"embeddable":true,"href":"https:\/\/stylingagenten.com\/no\/wp-json\/wp\/v2\/media\/385195"}],"wp:attachment":[{"href":"https:\/\/stylingagenten.com\/no\/wp-json\/wp\/v2\/media?parent=385198"}],"wp:term":[{"taxonomy":"product_brand","embeddable":true,"href":"https:\/\/stylingagenten.com\/no\/wp-json\/wp\/v2\/product_brand?post=385198"},{"taxonomy":"product_cat","embeddable":true,"href":"https:\/\/stylingagenten.com\/no\/wp-json\/wp\/v2\/product_cat?post=385198"},{"taxonomy":"product_tag","embeddable":true,"href":"https:\/\/stylingagenten.com\/no\/wp-json\/wp\/v2\/product_tag?post=385198"},{"taxonomy":"berocket_brand","embeddable":true,"href":"https:\/\/stylingagenten.com\/no\/wp-json\/wp\/v2\/berocket_brand?post=385198"}],"curies":[{"name":"wp","href":"https:\/\/api.w.org\/{rel}","templated":true}]}}