{"id":385193,"date":"2025-05-18T21:33:14","date_gmt":"2025-05-18T21:33:14","guid":{"rendered":"https:\/\/staging2.stylingagenten.com\/no\/produkt\/2-pack-schwarzkopf-osis-freeze-500ml\/"},"modified":"2026-04-11T10:18:31","modified_gmt":"2026-04-11T10:18:31","slug":"2-pack-schwarzkopf-osis-freeze-500ml","status":"publish","type":"product","link":"https:\/\/stylingagenten.com\/no\/produkt\/2-pack-schwarzkopf-osis-freeze-500ml\/","title":{"rendered":"2-pack Schwarzkopf Osis Freeze 500ml"},"content":{"rendered":"<p>Osis Freeze 500 ml gir sterkt hold og langvarig stylingkontroll. Den er hurtigt\u00f8rkende og inneholder UV-beskyttelse. Stil med en bitende kulde som trosser tyngdeloven. Osis Freeze er ogs\u00e5 lett \u00e5 b\u00f8rste ut.<\/p>\n<p>Innhold: 2 x 500 ml<\/p>\n","protected":false},"excerpt":{"rendered":"<p>Osis Freeze 500 ml gir sterkt hold og langvarig stylingkontroll. Den er hurtigt\u00f8rkende og inneholder UV-beskyttelse. Stil med en bitende kulde som trosser tyngdeloven. Osis Freeze er ogs\u00e5 lett \u00e5 b\u00f8rste ut. Innhold: 2 x 500 ml<\/p>\n","protected":false},"featured_media":385192,"comment_status":"open","ping_status":"closed","template":"","meta":{"_trash_the_other_posts":false},"product_brand":[],"product_cat":[576,672],"product_tag":[],"berocket_brand":[1060],"class_list":{"0":"post-385193","1":"product","2":"type-product","3":"status-publish","4":"has-post-thumbnail","6":"product_cat-harspray","7":"product_cat-multipakke-har","8":"pa_brand-schwarzkopf","9":"berocket_brand-schwarzkopf","11":"first","12":"instock","13":"sale","14":"taxable","15":"shipping-taxable","16":"purchasable","17":"product-type-simple"},"_links":{"self":[{"href":"https:\/\/stylingagenten.com\/no\/wp-json\/wp\/v2\/product\/385193","targetHints":{"allow":["GET"]}}],"collection":[{"href":"https:\/\/stylingagenten.com\/no\/wp-json\/wp\/v2\/product"}],"about":[{"href":"https:\/\/stylingagenten.com\/no\/wp-json\/wp\/v2\/types\/product"}],"replies":[{"embeddable":true,"href":"https:\/\/stylingagenten.com\/no\/wp-json\/wp\/v2\/comments?post=385193"}],"version-history":[{"count":0,"href":"https:\/\/stylingagenten.com\/no\/wp-json\/wp\/v2\/product\/385193\/revisions"}],"wp:featuredmedia":[{"embeddable":true,"href":"https:\/\/stylingagenten.com\/no\/wp-json\/wp\/v2\/media\/385192"}],"wp:attachment":[{"href":"https:\/\/stylingagenten.com\/no\/wp-json\/wp\/v2\/media?parent=385193"}],"wp:term":[{"taxonomy":"product_brand","embeddable":true,"href":"https:\/\/stylingagenten.com\/no\/wp-json\/wp\/v2\/product_brand?post=385193"},{"taxonomy":"product_cat","embeddable":true,"href":"https:\/\/stylingagenten.com\/no\/wp-json\/wp\/v2\/product_cat?post=385193"},{"taxonomy":"product_tag","embeddable":true,"href":"https:\/\/stylingagenten.com\/no\/wp-json\/wp\/v2\/product_tag?post=385193"},{"taxonomy":"berocket_brand","embeddable":true,"href":"https:\/\/stylingagenten.com\/no\/wp-json\/wp\/v2\/berocket_brand?post=385193"}],"curies":[{"name":"wp","href":"https:\/\/api.w.org\/{rel}","templated":true}]}}