{"id":385191,"date":"2025-05-18T21:33:14","date_gmt":"2025-05-18T21:33:14","guid":{"rendered":"https:\/\/staging2.stylingagenten.com\/no\/produkt\/3-pack-mascara-mix-2000-calorie-false-lash-effect-masterpiece-max\/"},"modified":"2026-03-09T10:17:47","modified_gmt":"2026-03-09T10:17:47","slug":"3-pack-mascara-mix-2000-calorie-false-lash-effect-masterpiece-max","status":"publish","type":"product","link":"https:\/\/stylingagenten.com\/no\/produkt\/3-pack-mascara-mix-2000-calorie-false-lash-effect-masterpiece-max\/","title":{"rendered":"3-pack Mascara Mix 2000 Calorie + False Lash Effect + Masterpiece Max"},"content":{"rendered":"<p><strong>Max Factor 2000 Calorie&nbsp;<\/strong>har v\u00e6rt Sveriges mest kj\u00f8pte mascara i mange \u00e5r og er en tidl\u00f8s volummascara som gir klassisk volum og separerte vipper.<br \/>Med den klassiske nylonb\u00f8rsten kan du enkelt bygge opp \u00f8nsket volum. Den rike formelen er fleksibel, klumpfri, flekkerfri og smuldrer ikke. 2000 Calorie er oftalmologisk og klinisk testet. En perfekt mascara for sensitive \u00f8yne. Passer ogs\u00e5 for deg med vippeextensions.&nbsp;<\/p>\n<p><strong>Max Factor False Lash Effect<\/strong> Mascara Black. Max Factor introduserer en helt ny mascara, med ett sveip av b\u00f8rsten f\u00e5r du vipper du bare har dr\u00f8mt om!<br \/>Dette er Max Factors st\u00f8rste b\u00f8rste noensinne! Det vil forvandle og gj\u00f8re vippene dine fyldigere enn du noen gang trodde dine naturlige vipper kunne v\u00e6re. Et enkelt sveip med Max Factor False Lash Effect Mascara gir en sjener\u00f8s mengde mascara rundt HELE vippene og Mouldtrusion bust BYTT mascaraen rundt vippetuppene &amp; skiller vippene.<\/p>\n<p><strong>Max Factor Masterpiece Max<\/strong> Mascara gir opptil 400 % volum! \u00c5 finne en effektiv volumgivende mascara som ikke etterlater vippene klumpete og klissete kan v\u00e6re en utfordring. Masterpiece Max Mascara er neste generasjons mascara. Den gir fyldige, tykke vipper med opptil 400 % volum, men definerer og myker samtidig for en overraskende elegant effekt. Ett str\u00f8k med den h\u00f8yteknologiske iFX-b\u00f8rsten gir deg et elegant catwalk-resultat p\u00e5 sekunder.<\/p>\n","protected":false},"excerpt":{"rendered":"<p>Max Factor 2000 Calorie&nbsp;har v\u00e6rt Sveriges mest kj\u00f8pte mascara i mange \u00e5r og er en tidl\u00f8s volummascara som gir klassisk volum og separerte vipper.Med den klassiske nylonb\u00f8rsten kan du enkelt bygge opp \u00f8nsket volum. Den rike formelen er fleksibel, klumpfri, flekkerfri og smuldrer ikke. 2000 Calorie er oftalmologisk og klinisk testet. En perfekt mascara for [&hellip;]<\/p>\n","protected":false},"featured_media":385190,"comment_status":"open","ping_status":"closed","template":"","meta":{"_trash_the_other_posts":false},"product_brand":[],"product_cat":[673],"product_tag":[],"berocket_brand":[1013],"class_list":{"0":"post-385191","1":"product","2":"type-product","3":"status-publish","4":"has-post-thumbnail","6":"product_cat-multipakke-sminke","7":"pa_brand-max-factor","8":"berocket_brand-max-factor","10":"first","11":"instock","12":"sale","13":"taxable","14":"shipping-taxable","15":"purchasable","16":"product-type-simple"},"_links":{"self":[{"href":"https:\/\/stylingagenten.com\/no\/wp-json\/wp\/v2\/product\/385191","targetHints":{"allow":["GET"]}}],"collection":[{"href":"https:\/\/stylingagenten.com\/no\/wp-json\/wp\/v2\/product"}],"about":[{"href":"https:\/\/stylingagenten.com\/no\/wp-json\/wp\/v2\/types\/product"}],"replies":[{"embeddable":true,"href":"https:\/\/stylingagenten.com\/no\/wp-json\/wp\/v2\/comments?post=385191"}],"version-history":[{"count":0,"href":"https:\/\/stylingagenten.com\/no\/wp-json\/wp\/v2\/product\/385191\/revisions"}],"wp:featuredmedia":[{"embeddable":true,"href":"https:\/\/stylingagenten.com\/no\/wp-json\/wp\/v2\/media\/385190"}],"wp:attachment":[{"href":"https:\/\/stylingagenten.com\/no\/wp-json\/wp\/v2\/media?parent=385191"}],"wp:term":[{"taxonomy":"product_brand","embeddable":true,"href":"https:\/\/stylingagenten.com\/no\/wp-json\/wp\/v2\/product_brand?post=385191"},{"taxonomy":"product_cat","embeddable":true,"href":"https:\/\/stylingagenten.com\/no\/wp-json\/wp\/v2\/product_cat?post=385191"},{"taxonomy":"product_tag","embeddable":true,"href":"https:\/\/stylingagenten.com\/no\/wp-json\/wp\/v2\/product_tag?post=385191"},{"taxonomy":"berocket_brand","embeddable":true,"href":"https:\/\/stylingagenten.com\/no\/wp-json\/wp\/v2\/berocket_brand?post=385191"}],"curies":[{"name":"wp","href":"https:\/\/api.w.org\/{rel}","templated":true}]}}