{"id":385189,"date":"2025-05-18T21:33:14","date_gmt":"2025-05-18T21:33:14","guid":{"rendered":"https:\/\/staging2.stylingagenten.com\/no\/produkt\/3-pack-max-factor-masterpiece-max-mascara-black-72ml\/"},"modified":"2026-04-05T10:48:46","modified_gmt":"2026-04-05T10:48:46","slug":"3-pack-max-factor-masterpiece-max-mascara-black-72ml","status":"publish","type":"product","link":"https:\/\/stylingagenten.com\/no\/produkt\/3-pack-max-factor-masterpiece-max-mascara-black-72ml\/","title":{"rendered":"3-pack Max Factor Masterpiece Max Mascara Black 7,2ml"},"content":{"rendered":"<p>Max Factor Masterpiece Max Mascara gir opptil 400 % volum!&nbsp;<\/p>\n<p>Det kan v\u00e6re en utfordring \u00e5 finne en effektiv volumgivende mascara som ikke etterlater vippene klumpete og klissete. Masterpiece Max Mascara er neste generasjons mascara. Den gir fyldige, tykke vipper med opptil 400 % volum men definerer og myker samtidig og gir en meget elegant effekt. Ett str\u00f8k med den h\u00f8yteknologiske iFX-b\u00f8rsten gir deg et elegant catwalk-resultat i l\u00f8pet av sekunder.<\/p>\n<p><strong>Innhold:<\/strong> 7,2 ml<\/p>\n","protected":false},"excerpt":{"rendered":"<p>Max Factor Masterpiece Max Mascara gir opptil 400 % volum!&nbsp; Det kan v\u00e6re en utfordring \u00e5 finne en effektiv volumgivende mascara som ikke etterlater vippene klumpete og klissete. Masterpiece Max Mascara er neste generasjons mascara. Den gir fyldige, tykke vipper med opptil 400 % volum men definerer og myker samtidig og gir en meget elegant [&hellip;]<\/p>\n","protected":false},"featured_media":385188,"comment_status":"open","ping_status":"closed","template":"","meta":{"_trash_the_other_posts":false},"product_brand":[],"product_cat":[1003,673],"product_tag":[],"berocket_brand":[1013],"class_list":{"0":"post-385189","1":"product","2":"type-product","3":"status-publish","4":"has-post-thumbnail","6":"product_cat-bestselgere","7":"product_cat-multipakke-sminke","8":"pa_brand-max-factor","9":"berocket_brand-max-factor","11":"first","12":"instock","13":"sale","14":"taxable","15":"shipping-taxable","16":"purchasable","17":"product-type-simple"},"_links":{"self":[{"href":"https:\/\/stylingagenten.com\/no\/wp-json\/wp\/v2\/product\/385189","targetHints":{"allow":["GET"]}}],"collection":[{"href":"https:\/\/stylingagenten.com\/no\/wp-json\/wp\/v2\/product"}],"about":[{"href":"https:\/\/stylingagenten.com\/no\/wp-json\/wp\/v2\/types\/product"}],"replies":[{"embeddable":true,"href":"https:\/\/stylingagenten.com\/no\/wp-json\/wp\/v2\/comments?post=385189"}],"version-history":[{"count":0,"href":"https:\/\/stylingagenten.com\/no\/wp-json\/wp\/v2\/product\/385189\/revisions"}],"wp:featuredmedia":[{"embeddable":true,"href":"https:\/\/stylingagenten.com\/no\/wp-json\/wp\/v2\/media\/385188"}],"wp:attachment":[{"href":"https:\/\/stylingagenten.com\/no\/wp-json\/wp\/v2\/media?parent=385189"}],"wp:term":[{"taxonomy":"product_brand","embeddable":true,"href":"https:\/\/stylingagenten.com\/no\/wp-json\/wp\/v2\/product_brand?post=385189"},{"taxonomy":"product_cat","embeddable":true,"href":"https:\/\/stylingagenten.com\/no\/wp-json\/wp\/v2\/product_cat?post=385189"},{"taxonomy":"product_tag","embeddable":true,"href":"https:\/\/stylingagenten.com\/no\/wp-json\/wp\/v2\/product_tag?post=385189"},{"taxonomy":"berocket_brand","embeddable":true,"href":"https:\/\/stylingagenten.com\/no\/wp-json\/wp\/v2\/berocket_brand?post=385189"}],"curies":[{"name":"wp","href":"https:\/\/api.w.org\/{rel}","templated":true}]}}