{"id":385184,"date":"2025-05-18T21:33:13","date_gmt":"2025-05-18T21:33:13","guid":{"rendered":"https:\/\/staging2.stylingagenten.com\/no\/produkt\/2-pack-zmile-cosmetics-makeup-box-everybodys-darling\/"},"modified":"2026-01-30T18:56:41","modified_gmt":"2026-01-30T18:56:41","slug":"2-pack-zmile-cosmetics-makeup-box-everybodys-darling","status":"publish","type":"product","link":"https:\/\/stylingagenten.com\/no\/produkt\/2-pack-zmile-cosmetics-makeup-box-everybodys-darling\/","title":{"rendered":"2-pack Zmile Cosmetics Makeup Box Everybody&#8217;s Darling"},"content":{"rendered":"<p>Et sminkesett som inneholder det meste du trenger for en vellykket og variert sminke som er pent pakket inn i en aluminiumskoffert.<\/p>\n<p>Sitet inneholder:<br \/>32 fine shimmer-skygger i jordfarger, 2 blush, 4 leppestifter hvorav den ene er vakkert skimrende, 4 fine neglelakker, 3 kajal-penner og en leppeblyant. I tillegg f\u00e5r du ogs\u00e5 4 forskjellige applikatorer, en liten neglefil og en fin boks til \u00e5 b\u00e6re favorittskyggene dine med deg.<br \/>Perfekt som gave til ten\u00e5ringsdatteren.<br \/>St\u00f8rrelse p\u00e5 aluminiumskoffert: 25x9x16cm<\/p>\n","protected":false},"excerpt":{"rendered":"<p>Et sminkesett som inneholder det meste du trenger for en vellykket og variert sminke som er pent pakket inn i en aluminiumskoffert. Sitet inneholder:32 fine shimmer-skygger i jordfarger, 2 blush, 4 leppestifter hvorav den ene er vakkert skimrende, 4 fine neglelakker, 3 kajal-penner og en leppeblyant. I tillegg f\u00e5r du ogs\u00e5 4 forskjellige applikatorer, en [&hellip;]<\/p>\n","protected":false},"featured_media":385182,"comment_status":"open","ping_status":"closed","template":"","meta":{"_trash_the_other_posts":false},"product_brand":[],"product_cat":[664,637],"product_tag":[],"berocket_brand":[1179],"class_list":{"0":"post-385184","1":"product","2":"type-product","3":"status-publish","4":"has-post-thumbnail","6":"product_cat-gave-sminke","7":"product_cat-sminke","8":"pa_brand-zmile-cosmetics","9":"berocket_brand-zmile-cosmetics","11":"first","12":"instock","13":"sale","14":"taxable","15":"shipping-taxable","16":"purchasable","17":"product-type-simple"},"_links":{"self":[{"href":"https:\/\/stylingagenten.com\/no\/wp-json\/wp\/v2\/product\/385184","targetHints":{"allow":["GET"]}}],"collection":[{"href":"https:\/\/stylingagenten.com\/no\/wp-json\/wp\/v2\/product"}],"about":[{"href":"https:\/\/stylingagenten.com\/no\/wp-json\/wp\/v2\/types\/product"}],"replies":[{"embeddable":true,"href":"https:\/\/stylingagenten.com\/no\/wp-json\/wp\/v2\/comments?post=385184"}],"version-history":[{"count":0,"href":"https:\/\/stylingagenten.com\/no\/wp-json\/wp\/v2\/product\/385184\/revisions"}],"wp:featuredmedia":[{"embeddable":true,"href":"https:\/\/stylingagenten.com\/no\/wp-json\/wp\/v2\/media\/385182"}],"wp:attachment":[{"href":"https:\/\/stylingagenten.com\/no\/wp-json\/wp\/v2\/media?parent=385184"}],"wp:term":[{"taxonomy":"product_brand","embeddable":true,"href":"https:\/\/stylingagenten.com\/no\/wp-json\/wp\/v2\/product_brand?post=385184"},{"taxonomy":"product_cat","embeddable":true,"href":"https:\/\/stylingagenten.com\/no\/wp-json\/wp\/v2\/product_cat?post=385184"},{"taxonomy":"product_tag","embeddable":true,"href":"https:\/\/stylingagenten.com\/no\/wp-json\/wp\/v2\/product_tag?post=385184"},{"taxonomy":"berocket_brand","embeddable":true,"href":"https:\/\/stylingagenten.com\/no\/wp-json\/wp\/v2\/berocket_brand?post=385184"}],"curies":[{"name":"wp","href":"https:\/\/api.w.org\/{rel}","templated":true}]}}