{"id":385178,"date":"2025-05-18T21:33:11","date_gmt":"2025-05-18T21:33:11","guid":{"rendered":"https:\/\/staging2.stylingagenten.com\/no\/produkt\/2-pack-paco-rabanne-1-million-invictus-deostick-75ml\/"},"modified":"2026-04-02T17:58:56","modified_gmt":"2026-04-02T17:58:56","slug":"2-pack-paco-rabanne-1-million-invictus-deostick-75ml","status":"publish","type":"product","link":"https:\/\/stylingagenten.com\/no\/produkt\/2-pack-paco-rabanne-1-million-invictus-deostick-75ml\/","title":{"rendered":"2-pack Paco Rabanne 1 Million + Invictus Deostick 75ml"},"content":{"rendered":"<p>Deodorant fester seg i samme gode duft som parfymene.<br \/>Paco Rabanne 1 Million er en luksuri\u00f8s og sensuell duft med noter av peppermynte, mandarin og kanel.<br \/>Duftnoter: mandarin, appelsin, grapefrukt, peppermynte, rose, kanel , krydrede toner, l\u00e6r, patchouli, hvite trenoter og rav.<br \/>Paco Rabanne Invictus er en elegant duft for mannen som er v\u00e5gal, nyskapende og skarp. En duft for mannen som elsker n\u00e5r adrenalinet pumper som er elegant og t\u00f8r \u00e5 sette seg! Parfymen \u00e5pner med s\u00f8te dufter av grapefrukt, laurb\u00e6rblader og marine toner, og g\u00e5r over til et maskulint hjerte av patchouli og treaktige toner. Duften lander deretter mykt og sensuelt i en base av ambra.<\/p>\n<p>Duftnoter: grapefrukt, laurb\u00e6rblad, marine toner, patchouli, treaktige noter og ambra.<\/p>\n","protected":false},"excerpt":{"rendered":"<p>Deodorant fester seg i samme gode duft som parfymene.Paco Rabanne 1 Million er en luksuri\u00f8s og sensuell duft med noter av peppermynte, mandarin og kanel.Duftnoter: mandarin, appelsin, grapefrukt, peppermynte, rose, kanel , krydrede toner, l\u00e6r, patchouli, hvite trenoter og rav.Paco Rabanne Invictus er en elegant duft for mannen som er v\u00e5gal, nyskapende og skarp. En [&hellip;]<\/p>\n","protected":false},"featured_media":385176,"comment_status":"open","ping_status":"closed","template":"","meta":{"_trash_the_other_posts":false},"product_brand":[],"product_cat":[670],"product_tag":[],"berocket_brand":[1048],"class_list":{"0":"post-385178","1":"product","2":"type-product","3":"status-publish","4":"has-post-thumbnail","6":"product_cat-multipakkedeodorant","7":"pa_brand-paco-rabanne","8":"berocket_brand-paco-rabanne","10":"first","11":"instock","12":"sale","13":"taxable","14":"shipping-taxable","15":"purchasable","16":"product-type-simple"},"_links":{"self":[{"href":"https:\/\/stylingagenten.com\/no\/wp-json\/wp\/v2\/product\/385178","targetHints":{"allow":["GET"]}}],"collection":[{"href":"https:\/\/stylingagenten.com\/no\/wp-json\/wp\/v2\/product"}],"about":[{"href":"https:\/\/stylingagenten.com\/no\/wp-json\/wp\/v2\/types\/product"}],"replies":[{"embeddable":true,"href":"https:\/\/stylingagenten.com\/no\/wp-json\/wp\/v2\/comments?post=385178"}],"version-history":[{"count":0,"href":"https:\/\/stylingagenten.com\/no\/wp-json\/wp\/v2\/product\/385178\/revisions"}],"wp:featuredmedia":[{"embeddable":true,"href":"https:\/\/stylingagenten.com\/no\/wp-json\/wp\/v2\/media\/385176"}],"wp:attachment":[{"href":"https:\/\/stylingagenten.com\/no\/wp-json\/wp\/v2\/media?parent=385178"}],"wp:term":[{"taxonomy":"product_brand","embeddable":true,"href":"https:\/\/stylingagenten.com\/no\/wp-json\/wp\/v2\/product_brand?post=385178"},{"taxonomy":"product_cat","embeddable":true,"href":"https:\/\/stylingagenten.com\/no\/wp-json\/wp\/v2\/product_cat?post=385178"},{"taxonomy":"product_tag","embeddable":true,"href":"https:\/\/stylingagenten.com\/no\/wp-json\/wp\/v2\/product_tag?post=385178"},{"taxonomy":"berocket_brand","embeddable":true,"href":"https:\/\/stylingagenten.com\/no\/wp-json\/wp\/v2\/berocket_brand?post=385178"}],"curies":[{"name":"wp","href":"https:\/\/api.w.org\/{rel}","templated":true}]}}