{"id":385171,"date":"2025-05-18T21:33:11","date_gmt":"2025-05-18T21:33:11","guid":{"rendered":"https:\/\/staging2.stylingagenten.com\/no\/produkt\/3-pack-brave-new-hair-reboot-schampoo-conditioner-mask\/"},"modified":"2026-03-11T21:56:16","modified_gmt":"2026-03-11T21:56:16","slug":"3-pack-brave-new-hair-reboot-schampoo-conditioner-mask","status":"publish","type":"product","link":"https:\/\/stylingagenten.com\/no\/produkt\/3-pack-brave-new-hair-reboot-schampoo-conditioner-mask\/","title":{"rendered":"3-pack Brave. New. Hair. Reboot Schampoo + Conditioner + Mask"},"content":{"rendered":"<p>Modig. Ny. H\u00e5r. Reboot<br \/><strong>Reboot Shampoo<\/strong> fra Brave New Hair er en sulfatfri sjampo med reparerende og fuktighetsgivende egenskaper takket v\u00e6re hyaluronsyre, panthenol og BRAVE PLEX-teknologi.<br \/>10 fordeler:<br \/>\u2014 Unik multiplikator for h\u00e5rbinding<br \/>\u2014 Retter ut h\u00e5ret opptil tre ganger<br \/>\u2014 Reduserer skade fra harde kjemiske behandlinger<br \/>\u2014 Gjenoppretter h\u00e5rets indre struktur<br \/>\u2014 Reduserer flisete tupper<br \/>\u2014 Gir glans og mykhet<br \/>\u2014 H\u00e5ret opprettholder to ganger mer fuktighet<br \/>\u2014 Gir tekstur til h\u00e5rfibrene<br \/>\u2014 Antistatisk effekt<br \/>\u2014 \u00d8ker h\u00e5rets h\u00e5ndterbarhet<br \/>Bruk: Masser sjampoen inn i v\u00e5tt h\u00e5r og skyll med vann. Gjenta prosessen og masser inn et skum i h\u00e5ret og hodebunnen, skyll deretter grundig med vann. Regelmessig bruk anbefales for optimale resultater.<\/p>\n<p>Fri for:<br \/>\u2014 Sulfater<br \/>\u2014 Silikoner<br \/>\u2014 Tilsatt salt<br \/>\u2014 Ingredienser av animalsk opprinnelse<br \/>\u2014 Petrolatum<\/p>\n<p><strong>Modig. Ny. H\u00e5r. Reboot Conditioner 250ml<\/strong><br \/>Reboot Conditioner fra Brave New Hair er en lett h\u00e5rbalsam med reparerende og fuktighetsgivende egenskaper takket v\u00e6re hyaluronsyre, panthenol og BRAVE PLEX-teknologi.<br \/>10 fordeler:<br \/>\u2014 Unik h\u00e5rbinding multiplikator<br \/> \u2014 Retter ut h\u00e5ret opptil tre ganger<br \/>\u2014 Gjenoppretter h\u00e5rets indre struktur<br \/>\u2014 Reduserer flisete tupper<br \/>\u2014 Gir glans og mykhet<br \/>\u2014 Dyp kondisjonering<br \/>\u2014 Tilf\u00f8rer tekstur til h\u00e5rfibre<br \/>\u2014 Antistatisk effekt<br \/>\u2014 Reduserer skade fra t\u00f8ffe kjemiske behandlinger<br \/>\u2014 \u00d8ker h\u00e5rets h\u00e5ndterbarhet<br \/>Bruk: Etter sjamponering med Reboot-sjampoen i samme serie, p\u00e5f\u00f8r en sjener\u00f8s mengde h\u00e5rbalsam. F\u00f8r balsamen forsiktig gjennom h\u00e5ret, og pass p\u00e5 at den dekker helt til tuppene. Vent tre minutter, og skyll deretter grundig med vann.<\/p>\n<p>Fri for:<br \/>sulfater<br \/>silikoner<br \/>Tilsatt salt<br \/>Ingredienser av animalsk opprinnelse<br \/>petrolatum<\/p>\n<p><strong>Reboot Mask Concentrate <\/strong>fra Brave New Hair er en h\u00e5rmaske med reparerende og fuktighetsgivende egenskaper takket v\u00e6re hyaluronsyre, panthenol og BRAVE PLEX-teknologi.<br \/>10 fordeler:<br \/>\u2014 Unik h\u00e5rbindingsmultiplikator<br \/> \u2014 Retter ut h\u00e5ret opptil tre ganger<br \/>\u2014 Gjenoppretter h\u00e5rets indre struktur<br \/>\u2014 Reduserer flisete tupper<br \/>\u2014 Gir glans og mykhet<br \/>\u2014 Dyp kondisjonering<br \/>\u2014 Gir tekstur til h\u00e5ret fibre<br \/>\u2014 Antistatisk effekt<br \/>\u2014 Reduserer skader fra harde kjemiske behandlinger<br \/>\u2014 \u00d8ker h\u00e5rets h\u00e5ndterbarhet<br \/>Bruk: Bruk h\u00e5rmasken etter Reboot-sjampoen i samme serie. La virke i fem minutter og skyll grundig med vann.<\/p>\n<p>Fri for:<br \/>sulfater<br \/>silikoner<br \/>tilsatt salt<br \/>Ingredienser av animalsk opprinnelse<br \/>petrolatum<\/p>\n","protected":false},"excerpt":{"rendered":"<p>Modig. Ny. H\u00e5r. RebootReboot Shampoo fra Brave New Hair er en sulfatfri sjampo med reparerende og fuktighetsgivende egenskaper takket v\u00e6re hyaluronsyre, panthenol og BRAVE PLEX-teknologi.10 fordeler:\u2014 Unik multiplikator for h\u00e5rbinding\u2014 Retter ut h\u00e5ret opptil tre ganger\u2014 Reduserer skade fra harde kjemiske behandlinger\u2014 Gjenoppretter h\u00e5rets indre struktur\u2014 Reduserer flisete tupper\u2014 Gir glans og mykhet\u2014 H\u00e5ret opprettholder [&hellip;]<\/p>\n","protected":false},"featured_media":385169,"comment_status":"open","ping_status":"closed","template":"","meta":{"_trash_the_other_posts":false},"product_brand":[],"product_cat":[672],"product_tag":[],"berocket_brand":[1211],"class_list":{"0":"post-385171","1":"product","2":"type-product","3":"status-publish","4":"has-post-thumbnail","6":"product_cat-multipakke-har","7":"pa_brand-brave-new-hair","8":"berocket_brand-brave-new-hair","10":"first","11":"instock","12":"sale","13":"taxable","14":"shipping-taxable","15":"purchasable","16":"product-type-simple"},"_links":{"self":[{"href":"https:\/\/stylingagenten.com\/no\/wp-json\/wp\/v2\/product\/385171","targetHints":{"allow":["GET"]}}],"collection":[{"href":"https:\/\/stylingagenten.com\/no\/wp-json\/wp\/v2\/product"}],"about":[{"href":"https:\/\/stylingagenten.com\/no\/wp-json\/wp\/v2\/types\/product"}],"replies":[{"embeddable":true,"href":"https:\/\/stylingagenten.com\/no\/wp-json\/wp\/v2\/comments?post=385171"}],"version-history":[{"count":0,"href":"https:\/\/stylingagenten.com\/no\/wp-json\/wp\/v2\/product\/385171\/revisions"}],"wp:featuredmedia":[{"embeddable":true,"href":"https:\/\/stylingagenten.com\/no\/wp-json\/wp\/v2\/media\/385169"}],"wp:attachment":[{"href":"https:\/\/stylingagenten.com\/no\/wp-json\/wp\/v2\/media?parent=385171"}],"wp:term":[{"taxonomy":"product_brand","embeddable":true,"href":"https:\/\/stylingagenten.com\/no\/wp-json\/wp\/v2\/product_brand?post=385171"},{"taxonomy":"product_cat","embeddable":true,"href":"https:\/\/stylingagenten.com\/no\/wp-json\/wp\/v2\/product_cat?post=385171"},{"taxonomy":"product_tag","embeddable":true,"href":"https:\/\/stylingagenten.com\/no\/wp-json\/wp\/v2\/product_tag?post=385171"},{"taxonomy":"berocket_brand","embeddable":true,"href":"https:\/\/stylingagenten.com\/no\/wp-json\/wp\/v2\/berocket_brand?post=385171"}],"curies":[{"name":"wp","href":"https:\/\/api.w.org\/{rel}","templated":true}]}}