{"id":385143,"date":"2025-05-18T21:33:06","date_gmt":"2025-05-18T21:33:06","guid":{"rendered":"https:\/\/staging2.stylingagenten.com\/no\/produkt\/3-pack-brave-new-hair-color-schampoo-conditioner-mask\/"},"modified":"2026-04-14T13:48:31","modified_gmt":"2026-04-14T13:48:31","slug":"3-pack-brave-new-hair-color-schampoo-conditioner-mask","status":"publish","type":"product","link":"https:\/\/stylingagenten.com\/no\/produkt\/3-pack-brave-new-hair-color-schampoo-conditioner-mask\/","title":{"rendered":"3-pack Brave. New. Hair. Color Schampoo + Conditioner + Mask"},"content":{"rendered":"<p><strong>Color Shampoo<\/strong> fra Brave New Hair er en sulfatfri sjampo som bevarer h\u00e5rfargen og gir glans ved hjelp av quinoa, UV-filtre og fruktsyrer.<br \/>10 fordeler:<br \/>\u2014 Vedlikeholder fargen og nyansen i h\u00e5ret<br \/>\u2014 Forbedrer h\u00e5rets klarhet og glans p\u00e5 grunn av en anti-kalkeffekt<br \/>\u2014 Beskytter mot milj\u00f8forurensning<br \/>\u2014 Forenkler stylingen<br \/>\u2014 Forbedrer h\u00e5rstrukturen<br \/>\u2014 Antistatisk effekt <br \/>\u2014 Forbedrer h\u00e5rets utseende og fremhever glansen i h\u00e5ret<br \/>\u2014 \u00d8ker absorpsjonen av pigment i h\u00e5ret etter omfarging<br \/>\u2014 Enda bedre fargebevaring etter omfarging<\/p>\n<p>Bruk: Masser sjampoen inn i v\u00e5tt h\u00e5r og skyll med vann. Gjenta prosessen og masser h\u00e5ret og hodebunnen til det skummer godt, skyll deretter grundig med vann. Regelmessig bruk anbefales for optimale resultater.<\/p>\n<p>Fri for:<br \/>sulfater<br \/>silikoner<br \/>tilsatt salt<br \/>Ingredienser av animalsk opprinnelse<br \/>petrolatum<\/p>\n<p><strong> Color Conditioner<\/strong> fra Brave New Hair er en h\u00e5rbalsam for fargebevaring og glans med quinoa, UV-filter, fruktsyrer og valn\u00f8ttekstrakt.<br \/>10 fordeler:<br \/>\u2014 Bevarer fargen og nyansen til h\u00e5ret ditt<br \/>\u2014 Forbedrer h\u00e5rets lyshet p\u00e5 grunn av en anti-kalkbeleggeffekt<br \/>\u2014 Beskytter mot milj\u00f8forurensning<br \/>\u2014 Gir langsiktig beskyttelse mot frie radikaler<br \/>\u2014 Lettere styling<br \/>\u2014 Forbedrer h\u00e5rets utseende og fremhever h\u00e5rglans<br \/>\u2014 \u00d8ker absorpsjon av pigmenter i h\u00e5ret etter omfarging<\/p>\n<p>Bruk: Etter sjamponering med den fargebevarende sjampoen i samme serie, p\u00e5f\u00f8r en sjener\u00f8s mengde h\u00e5rbalsam. F\u00f8r balsamen forsiktig gjennom h\u00e5ret, og pass p\u00e5 at den dekker helt til tuppene. Vent tre minutter, og skyll deretter grundig.<\/p>\n<p>Fri for:<br \/>sulfater<br \/>silikoner<br \/>tilsatt salt<br \/>Ingredienser av animalsk opprinnelse<br \/>petrolatum<\/p>\n<p><strong> Color Mask Concentrate<\/strong> fra Brave New Hair er en h\u00e5rmaske som gir fargebevaring og glans med quinoa, UV-filtre, fruktsyrer og valn\u00f8ttekstrakt.<br \/>10 fordeler:<br \/>\u2014 Bevarer fargen og nyansen til din h\u00e5r<br \/>\u2014 Forbedrer h\u00e5rets klarhet og glans p\u00e5 grunn av en anti-kalsifiseringseffekt<br \/>\u2014 Beskytter mot milj\u00f8forurensning<br \/>\u2014 Gir langsiktig beskyttelse mot frie radikaler<br \/>\u2014 Lettere styling<br \/>\u2014 Forbedrer h\u00e5rets utseende og fremhever h\u00e5rets glans<br \/>\u2014 \u00d8ker absorpsjonen av pigment i h\u00e5ret etter omfarging<\/p>\n<p>Bruk: Bruk h\u00e5rmasken etter den fargebevarende sjampoen i samme serie. La virke i fem minutter og skyll grundig med vann.<\/p>\n<p>Fri for:<br \/>sulfater<br \/>silikoner<br \/>tilsatt salt<br \/>Ingredienser av animalsk opprinnelse<br \/>petrolatum<\/p>\n","protected":false},"excerpt":{"rendered":"<p>Color Shampoo fra Brave New Hair er en sulfatfri sjampo som bevarer h\u00e5rfargen og gir glans ved hjelp av quinoa, UV-filtre og fruktsyrer.10 fordeler:\u2014 Vedlikeholder fargen og nyansen i h\u00e5ret\u2014 Forbedrer h\u00e5rets klarhet og glans p\u00e5 grunn av en anti-kalkeffekt\u2014 Beskytter mot milj\u00f8forurensning\u2014 Forenkler stylingen\u2014 Forbedrer h\u00e5rstrukturen\u2014 Antistatisk effekt \u2014 Forbedrer h\u00e5rets utseende og fremhever [&hellip;]<\/p>\n","protected":false},"featured_media":385142,"comment_status":"open","ping_status":"closed","template":"","meta":{"_trash_the_other_posts":false},"product_brand":[],"product_cat":[672],"product_tag":[],"berocket_brand":[1211],"class_list":{"0":"post-385143","1":"product","2":"type-product","3":"status-publish","4":"has-post-thumbnail","6":"product_cat-multipakke-har","7":"pa_brand-brave-new-hair","8":"berocket_brand-brave-new-hair","10":"first","11":"instock","12":"sale","13":"taxable","14":"shipping-taxable","15":"purchasable","16":"product-type-simple"},"_links":{"self":[{"href":"https:\/\/stylingagenten.com\/no\/wp-json\/wp\/v2\/product\/385143","targetHints":{"allow":["GET"]}}],"collection":[{"href":"https:\/\/stylingagenten.com\/no\/wp-json\/wp\/v2\/product"}],"about":[{"href":"https:\/\/stylingagenten.com\/no\/wp-json\/wp\/v2\/types\/product"}],"replies":[{"embeddable":true,"href":"https:\/\/stylingagenten.com\/no\/wp-json\/wp\/v2\/comments?post=385143"}],"version-history":[{"count":0,"href":"https:\/\/stylingagenten.com\/no\/wp-json\/wp\/v2\/product\/385143\/revisions"}],"wp:featuredmedia":[{"embeddable":true,"href":"https:\/\/stylingagenten.com\/no\/wp-json\/wp\/v2\/media\/385142"}],"wp:attachment":[{"href":"https:\/\/stylingagenten.com\/no\/wp-json\/wp\/v2\/media?parent=385143"}],"wp:term":[{"taxonomy":"product_brand","embeddable":true,"href":"https:\/\/stylingagenten.com\/no\/wp-json\/wp\/v2\/product_brand?post=385143"},{"taxonomy":"product_cat","embeddable":true,"href":"https:\/\/stylingagenten.com\/no\/wp-json\/wp\/v2\/product_cat?post=385143"},{"taxonomy":"product_tag","embeddable":true,"href":"https:\/\/stylingagenten.com\/no\/wp-json\/wp\/v2\/product_tag?post=385143"},{"taxonomy":"berocket_brand","embeddable":true,"href":"https:\/\/stylingagenten.com\/no\/wp-json\/wp\/v2\/berocket_brand?post=385143"}],"curies":[{"name":"wp","href":"https:\/\/api.w.org\/{rel}","templated":true}]}}