{"id":385137,"date":"2025-05-18T21:33:04","date_gmt":"2025-05-18T21:33:04","guid":{"rendered":"https:\/\/staging2.stylingagenten.com\/no\/produkt\/2-pack-headtoy-spray-conditioner-175ml\/"},"modified":"2026-04-09T16:28:30","modified_gmt":"2026-04-09T16:28:30","slug":"2-pack-headtoy-spray-conditioner-175ml","status":"publish","type":"product","link":"https:\/\/stylingagenten.com\/no\/produkt\/2-pack-headtoy-spray-conditioner-175ml\/","title":{"rendered":"2-pack Headtoy Spray Conditioner 175ml"},"content":{"rendered":"<p>Styrkende leave-in spray. Mykgj\u00f8r og polerer skadet og t\u00f8rt h\u00e5r. H\u00e5ret er gjenopplivet og lett \u00e5 l\u00f8se opp. Inneholder gojib\u00e6r og vegetabilske proteiner som gir h\u00e5ret maksimal kraft og er fargebevarende.<\/p>\n<p>Veibeskrivelse: Spray i v\u00e5tt eller t\u00f8rt h\u00e5r, gre gjennom. Ikke skyll.<\/p>\n","protected":false},"excerpt":{"rendered":"<p>Styrkende leave-in spray. Mykgj\u00f8r og polerer skadet og t\u00f8rt h\u00e5r. H\u00e5ret er gjenopplivet og lett \u00e5 l\u00f8se opp. Inneholder gojib\u00e6r og vegetabilske proteiner som gir h\u00e5ret maksimal kraft og er fargebevarende. Veibeskrivelse: Spray i v\u00e5tt eller t\u00f8rt h\u00e5r, gre gjennom. Ikke skyll.<\/p>\n","protected":false},"featured_media":385134,"comment_status":"open","ping_status":"closed","template":"","meta":{"_trash_the_other_posts":false},"product_brand":[],"product_cat":[672],"product_tag":[],"berocket_brand":[1335],"class_list":{"0":"post-385137","1":"product","2":"type-product","3":"status-publish","4":"has-post-thumbnail","6":"product_cat-multipakke-har","7":"pa_brand-headtoy","8":"berocket_brand-headtoy","10":"first","11":"instock","12":"sale","13":"taxable","14":"shipping-taxable","15":"purchasable","16":"product-type-simple"},"_links":{"self":[{"href":"https:\/\/stylingagenten.com\/no\/wp-json\/wp\/v2\/product\/385137","targetHints":{"allow":["GET"]}}],"collection":[{"href":"https:\/\/stylingagenten.com\/no\/wp-json\/wp\/v2\/product"}],"about":[{"href":"https:\/\/stylingagenten.com\/no\/wp-json\/wp\/v2\/types\/product"}],"replies":[{"embeddable":true,"href":"https:\/\/stylingagenten.com\/no\/wp-json\/wp\/v2\/comments?post=385137"}],"version-history":[{"count":0,"href":"https:\/\/stylingagenten.com\/no\/wp-json\/wp\/v2\/product\/385137\/revisions"}],"wp:featuredmedia":[{"embeddable":true,"href":"https:\/\/stylingagenten.com\/no\/wp-json\/wp\/v2\/media\/385134"}],"wp:attachment":[{"href":"https:\/\/stylingagenten.com\/no\/wp-json\/wp\/v2\/media?parent=385137"}],"wp:term":[{"taxonomy":"product_brand","embeddable":true,"href":"https:\/\/stylingagenten.com\/no\/wp-json\/wp\/v2\/product_brand?post=385137"},{"taxonomy":"product_cat","embeddable":true,"href":"https:\/\/stylingagenten.com\/no\/wp-json\/wp\/v2\/product_cat?post=385137"},{"taxonomy":"product_tag","embeddable":true,"href":"https:\/\/stylingagenten.com\/no\/wp-json\/wp\/v2\/product_tag?post=385137"},{"taxonomy":"berocket_brand","embeddable":true,"href":"https:\/\/stylingagenten.com\/no\/wp-json\/wp\/v2\/berocket_brand?post=385137"}],"curies":[{"name":"wp","href":"https:\/\/api.w.org\/{rel}","templated":true}]}}