{"id":385136,"date":"2025-05-18T21:33:04","date_gmt":"2025-05-18T21:33:04","guid":{"rendered":"https:\/\/staging2.stylingagenten.com\/no\/produkt\/paul-mitchell-cleanse-protect-duo\/"},"modified":"2026-04-08T15:25:47","modified_gmt":"2026-04-08T15:25:47","slug":"paul-mitchell-cleanse-protect-duo","status":"publish","type":"product","link":"https:\/\/stylingagenten.com\/no\/produkt\/paul-mitchell-cleanse-protect-duo\/","title":{"rendered":"Paul Mitchell Cleanse &amp; Protect Duo"},"content":{"rendered":"<p>FOR FARGET H\u00c5R<br \/>Dette er en stor sak! Lagre opp og spar p\u00e5 Paul Mitchell-produkter som renser og beskytter fargebehandlet h\u00e5r.<br \/>Sett med begrenset opplag inkluderer:<br \/>Shampoo One 1000 ml: Original daglig sjampo renser sk\u00e5nsomt alle h\u00e5rtyper og etterlater h\u00e5ret friskt med en frisk tropisk duft.<br \/>Color Protect Treatment 150 ml: Intensiv h\u00e5rmaske for fargebehandlet h\u00e5r bidrar til \u00e5 beskytte mot solskader og forhindrer at h\u00e5rfargen falmer med en forfriskende, energisk duft.<\/p>\n","protected":false},"excerpt":{"rendered":"<p>FOR FARGET H\u00c5RDette er en stor sak! Lagre opp og spar p\u00e5 Paul Mitchell-produkter som renser og beskytter fargebehandlet h\u00e5r.Sett med begrenset opplag inkluderer:Shampoo One 1000 ml: Original daglig sjampo renser sk\u00e5nsomt alle h\u00e5rtyper og etterlater h\u00e5ret friskt med en frisk tropisk duft.Color Protect Treatment 150 ml: Intensiv h\u00e5rmaske for fargebehandlet h\u00e5r bidrar til \u00e5 [&hellip;]<\/p>\n","protected":false},"featured_media":385132,"comment_status":"open","ping_status":"closed","template":"","meta":{"_trash_the_other_posts":false},"product_brand":[],"product_cat":[667,563],"product_tag":[],"berocket_brand":[1053],"class_list":{"0":"post-385136","1":"product","2":"type-product","3":"status-publish","4":"has-post-thumbnail","6":"product_cat-gave-harpleie","7":"product_cat-sjampo","8":"pa_brand-paul-mitchell","9":"berocket_brand-paul-mitchell","11":"first","12":"instock","13":"sale","14":"taxable","15":"shipping-taxable","16":"purchasable","17":"product-type-simple"},"_links":{"self":[{"href":"https:\/\/stylingagenten.com\/no\/wp-json\/wp\/v2\/product\/385136","targetHints":{"allow":["GET"]}}],"collection":[{"href":"https:\/\/stylingagenten.com\/no\/wp-json\/wp\/v2\/product"}],"about":[{"href":"https:\/\/stylingagenten.com\/no\/wp-json\/wp\/v2\/types\/product"}],"replies":[{"embeddable":true,"href":"https:\/\/stylingagenten.com\/no\/wp-json\/wp\/v2\/comments?post=385136"}],"version-history":[{"count":0,"href":"https:\/\/stylingagenten.com\/no\/wp-json\/wp\/v2\/product\/385136\/revisions"}],"wp:featuredmedia":[{"embeddable":true,"href":"https:\/\/stylingagenten.com\/no\/wp-json\/wp\/v2\/media\/385132"}],"wp:attachment":[{"href":"https:\/\/stylingagenten.com\/no\/wp-json\/wp\/v2\/media?parent=385136"}],"wp:term":[{"taxonomy":"product_brand","embeddable":true,"href":"https:\/\/stylingagenten.com\/no\/wp-json\/wp\/v2\/product_brand?post=385136"},{"taxonomy":"product_cat","embeddable":true,"href":"https:\/\/stylingagenten.com\/no\/wp-json\/wp\/v2\/product_cat?post=385136"},{"taxonomy":"product_tag","embeddable":true,"href":"https:\/\/stylingagenten.com\/no\/wp-json\/wp\/v2\/product_tag?post=385136"},{"taxonomy":"berocket_brand","embeddable":true,"href":"https:\/\/stylingagenten.com\/no\/wp-json\/wp\/v2\/berocket_brand?post=385136"}],"curies":[{"name":"wp","href":"https:\/\/api.w.org\/{rel}","templated":true}]}}